{"id":7767,"date":"2025-10-15T10:37:44","date_gmt":"2025-10-15T10:37:44","guid":{"rendered":"https:\/\/todoencama.com\/?post_type=product&#038;p=7767"},"modified":"2025-10-15T10:43:47","modified_gmt":"2025-10-15T10:43:47","slug":"almohada-visco-baby","status":"publish","type":"product","link":"https:\/\/todoencama.com\/en\/product\/almohada-visco-baby\/","title":{"rendered":"Almohada Visco Baby"},"content":{"rendered":"","protected":false},"excerpt":{"rendered":"<p>La almohada visco baby est\u00e1 dise\u00f1ada para que su beb\u00e9 tenga un soporte correcto de su cabeza durante su descanso. Fabricada con material viscoel\u00e1stico perforado, para una mayor aireaci\u00f3n. Recomendamos no utilizar almohadas en los primeros meses de vida del beb\u00e9.<\/p>\n<p><strong>Composici\u00f3n<\/strong><\/p>\n<ul>\n<li>Tiene 4 cm de altura, ya que los beb\u00e9s no requieren m\u00e1s altura para dormir.<\/li>\n<li>De 48 cm de largo y 26 cm de ancho.<\/li>\n<li>Viene con una funda interior para su protecci\u00f3n y con una s\u00e1bana exterior fabricado con algod\u00f3n 100%.<\/li>\n<\/ul>","protected":false},"featured_media":7773,"comment_status":"open","ping_status":"closed","template":"","meta":[],"product_brand":[],"product_cat":[29,155],"product_tag":[],"class_list":{"0":"post-7767","1":"product","2":"type-product","3":"status-publish","4":"has-post-thumbnail","6":"product_cat-almohadas","7":"product_cat-viscoelasticas","8":"product_shipping_class-volumen","10":"first","11":"instock","12":"taxable","13":"shipping-taxable","14":"purchasable","15":"product-type-variable"},"yoast_head":"<!-- This site is optimized with the Yoast SEO plugin v26.1.1 - https:\/\/yoast.com\/wordpress\/plugins\/seo\/ -->\n<title>Almohada Visco Baby - Todo en Cama | Venta Online de colchones, somieres y canap\u00e8s<\/title>\n<meta name=\"robots\" content=\"index, follow, max-snippet:-1, max-image-preview:large, max-video-preview:-1\" \/>\n<link rel=\"canonical\" href=\"https:\/\/todoencama.com\/en\/product\/almohada-visco-baby\/\" \/>\n<meta property=\"og:locale\" content=\"en_GB\" \/>\n<meta property=\"og:type\" content=\"article\" \/>\n<meta property=\"og:title\" content=\"Almohada Visco Baby - Todo en Cama | Venta Online de colchones, somieres y canap\u00e8s\" \/>\n<meta property=\"og:description\" content=\"La almohada visco baby est\u00e1 dise\u00f1ada para que su beb\u00e9 tenga un soporte correcto de su cabeza durante su descanso. Fabricada con material viscoel\u00e1stico perforado, para una mayor aireaci\u00f3n. Recomendamos no utilizar almohadas en los primeros meses de vida del beb\u00e9.  Composici\u00f3n   Tiene 4 cm de altura, ya que los beb\u00e9s no requieren m\u00e1s altura para dormir.  De 48 cm de largo y 26 cm de ancho.  Viene con una funda interior para su protecci\u00f3n y con una s\u00e1bana exterior fabricado con algod\u00f3n 100%.\" \/>\n<meta property=\"og:url\" content=\"https:\/\/todoencama.com\/en\/product\/almohada-visco-baby\/\" \/>\n<meta property=\"og:site_name\" content=\"Todo en Cama | Venta Online de colchones, somieres y canap\u00e8s\" \/>\n<meta property=\"article:modified_time\" content=\"2025-10-15T10:43:47+00:00\" \/>\n<meta property=\"og:image\" content=\"https:\/\/todoencama.com\/wp-content\/uploads\/2025\/10\/almohada-cuna-visco-mlily-tienda-especializada-en-colchones-canapes-somieres-y-todo-tipo-de-complementos-para-el-descanso-canape-brisa-valencia-600x600-1.jpg\" \/>\n\t<meta property=\"og:image:width\" content=\"600\" \/>\n\t<meta property=\"og:image:height\" content=\"600\" \/>\n\t<meta property=\"og:image:type\" content=\"image\/jpeg\" \/>\n<meta name=\"twitter:card\" content=\"summary_large_image\" \/>\n<meta name=\"twitter:label1\" content=\"Estimated reading time\" \/>\n\t<meta name=\"twitter:data1\" content=\"1 minute\" \/>\n<script type=\"application\/ld+json\" class=\"yoast-schema-graph\">{\"@context\":\"https:\/\/schema.org\",\"@graph\":[{\"@type\":\"WebPage\",\"@id\":\"https:\/\/todoencama.com\/producto\/almohada-visco-baby\/\",\"url\":\"https:\/\/todoencama.com\/producto\/almohada-visco-baby\/\",\"name\":\"Almohada Visco Baby - Todo en Cama | Venta Online de colchones, somieres y canap\u00e8s\",\"isPartOf\":{\"@id\":\"https:\/\/todoencama.com\/#website\"},\"primaryImageOfPage\":{\"@id\":\"https:\/\/todoencama.com\/producto\/almohada-visco-baby\/#primaryimage\"},\"image\":{\"@id\":\"https:\/\/todoencama.com\/producto\/almohada-visco-baby\/#primaryimage\"},\"thumbnailUrl\":\"https:\/\/todoencama.com\/wp-content\/uploads\/2025\/10\/almohada-cuna-visco-mlily-tienda-especializada-en-colchones-canapes-somieres-y-todo-tipo-de-complementos-para-el-descanso-canape-brisa-valencia-600x600-1.jpg\",\"datePublished\":\"2025-10-15T10:37:44+00:00\",\"dateModified\":\"2025-10-15T10:43:47+00:00\",\"breadcrumb\":{\"@id\":\"https:\/\/todoencama.com\/producto\/almohada-visco-baby\/#breadcrumb\"},\"inLanguage\":\"en-GB\",\"potentialAction\":[{\"@type\":\"ReadAction\",\"target\":[\"https:\/\/todoencama.com\/producto\/almohada-visco-baby\/\"]}]},{\"@type\":\"ImageObject\",\"inLanguage\":\"en-GB\",\"@id\":\"https:\/\/todoencama.com\/producto\/almohada-visco-baby\/#primaryimage\",\"url\":\"https:\/\/todoencama.com\/wp-content\/uploads\/2025\/10\/almohada-cuna-visco-mlily-tienda-especializada-en-colchones-canapes-somieres-y-todo-tipo-de-complementos-para-el-descanso-canape-brisa-valencia-600x600-1.jpg\",\"contentUrl\":\"https:\/\/todoencama.com\/wp-content\/uploads\/2025\/10\/almohada-cuna-visco-mlily-tienda-especializada-en-colchones-canapes-somieres-y-todo-tipo-de-complementos-para-el-descanso-canape-brisa-valencia-600x600-1.jpg\",\"width\":600,\"height\":600},{\"@type\":\"BreadcrumbList\",\"@id\":\"https:\/\/todoencama.com\/producto\/almohada-visco-baby\/#breadcrumb\",\"itemListElement\":[{\"@type\":\"ListItem\",\"position\":1,\"name\":\"Portada\",\"item\":\"https:\/\/todoencama.com\/\"},{\"@type\":\"ListItem\",\"position\":2,\"name\":\"Tienda\",\"item\":\"https:\/\/todoencama.com\/tienda\/\"},{\"@type\":\"ListItem\",\"position\":3,\"name\":\"Almohada Visco Baby\"}]},{\"@type\":\"WebSite\",\"@id\":\"https:\/\/todoencama.com\/#website\",\"url\":\"https:\/\/todoencama.com\/\",\"name\":\"Todo en Cama | Venta Online de colchones, somieres y canap\u00e8s\",\"description\":\"Tienda de colchones de l\u00e1tex y viscoel\u00e1sticos, almohadas, somieres, bases tapizadas\",\"potentialAction\":[{\"@type\":\"SearchAction\",\"target\":{\"@type\":\"EntryPoint\",\"urlTemplate\":\"https:\/\/todoencama.com\/?s={search_term_string}\"},\"query-input\":{\"@type\":\"PropertyValueSpecification\",\"valueRequired\":true,\"valueName\":\"search_term_string\"}}],\"inLanguage\":\"en-GB\"}]}<\/script>\n<!-- \/ Yoast SEO plugin. -->","yoast_head_json":{"title":"Almohada Visco Baby - Todo en Cama | Venta Online de colchones, somieres y canap\u00e8s","robots":{"index":"index","follow":"follow","max-snippet":"max-snippet:-1","max-image-preview":"max-image-preview:large","max-video-preview":"max-video-preview:-1"},"canonical":"https:\/\/todoencama.com\/en\/product\/almohada-visco-baby\/","og_locale":"en_GB","og_type":"article","og_title":"Almohada Visco Baby - Todo en Cama | Venta Online de colchones, somieres y canap\u00e8s","og_description":"La almohada visco baby est\u00e1 dise\u00f1ada para que su beb\u00e9 tenga un soporte correcto de su cabeza durante su descanso. Fabricada con material viscoel\u00e1stico perforado, para una mayor aireaci\u00f3n. Recomendamos no utilizar almohadas en los primeros meses de vida del beb\u00e9.  Composici\u00f3n   Tiene 4 cm de altura, ya que los beb\u00e9s no requieren m\u00e1s altura para dormir.  De 48 cm de largo y 26 cm de ancho.  Viene con una funda interior para su protecci\u00f3n y con una s\u00e1bana exterior fabricado con algod\u00f3n 100%.","og_url":"https:\/\/todoencama.com\/en\/product\/almohada-visco-baby\/","og_site_name":"Todo en Cama | Venta Online de colchones, somieres y canap\u00e8s","article_modified_time":"2025-10-15T10:43:47+00:00","og_image":[{"width":600,"height":600,"url":"https:\/\/todoencama.com\/wp-content\/uploads\/2025\/10\/almohada-cuna-visco-mlily-tienda-especializada-en-colchones-canapes-somieres-y-todo-tipo-de-complementos-para-el-descanso-canape-brisa-valencia-600x600-1.jpg","type":"image\/jpeg"}],"twitter_card":"summary_large_image","twitter_misc":{"Estimated reading time":"1 minute"},"schema":{"@context":"https:\/\/schema.org","@graph":[{"@type":"WebPage","@id":"https:\/\/todoencama.com\/producto\/almohada-visco-baby\/","url":"https:\/\/todoencama.com\/producto\/almohada-visco-baby\/","name":"Almohada Visco Baby - Todo en Cama | Venta Online de colchones, somieres y canap\u00e8s","isPartOf":{"@id":"https:\/\/todoencama.com\/#website"},"primaryImageOfPage":{"@id":"https:\/\/todoencama.com\/producto\/almohada-visco-baby\/#primaryimage"},"image":{"@id":"https:\/\/todoencama.com\/producto\/almohada-visco-baby\/#primaryimage"},"thumbnailUrl":"https:\/\/todoencama.com\/wp-content\/uploads\/2025\/10\/almohada-cuna-visco-mlily-tienda-especializada-en-colchones-canapes-somieres-y-todo-tipo-de-complementos-para-el-descanso-canape-brisa-valencia-600x600-1.jpg","datePublished":"2025-10-15T10:37:44+00:00","dateModified":"2025-10-15T10:43:47+00:00","breadcrumb":{"@id":"https:\/\/todoencama.com\/producto\/almohada-visco-baby\/#breadcrumb"},"inLanguage":"en-GB","potentialAction":[{"@type":"ReadAction","target":["https:\/\/todoencama.com\/producto\/almohada-visco-baby\/"]}]},{"@type":"ImageObject","inLanguage":"en-GB","@id":"https:\/\/todoencama.com\/producto\/almohada-visco-baby\/#primaryimage","url":"https:\/\/todoencama.com\/wp-content\/uploads\/2025\/10\/almohada-cuna-visco-mlily-tienda-especializada-en-colchones-canapes-somieres-y-todo-tipo-de-complementos-para-el-descanso-canape-brisa-valencia-600x600-1.jpg","contentUrl":"https:\/\/todoencama.com\/wp-content\/uploads\/2025\/10\/almohada-cuna-visco-mlily-tienda-especializada-en-colchones-canapes-somieres-y-todo-tipo-de-complementos-para-el-descanso-canape-brisa-valencia-600x600-1.jpg","width":600,"height":600},{"@type":"BreadcrumbList","@id":"https:\/\/todoencama.com\/producto\/almohada-visco-baby\/#breadcrumb","itemListElement":[{"@type":"ListItem","position":1,"name":"Portada","item":"https:\/\/todoencama.com\/"},{"@type":"ListItem","position":2,"name":"Tienda","item":"https:\/\/todoencama.com\/tienda\/"},{"@type":"ListItem","position":3,"name":"Almohada Visco Baby"}]},{"@type":"WebSite","@id":"https:\/\/todoencama.com\/#website","url":"https:\/\/todoencama.com\/","name":"Todo en Cama | Venta Online de colchones, somieres y canap\u00e8s","description":"Tienda de colchones de l\u00e1tex y viscoel\u00e1sticos, almohadas, somieres, bases tapizadas","potentialAction":[{"@type":"SearchAction","target":{"@type":"EntryPoint","urlTemplate":"https:\/\/todoencama.com\/?s={search_term_string}"},"query-input":{"@type":"PropertyValueSpecification","valueRequired":true,"valueName":"search_term_string"}}],"inLanguage":"en-GB"}]}},"_links":{"self":[{"href":"https:\/\/todoencama.com\/en\/wp-json\/wp\/v2\/product\/7767","targetHints":{"allow":["GET"]}}],"collection":[{"href":"https:\/\/todoencama.com\/en\/wp-json\/wp\/v2\/product"}],"about":[{"href":"https:\/\/todoencama.com\/en\/wp-json\/wp\/v2\/types\/product"}],"replies":[{"embeddable":true,"href":"https:\/\/todoencama.com\/en\/wp-json\/wp\/v2\/comments?post=7767"}],"wp:featuredmedia":[{"embeddable":true,"href":"https:\/\/todoencama.com\/en\/wp-json\/wp\/v2\/media\/7773"}],"wp:attachment":[{"href":"https:\/\/todoencama.com\/en\/wp-json\/wp\/v2\/media?parent=7767"}],"wp:term":[{"taxonomy":"product_brand","embeddable":true,"href":"https:\/\/todoencama.com\/en\/wp-json\/wp\/v2\/product_brand?post=7767"},{"taxonomy":"product_cat","embeddable":true,"href":"https:\/\/todoencama.com\/en\/wp-json\/wp\/v2\/product_cat?post=7767"},{"taxonomy":"product_tag","embeddable":true,"href":"https:\/\/todoencama.com\/en\/wp-json\/wp\/v2\/product_tag?post=7767"}],"curies":[{"name":"wp","href":"https:\/\/api.w.org\/{rel}","templated":true}]}}