{"id":7746,"date":"2025-10-15T10:29:23","date_gmt":"2025-10-15T10:29:23","guid":{"rendered":"https:\/\/todoencama.com\/?post_type=product&#038;p=7746"},"modified":"2025-10-15T10:31:30","modified_gmt":"2025-10-15T10:31:30","slug":"almohada-latex","status":"publish","type":"product","link":"https:\/\/todoencama.com\/en\/product\/almohada-latex\/","title":{"rendered":"Almohada L\u00e1tex"},"content":{"rendered":"","protected":false},"excerpt":{"rendered":"<p>La almohada de l\u00e1tex ofrece un descanso firme. Es el\u00e1stica y fresca en su tacto. Funda exterior en tejido 100% Algod\u00f3n 220 Hilos. Tejido el\u00e1stico con tratamiento anti\u00e1caros y bactericida. Altura aprox. 12 cm<\/p>\n<p><strong>Composici\u00f3n<\/strong><\/p>\n<ul>\n<li>85% l\u00e1tex natural.<\/li>\n<li>Transpirable por su estructura celular abierta que permite la mayor circulaci\u00f3n del aire en su interior.<\/li>\n<li>No se apelmaza, gran durabilidad.<\/li>\n<li>Funda interior para protecci\u00f3n extra.<\/li>\n<\/ul>","protected":false},"featured_media":7755,"comment_status":"open","ping_status":"closed","template":"","meta":[],"product_brand":[],"product_cat":[29,157],"product_tag":[],"class_list":{"0":"post-7746","1":"product","2":"type-product","3":"status-publish","4":"has-post-thumbnail","6":"product_cat-almohadas","7":"product_cat-latex-almohadas","8":"product_shipping_class-volumen","10":"first","11":"instock","12":"taxable","13":"shipping-taxable","14":"purchasable","15":"product-type-variable"},"yoast_head":"<!-- This site is optimized with the Yoast SEO plugin v26.1.1 - https:\/\/yoast.com\/wordpress\/plugins\/seo\/ -->\n<title>Almohada L\u00e1tex - Todo en Cama | Venta Online de colchones, somieres y canap\u00e8s<\/title>\n<meta name=\"robots\" content=\"index, follow, max-snippet:-1, max-image-preview:large, max-video-preview:-1\" \/>\n<link rel=\"canonical\" href=\"https:\/\/todoencama.com\/en\/product\/almohada-latex\/\" \/>\n<meta property=\"og:locale\" content=\"en_GB\" \/>\n<meta property=\"og:type\" content=\"article\" \/>\n<meta property=\"og:title\" content=\"Almohada L\u00e1tex - Todo en Cama | Venta Online de colchones, somieres y canap\u00e8s\" \/>\n<meta property=\"og:description\" content=\"La almohada de l\u00e1tex ofrece un descanso firme. Es el\u00e1stica y fresca en su tacto. Funda exterior en tejido 100% Algod\u00f3n 220 Hilos. Tejido el\u00e1stico con tratamiento anti\u00e1caros y bactericida. Altura aprox. 12 cm  Composici\u00f3n   85% l\u00e1tex natural.  Transpirable por su estructura celular abierta que permite la mayor circulaci\u00f3n del aire en su interior.  No se apelmaza, gran durabilidad.  Funda interior para protecci\u00f3n extra.\" \/>\n<meta property=\"og:url\" content=\"https:\/\/todoencama.com\/en\/product\/almohada-latex\/\" \/>\n<meta property=\"og:site_name\" content=\"Todo en Cama | Venta Online de colchones, somieres y canap\u00e8s\" \/>\n<meta property=\"article:modified_time\" content=\"2025-10-15T10:31:30+00:00\" \/>\n<meta property=\"og:image\" content=\"https:\/\/todoencama.com\/wp-content\/uploads\/2025\/10\/almohada-latex-tienda-especializada-en-colchones-canapes-somieres-y-todo-tipo-de-complementos-para-el-descanso-canape-brisa-valencia-600x600-1.jpg\" \/>\n\t<meta property=\"og:image:width\" content=\"600\" \/>\n\t<meta property=\"og:image:height\" content=\"600\" \/>\n\t<meta property=\"og:image:type\" content=\"image\/jpeg\" \/>\n<meta name=\"twitter:card\" content=\"summary_large_image\" \/>\n<meta name=\"twitter:label1\" content=\"Estimated reading time\" \/>\n\t<meta name=\"twitter:data1\" content=\"1 minute\" \/>\n<script type=\"application\/ld+json\" class=\"yoast-schema-graph\">{\"@context\":\"https:\/\/schema.org\",\"@graph\":[{\"@type\":\"WebPage\",\"@id\":\"https:\/\/todoencama.com\/producto\/almohada-latex\/\",\"url\":\"https:\/\/todoencama.com\/producto\/almohada-latex\/\",\"name\":\"Almohada L\u00e1tex - Todo en Cama | Venta Online de colchones, somieres y canap\u00e8s\",\"isPartOf\":{\"@id\":\"https:\/\/todoencama.com\/#website\"},\"primaryImageOfPage\":{\"@id\":\"https:\/\/todoencama.com\/producto\/almohada-latex\/#primaryimage\"},\"image\":{\"@id\":\"https:\/\/todoencama.com\/producto\/almohada-latex\/#primaryimage\"},\"thumbnailUrl\":\"https:\/\/todoencama.com\/wp-content\/uploads\/2025\/10\/almohada-latex-tienda-especializada-en-colchones-canapes-somieres-y-todo-tipo-de-complementos-para-el-descanso-canape-brisa-valencia-600x600-1.jpg\",\"datePublished\":\"2025-10-15T10:29:23+00:00\",\"dateModified\":\"2025-10-15T10:31:30+00:00\",\"breadcrumb\":{\"@id\":\"https:\/\/todoencama.com\/producto\/almohada-latex\/#breadcrumb\"},\"inLanguage\":\"en-GB\",\"potentialAction\":[{\"@type\":\"ReadAction\",\"target\":[\"https:\/\/todoencama.com\/producto\/almohada-latex\/\"]}]},{\"@type\":\"ImageObject\",\"inLanguage\":\"en-GB\",\"@id\":\"https:\/\/todoencama.com\/producto\/almohada-latex\/#primaryimage\",\"url\":\"https:\/\/todoencama.com\/wp-content\/uploads\/2025\/10\/almohada-latex-tienda-especializada-en-colchones-canapes-somieres-y-todo-tipo-de-complementos-para-el-descanso-canape-brisa-valencia-600x600-1.jpg\",\"contentUrl\":\"https:\/\/todoencama.com\/wp-content\/uploads\/2025\/10\/almohada-latex-tienda-especializada-en-colchones-canapes-somieres-y-todo-tipo-de-complementos-para-el-descanso-canape-brisa-valencia-600x600-1.jpg\",\"width\":600,\"height\":600},{\"@type\":\"BreadcrumbList\",\"@id\":\"https:\/\/todoencama.com\/producto\/almohada-latex\/#breadcrumb\",\"itemListElement\":[{\"@type\":\"ListItem\",\"position\":1,\"name\":\"Portada\",\"item\":\"https:\/\/todoencama.com\/\"},{\"@type\":\"ListItem\",\"position\":2,\"name\":\"Tienda\",\"item\":\"https:\/\/todoencama.com\/tienda\/\"},{\"@type\":\"ListItem\",\"position\":3,\"name\":\"Almohada L\u00e1tex\"}]},{\"@type\":\"WebSite\",\"@id\":\"https:\/\/todoencama.com\/#website\",\"url\":\"https:\/\/todoencama.com\/\",\"name\":\"Todo en Cama | Venta Online de colchones, somieres y canap\u00e8s\",\"description\":\"Tienda de colchones de l\u00e1tex y viscoel\u00e1sticos, almohadas, somieres, bases tapizadas\",\"potentialAction\":[{\"@type\":\"SearchAction\",\"target\":{\"@type\":\"EntryPoint\",\"urlTemplate\":\"https:\/\/todoencama.com\/?s={search_term_string}\"},\"query-input\":{\"@type\":\"PropertyValueSpecification\",\"valueRequired\":true,\"valueName\":\"search_term_string\"}}],\"inLanguage\":\"en-GB\"}]}<\/script>\n<!-- \/ Yoast SEO plugin. -->","yoast_head_json":{"title":"Almohada L\u00e1tex - Todo en Cama | Venta Online de colchones, somieres y canap\u00e8s","robots":{"index":"index","follow":"follow","max-snippet":"max-snippet:-1","max-image-preview":"max-image-preview:large","max-video-preview":"max-video-preview:-1"},"canonical":"https:\/\/todoencama.com\/en\/product\/almohada-latex\/","og_locale":"en_GB","og_type":"article","og_title":"Almohada L\u00e1tex - Todo en Cama | Venta Online de colchones, somieres y canap\u00e8s","og_description":"La almohada de l\u00e1tex ofrece un descanso firme. Es el\u00e1stica y fresca en su tacto. Funda exterior en tejido 100% Algod\u00f3n 220 Hilos. Tejido el\u00e1stico con tratamiento anti\u00e1caros y bactericida. Altura aprox. 12 cm  Composici\u00f3n   85% l\u00e1tex natural.  Transpirable por su estructura celular abierta que permite la mayor circulaci\u00f3n del aire en su interior.  No se apelmaza, gran durabilidad.  Funda interior para protecci\u00f3n extra.","og_url":"https:\/\/todoencama.com\/en\/product\/almohada-latex\/","og_site_name":"Todo en Cama | Venta Online de colchones, somieres y canap\u00e8s","article_modified_time":"2025-10-15T10:31:30+00:00","og_image":[{"width":600,"height":600,"url":"https:\/\/todoencama.com\/wp-content\/uploads\/2025\/10\/almohada-latex-tienda-especializada-en-colchones-canapes-somieres-y-todo-tipo-de-complementos-para-el-descanso-canape-brisa-valencia-600x600-1.jpg","type":"image\/jpeg"}],"twitter_card":"summary_large_image","twitter_misc":{"Estimated reading time":"1 minute"},"schema":{"@context":"https:\/\/schema.org","@graph":[{"@type":"WebPage","@id":"https:\/\/todoencama.com\/producto\/almohada-latex\/","url":"https:\/\/todoencama.com\/producto\/almohada-latex\/","name":"Almohada L\u00e1tex - Todo en Cama | Venta Online de colchones, somieres y canap\u00e8s","isPartOf":{"@id":"https:\/\/todoencama.com\/#website"},"primaryImageOfPage":{"@id":"https:\/\/todoencama.com\/producto\/almohada-latex\/#primaryimage"},"image":{"@id":"https:\/\/todoencama.com\/producto\/almohada-latex\/#primaryimage"},"thumbnailUrl":"https:\/\/todoencama.com\/wp-content\/uploads\/2025\/10\/almohada-latex-tienda-especializada-en-colchones-canapes-somieres-y-todo-tipo-de-complementos-para-el-descanso-canape-brisa-valencia-600x600-1.jpg","datePublished":"2025-10-15T10:29:23+00:00","dateModified":"2025-10-15T10:31:30+00:00","breadcrumb":{"@id":"https:\/\/todoencama.com\/producto\/almohada-latex\/#breadcrumb"},"inLanguage":"en-GB","potentialAction":[{"@type":"ReadAction","target":["https:\/\/todoencama.com\/producto\/almohada-latex\/"]}]},{"@type":"ImageObject","inLanguage":"en-GB","@id":"https:\/\/todoencama.com\/producto\/almohada-latex\/#primaryimage","url":"https:\/\/todoencama.com\/wp-content\/uploads\/2025\/10\/almohada-latex-tienda-especializada-en-colchones-canapes-somieres-y-todo-tipo-de-complementos-para-el-descanso-canape-brisa-valencia-600x600-1.jpg","contentUrl":"https:\/\/todoencama.com\/wp-content\/uploads\/2025\/10\/almohada-latex-tienda-especializada-en-colchones-canapes-somieres-y-todo-tipo-de-complementos-para-el-descanso-canape-brisa-valencia-600x600-1.jpg","width":600,"height":600},{"@type":"BreadcrumbList","@id":"https:\/\/todoencama.com\/producto\/almohada-latex\/#breadcrumb","itemListElement":[{"@type":"ListItem","position":1,"name":"Portada","item":"https:\/\/todoencama.com\/"},{"@type":"ListItem","position":2,"name":"Tienda","item":"https:\/\/todoencama.com\/tienda\/"},{"@type":"ListItem","position":3,"name":"Almohada L\u00e1tex"}]},{"@type":"WebSite","@id":"https:\/\/todoencama.com\/#website","url":"https:\/\/todoencama.com\/","name":"Todo en Cama | Venta Online de colchones, somieres y canap\u00e8s","description":"Tienda de colchones de l\u00e1tex y viscoel\u00e1sticos, almohadas, somieres, bases tapizadas","potentialAction":[{"@type":"SearchAction","target":{"@type":"EntryPoint","urlTemplate":"https:\/\/todoencama.com\/?s={search_term_string}"},"query-input":{"@type":"PropertyValueSpecification","valueRequired":true,"valueName":"search_term_string"}}],"inLanguage":"en-GB"}]}},"_links":{"self":[{"href":"https:\/\/todoencama.com\/en\/wp-json\/wp\/v2\/product\/7746","targetHints":{"allow":["GET"]}}],"collection":[{"href":"https:\/\/todoencama.com\/en\/wp-json\/wp\/v2\/product"}],"about":[{"href":"https:\/\/todoencama.com\/en\/wp-json\/wp\/v2\/types\/product"}],"replies":[{"embeddable":true,"href":"https:\/\/todoencama.com\/en\/wp-json\/wp\/v2\/comments?post=7746"}],"wp:featuredmedia":[{"embeddable":true,"href":"https:\/\/todoencama.com\/en\/wp-json\/wp\/v2\/media\/7755"}],"wp:attachment":[{"href":"https:\/\/todoencama.com\/en\/wp-json\/wp\/v2\/media?parent=7746"}],"wp:term":[{"taxonomy":"product_brand","embeddable":true,"href":"https:\/\/todoencama.com\/en\/wp-json\/wp\/v2\/product_brand?post=7746"},{"taxonomy":"product_cat","embeddable":true,"href":"https:\/\/todoencama.com\/en\/wp-json\/wp\/v2\/product_cat?post=7746"},{"taxonomy":"product_tag","embeddable":true,"href":"https:\/\/todoencama.com\/en\/wp-json\/wp\/v2\/product_tag?post=7746"}],"curies":[{"name":"wp","href":"https:\/\/api.w.org\/{rel}","templated":true}]}}