{"id":7603,"date":"2025-03-31T11:11:51","date_gmt":"2025-03-31T11:11:51","guid":{"rendered":"https:\/\/todoencama.com\/?post_type=product&#038;p=7603"},"modified":"2025-10-14T17:10:24","modified_gmt":"2025-10-14T17:10:24","slug":"colchon-de-cuna-bio-green","status":"publish","type":"product","link":"https:\/\/todoencama.com\/en\/product\/colchon-de-cuna-bio-green\/","title":{"rendered":"Colch\u00f3n de Cuna Bio Green"},"content":{"rendered":"","protected":false},"excerpt":{"rendered":"<p>El colch\u00f3n de cuna Bio-Green destaca por la incorporaci\u00f3n del Sistema Antiahogo para beb\u00e9s. Consiste en que el n\u00facleo del colch\u00f3n est\u00e1 perforado evitando el riesgo de ahogo del beb\u00e9 durante su descanso. Incorpora un per\u00edmetro de seguridad de mayor firmeza que evita los hundimientos del beb\u00e9 en los bordes del colch\u00f3n.<br \/>\nAltura total: 12 cm.<br \/>\nComposici\u00f3n<br \/>\n\u2022 N\u00facleo Biogreen de 36 kg perforado.<br \/>\n\u2022 Firme en el descanso pero con una acogida suave.<br \/>\n\u2022 Muy transpirable.<br \/>\n\u2022 Laterales y cara inferior en tejido 3D transpirable.<br \/>\n\u2022 Acolchado superior 1,5 cm de foam<\/p>","protected":false},"featured_media":7671,"comment_status":"open","ping_status":"closed","template":"","meta":[],"product_brand":[],"product_cat":[202,199],"product_tag":[],"class_list":{"0":"post-7603","1":"product","2":"type-product","3":"status-publish","4":"has-post-thumbnail","6":"product_cat-bio-green","7":"product_cat-colchon-de-cuna","8":"product_shipping_class-volumen","10":"first","11":"instock","12":"taxable","13":"shipping-taxable","14":"purchasable","15":"product-type-variable"},"yoast_head":"<!-- This site is optimized with the Yoast SEO plugin v26.1.1 - https:\/\/yoast.com\/wordpress\/plugins\/seo\/ -->\n<title>Colch\u00f3n de Cuna Bio Green - Todo en Cama | Venta Online de colchones, somieres y canap\u00e8s<\/title>\n<meta name=\"robots\" content=\"index, follow, max-snippet:-1, max-image-preview:large, max-video-preview:-1\" \/>\n<link rel=\"canonical\" href=\"https:\/\/todoencama.com\/en\/product\/colchon-de-cuna-bio-green\/\" \/>\n<meta property=\"og:locale\" content=\"en_GB\" \/>\n<meta property=\"og:type\" content=\"article\" \/>\n<meta property=\"og:title\" content=\"Colch\u00f3n de Cuna Bio Green - Todo en Cama | Venta Online de colchones, somieres y canap\u00e8s\" \/>\n<meta property=\"og:description\" content=\"El colch\u00f3n de cuna Bio-Green destaca por la incorporaci\u00f3n del Sistema Antiahogo para beb\u00e9s. Consiste en que el n\u00facleo del colch\u00f3n est\u00e1 perforado evitando el riesgo de ahogo del beb\u00e9 durante su descanso. Incorpora un per\u00edmetro de seguridad de mayor firmeza que evita los hundimientos del beb\u00e9 en los bordes del colch\u00f3n. Altura total: 12 cm. Composici\u00f3n \u2022 N\u00facleo Biogreen de 36 kg perforado. \u2022 Firme en el descanso pero con una acogida suave. \u2022 Muy transpirable. \u2022 Laterales y cara inferior en tejido 3D transpirable. \u2022 Acolchado superior 1,5 cm de foam\" \/>\n<meta property=\"og:url\" content=\"https:\/\/todoencama.com\/en\/product\/colchon-de-cuna-bio-green\/\" \/>\n<meta property=\"og:site_name\" content=\"Todo en Cama | Venta Online de colchones, somieres y canap\u00e8s\" \/>\n<meta property=\"article:modified_time\" content=\"2025-10-14T17:10:24+00:00\" \/>\n<meta property=\"og:image\" content=\"https:\/\/todoencama.com\/wp-content\/uploads\/2025\/03\/colchon-cuna-green-lab-tienda-especializada-en-colchones-canapes-somieres-y-todo-tipo-de-complementos-para-el-descanso-canape-brisa-valencia-600x600-1.jpg\" \/>\n\t<meta property=\"og:image:width\" content=\"600\" \/>\n\t<meta property=\"og:image:height\" content=\"600\" \/>\n\t<meta property=\"og:image:type\" content=\"image\/jpeg\" \/>\n<meta name=\"twitter:card\" content=\"summary_large_image\" \/>\n<meta name=\"twitter:label1\" content=\"Estimated reading time\" \/>\n\t<meta name=\"twitter:data1\" content=\"1 minute\" \/>\n<script type=\"application\/ld+json\" class=\"yoast-schema-graph\">{\"@context\":\"https:\/\/schema.org\",\"@graph\":[{\"@type\":\"WebPage\",\"@id\":\"https:\/\/todoencama.com\/producto\/colchon-de-cuna-bio-green\/\",\"url\":\"https:\/\/todoencama.com\/producto\/colchon-de-cuna-bio-green\/\",\"name\":\"Colch\u00f3n de Cuna Bio Green - Todo en Cama | Venta Online de colchones, somieres y canap\u00e8s\",\"isPartOf\":{\"@id\":\"https:\/\/todoencama.com\/#website\"},\"primaryImageOfPage\":{\"@id\":\"https:\/\/todoencama.com\/producto\/colchon-de-cuna-bio-green\/#primaryimage\"},\"image\":{\"@id\":\"https:\/\/todoencama.com\/producto\/colchon-de-cuna-bio-green\/#primaryimage\"},\"thumbnailUrl\":\"https:\/\/todoencama.com\/wp-content\/uploads\/2025\/03\/colchon-cuna-green-lab-tienda-especializada-en-colchones-canapes-somieres-y-todo-tipo-de-complementos-para-el-descanso-canape-brisa-valencia-600x600-1.jpg\",\"datePublished\":\"2025-03-31T11:11:51+00:00\",\"dateModified\":\"2025-10-14T17:10:24+00:00\",\"breadcrumb\":{\"@id\":\"https:\/\/todoencama.com\/producto\/colchon-de-cuna-bio-green\/#breadcrumb\"},\"inLanguage\":\"en-GB\",\"potentialAction\":[{\"@type\":\"ReadAction\",\"target\":[\"https:\/\/todoencama.com\/producto\/colchon-de-cuna-bio-green\/\"]}]},{\"@type\":\"ImageObject\",\"inLanguage\":\"en-GB\",\"@id\":\"https:\/\/todoencama.com\/producto\/colchon-de-cuna-bio-green\/#primaryimage\",\"url\":\"https:\/\/todoencama.com\/wp-content\/uploads\/2025\/03\/colchon-cuna-green-lab-tienda-especializada-en-colchones-canapes-somieres-y-todo-tipo-de-complementos-para-el-descanso-canape-brisa-valencia-600x600-1.jpg\",\"contentUrl\":\"https:\/\/todoencama.com\/wp-content\/uploads\/2025\/03\/colchon-cuna-green-lab-tienda-especializada-en-colchones-canapes-somieres-y-todo-tipo-de-complementos-para-el-descanso-canape-brisa-valencia-600x600-1.jpg\",\"width\":600,\"height\":600},{\"@type\":\"BreadcrumbList\",\"@id\":\"https:\/\/todoencama.com\/producto\/colchon-de-cuna-bio-green\/#breadcrumb\",\"itemListElement\":[{\"@type\":\"ListItem\",\"position\":1,\"name\":\"Portada\",\"item\":\"https:\/\/todoencama.com\/\"},{\"@type\":\"ListItem\",\"position\":2,\"name\":\"Tienda\",\"item\":\"https:\/\/todoencama.com\/tienda\/\"},{\"@type\":\"ListItem\",\"position\":3,\"name\":\"Colch\u00f3n de Cuna Bio Green\"}]},{\"@type\":\"WebSite\",\"@id\":\"https:\/\/todoencama.com\/#website\",\"url\":\"https:\/\/todoencama.com\/\",\"name\":\"Todo en Cama | Venta Online de colchones, somieres y canap\u00e8s\",\"description\":\"Tienda de colchones de l\u00e1tex y viscoel\u00e1sticos, almohadas, somieres, bases tapizadas\",\"potentialAction\":[{\"@type\":\"SearchAction\",\"target\":{\"@type\":\"EntryPoint\",\"urlTemplate\":\"https:\/\/todoencama.com\/?s={search_term_string}\"},\"query-input\":{\"@type\":\"PropertyValueSpecification\",\"valueRequired\":true,\"valueName\":\"search_term_string\"}}],\"inLanguage\":\"en-GB\"}]}<\/script>\n<!-- \/ Yoast SEO plugin. -->","yoast_head_json":{"title":"Colch\u00f3n de Cuna Bio Green - Todo en Cama | Venta Online de colchones, somieres y canap\u00e8s","robots":{"index":"index","follow":"follow","max-snippet":"max-snippet:-1","max-image-preview":"max-image-preview:large","max-video-preview":"max-video-preview:-1"},"canonical":"https:\/\/todoencama.com\/en\/product\/colchon-de-cuna-bio-green\/","og_locale":"en_GB","og_type":"article","og_title":"Colch\u00f3n de Cuna Bio Green - Todo en Cama | Venta Online de colchones, somieres y canap\u00e8s","og_description":"El colch\u00f3n de cuna Bio-Green destaca por la incorporaci\u00f3n del Sistema Antiahogo para beb\u00e9s. Consiste en que el n\u00facleo del colch\u00f3n est\u00e1 perforado evitando el riesgo de ahogo del beb\u00e9 durante su descanso. Incorpora un per\u00edmetro de seguridad de mayor firmeza que evita los hundimientos del beb\u00e9 en los bordes del colch\u00f3n. Altura total: 12 cm. Composici\u00f3n \u2022 N\u00facleo Biogreen de 36 kg perforado. \u2022 Firme en el descanso pero con una acogida suave. \u2022 Muy transpirable. \u2022 Laterales y cara inferior en tejido 3D transpirable. \u2022 Acolchado superior 1,5 cm de foam","og_url":"https:\/\/todoencama.com\/en\/product\/colchon-de-cuna-bio-green\/","og_site_name":"Todo en Cama | Venta Online de colchones, somieres y canap\u00e8s","article_modified_time":"2025-10-14T17:10:24+00:00","og_image":[{"width":600,"height":600,"url":"https:\/\/todoencama.com\/wp-content\/uploads\/2025\/03\/colchon-cuna-green-lab-tienda-especializada-en-colchones-canapes-somieres-y-todo-tipo-de-complementos-para-el-descanso-canape-brisa-valencia-600x600-1.jpg","type":"image\/jpeg"}],"twitter_card":"summary_large_image","twitter_misc":{"Estimated reading time":"1 minute"},"schema":{"@context":"https:\/\/schema.org","@graph":[{"@type":"WebPage","@id":"https:\/\/todoencama.com\/producto\/colchon-de-cuna-bio-green\/","url":"https:\/\/todoencama.com\/producto\/colchon-de-cuna-bio-green\/","name":"Colch\u00f3n de Cuna Bio Green - Todo en Cama | Venta Online de colchones, somieres y canap\u00e8s","isPartOf":{"@id":"https:\/\/todoencama.com\/#website"},"primaryImageOfPage":{"@id":"https:\/\/todoencama.com\/producto\/colchon-de-cuna-bio-green\/#primaryimage"},"image":{"@id":"https:\/\/todoencama.com\/producto\/colchon-de-cuna-bio-green\/#primaryimage"},"thumbnailUrl":"https:\/\/todoencama.com\/wp-content\/uploads\/2025\/03\/colchon-cuna-green-lab-tienda-especializada-en-colchones-canapes-somieres-y-todo-tipo-de-complementos-para-el-descanso-canape-brisa-valencia-600x600-1.jpg","datePublished":"2025-03-31T11:11:51+00:00","dateModified":"2025-10-14T17:10:24+00:00","breadcrumb":{"@id":"https:\/\/todoencama.com\/producto\/colchon-de-cuna-bio-green\/#breadcrumb"},"inLanguage":"en-GB","potentialAction":[{"@type":"ReadAction","target":["https:\/\/todoencama.com\/producto\/colchon-de-cuna-bio-green\/"]}]},{"@type":"ImageObject","inLanguage":"en-GB","@id":"https:\/\/todoencama.com\/producto\/colchon-de-cuna-bio-green\/#primaryimage","url":"https:\/\/todoencama.com\/wp-content\/uploads\/2025\/03\/colchon-cuna-green-lab-tienda-especializada-en-colchones-canapes-somieres-y-todo-tipo-de-complementos-para-el-descanso-canape-brisa-valencia-600x600-1.jpg","contentUrl":"https:\/\/todoencama.com\/wp-content\/uploads\/2025\/03\/colchon-cuna-green-lab-tienda-especializada-en-colchones-canapes-somieres-y-todo-tipo-de-complementos-para-el-descanso-canape-brisa-valencia-600x600-1.jpg","width":600,"height":600},{"@type":"BreadcrumbList","@id":"https:\/\/todoencama.com\/producto\/colchon-de-cuna-bio-green\/#breadcrumb","itemListElement":[{"@type":"ListItem","position":1,"name":"Portada","item":"https:\/\/todoencama.com\/"},{"@type":"ListItem","position":2,"name":"Tienda","item":"https:\/\/todoencama.com\/tienda\/"},{"@type":"ListItem","position":3,"name":"Colch\u00f3n de Cuna Bio Green"}]},{"@type":"WebSite","@id":"https:\/\/todoencama.com\/#website","url":"https:\/\/todoencama.com\/","name":"Todo en Cama | Venta Online de colchones, somieres y canap\u00e8s","description":"Tienda de colchones de l\u00e1tex y viscoel\u00e1sticos, almohadas, somieres, bases tapizadas","potentialAction":[{"@type":"SearchAction","target":{"@type":"EntryPoint","urlTemplate":"https:\/\/todoencama.com\/?s={search_term_string}"},"query-input":{"@type":"PropertyValueSpecification","valueRequired":true,"valueName":"search_term_string"}}],"inLanguage":"en-GB"}]}},"_links":{"self":[{"href":"https:\/\/todoencama.com\/en\/wp-json\/wp\/v2\/product\/7603","targetHints":{"allow":["GET"]}}],"collection":[{"href":"https:\/\/todoencama.com\/en\/wp-json\/wp\/v2\/product"}],"about":[{"href":"https:\/\/todoencama.com\/en\/wp-json\/wp\/v2\/types\/product"}],"replies":[{"embeddable":true,"href":"https:\/\/todoencama.com\/en\/wp-json\/wp\/v2\/comments?post=7603"}],"wp:featuredmedia":[{"embeddable":true,"href":"https:\/\/todoencama.com\/en\/wp-json\/wp\/v2\/media\/7671"}],"wp:attachment":[{"href":"https:\/\/todoencama.com\/en\/wp-json\/wp\/v2\/media?parent=7603"}],"wp:term":[{"taxonomy":"product_brand","embeddable":true,"href":"https:\/\/todoencama.com\/en\/wp-json\/wp\/v2\/product_brand?post=7603"},{"taxonomy":"product_cat","embeddable":true,"href":"https:\/\/todoencama.com\/en\/wp-json\/wp\/v2\/product_cat?post=7603"},{"taxonomy":"product_tag","embeddable":true,"href":"https:\/\/todoencama.com\/en\/wp-json\/wp\/v2\/product_tag?post=7603"}],"curies":[{"name":"wp","href":"https:\/\/api.w.org\/{rel}","templated":true}]}}