{"id":7597,"date":"2025-03-31T11:07:57","date_gmt":"2025-03-31T11:07:57","guid":{"rendered":"https:\/\/todoencama.com\/?post_type=product&#038;p=7597"},"modified":"2025-10-14T17:10:41","modified_gmt":"2025-10-14T17:10:41","slug":"colchon-de-cuna-viscolastico","status":"publish","type":"product","link":"https:\/\/todoencama.com\/en\/product\/colchon-de-cuna-viscolastico\/","title":{"rendered":"Colch\u00f3n de Cuna Viscol\u00e1stico"},"content":{"rendered":"","protected":false},"excerpt":{"rendered":"<p>El colch\u00f3n de cuna tiene 10 cm de HR suave y 2 cm de viscoel\u00e1stica acolchada en la parte superior. Proporciona un descanso confortable y suave unido a la adaptabilidad que el beb\u00e9 necesita. Prolongar\u00e1 su sue\u00f1o ya que le impide tener posturas inc\u00f3modas que puedan perturbar su descanso.<br \/>\nAltura total 12 cm.<br \/>\nComposici\u00f3n<br \/>\n\u2022 N\u00facleo de HR suave de 10 cm de grosor.<br \/>\n\u2022 2 cm de viscoel\u00e1sica acolchada que supondr\u00e1 la correcta alineaci\u00f3n de su cuerpo.<br \/>\n\u2022 El beb\u00e9 disfrutar\u00e1 de un sue\u00f1o duradero y reparador<\/p>","protected":false},"featured_media":7669,"comment_status":"open","ping_status":"closed","template":"","meta":[],"product_brand":[],"product_cat":[199,201],"product_tag":[],"class_list":{"0":"post-7597","1":"product","2":"type-product","3":"status-publish","4":"has-post-thumbnail","6":"product_cat-colchon-de-cuna","7":"product_cat-viscolastico","8":"product_shipping_class-volumen","10":"first","11":"instock","12":"taxable","13":"shipping-taxable","14":"purchasable","15":"product-type-variable"},"yoast_head":"<!-- This site is optimized with the Yoast SEO plugin v26.1.1 - https:\/\/yoast.com\/wordpress\/plugins\/seo\/ -->\n<title>Colch\u00f3n de Cuna Viscol\u00e1stico - Todo en Cama | Venta Online de colchones, somieres y canap\u00e8s<\/title>\n<meta name=\"robots\" content=\"index, follow, max-snippet:-1, max-image-preview:large, max-video-preview:-1\" \/>\n<link rel=\"canonical\" href=\"https:\/\/todoencama.com\/en\/product\/colchon-de-cuna-viscolastico\/\" \/>\n<meta property=\"og:locale\" content=\"en_GB\" \/>\n<meta property=\"og:type\" content=\"article\" \/>\n<meta property=\"og:title\" content=\"Colch\u00f3n de Cuna Viscol\u00e1stico - Todo en Cama | Venta Online de colchones, somieres y canap\u00e8s\" \/>\n<meta property=\"og:description\" content=\"El colch\u00f3n de cuna tiene 10 cm de HR suave y 2 cm de viscoel\u00e1stica acolchada en la parte superior. Proporciona un descanso confortable y suave unido a la adaptabilidad que el beb\u00e9 necesita. Prolongar\u00e1 su sue\u00f1o ya que le impide tener posturas inc\u00f3modas que puedan perturbar su descanso. Altura total 12 cm. Composici\u00f3n \u2022 N\u00facleo de HR suave de 10 cm de grosor. \u2022 2 cm de viscoel\u00e1sica acolchada que supondr\u00e1 la correcta alineaci\u00f3n de su cuerpo. \u2022 El beb\u00e9 disfrutar\u00e1 de un sue\u00f1o duradero y reparador\" \/>\n<meta property=\"og:url\" content=\"https:\/\/todoencama.com\/en\/product\/colchon-de-cuna-viscolastico\/\" \/>\n<meta property=\"og:site_name\" content=\"Todo en Cama | Venta Online de colchones, somieres y canap\u00e8s\" \/>\n<meta property=\"article:modified_time\" content=\"2025-10-14T17:10:41+00:00\" \/>\n<meta property=\"og:image\" content=\"https:\/\/todoencama.com\/wp-content\/uploads\/2025\/03\/colchon-cuna-visco-tienda-especializada-en-colchones-canapes-somieres-y-todo-tipo-de-complementos-para-el-descanso-canape-brisa-valencia-600x600-1.jpg\" \/>\n\t<meta property=\"og:image:width\" content=\"600\" \/>\n\t<meta property=\"og:image:height\" content=\"600\" \/>\n\t<meta property=\"og:image:type\" content=\"image\/jpeg\" \/>\n<meta name=\"twitter:card\" content=\"summary_large_image\" \/>\n<script type=\"application\/ld+json\" class=\"yoast-schema-graph\">{\"@context\":\"https:\/\/schema.org\",\"@graph\":[{\"@type\":\"WebPage\",\"@id\":\"https:\/\/todoencama.com\/producto\/colchon-de-cuna-viscolastico\/\",\"url\":\"https:\/\/todoencama.com\/producto\/colchon-de-cuna-viscolastico\/\",\"name\":\"Colch\u00f3n de Cuna Viscol\u00e1stico - Todo en Cama | Venta Online de colchones, somieres y canap\u00e8s\",\"isPartOf\":{\"@id\":\"https:\/\/todoencama.com\/#website\"},\"primaryImageOfPage\":{\"@id\":\"https:\/\/todoencama.com\/producto\/colchon-de-cuna-viscolastico\/#primaryimage\"},\"image\":{\"@id\":\"https:\/\/todoencama.com\/producto\/colchon-de-cuna-viscolastico\/#primaryimage\"},\"thumbnailUrl\":\"https:\/\/todoencama.com\/wp-content\/uploads\/2025\/03\/colchon-cuna-visco-tienda-especializada-en-colchones-canapes-somieres-y-todo-tipo-de-complementos-para-el-descanso-canape-brisa-valencia-600x600-1.jpg\",\"datePublished\":\"2025-03-31T11:07:57+00:00\",\"dateModified\":\"2025-10-14T17:10:41+00:00\",\"breadcrumb\":{\"@id\":\"https:\/\/todoencama.com\/producto\/colchon-de-cuna-viscolastico\/#breadcrumb\"},\"inLanguage\":\"en-GB\",\"potentialAction\":[{\"@type\":\"ReadAction\",\"target\":[\"https:\/\/todoencama.com\/producto\/colchon-de-cuna-viscolastico\/\"]}]},{\"@type\":\"ImageObject\",\"inLanguage\":\"en-GB\",\"@id\":\"https:\/\/todoencama.com\/producto\/colchon-de-cuna-viscolastico\/#primaryimage\",\"url\":\"https:\/\/todoencama.com\/wp-content\/uploads\/2025\/03\/colchon-cuna-visco-tienda-especializada-en-colchones-canapes-somieres-y-todo-tipo-de-complementos-para-el-descanso-canape-brisa-valencia-600x600-1.jpg\",\"contentUrl\":\"https:\/\/todoencama.com\/wp-content\/uploads\/2025\/03\/colchon-cuna-visco-tienda-especializada-en-colchones-canapes-somieres-y-todo-tipo-de-complementos-para-el-descanso-canape-brisa-valencia-600x600-1.jpg\",\"width\":600,\"height\":600},{\"@type\":\"BreadcrumbList\",\"@id\":\"https:\/\/todoencama.com\/producto\/colchon-de-cuna-viscolastico\/#breadcrumb\",\"itemListElement\":[{\"@type\":\"ListItem\",\"position\":1,\"name\":\"Portada\",\"item\":\"https:\/\/todoencama.com\/\"},{\"@type\":\"ListItem\",\"position\":2,\"name\":\"Tienda\",\"item\":\"https:\/\/todoencama.com\/tienda\/\"},{\"@type\":\"ListItem\",\"position\":3,\"name\":\"Colch\u00f3n de Cuna Viscol\u00e1stico\"}]},{\"@type\":\"WebSite\",\"@id\":\"https:\/\/todoencama.com\/#website\",\"url\":\"https:\/\/todoencama.com\/\",\"name\":\"Todo en Cama | Venta Online de colchones, somieres y canap\u00e8s\",\"description\":\"Tienda de colchones de l\u00e1tex y viscoel\u00e1sticos, almohadas, somieres, bases tapizadas\",\"potentialAction\":[{\"@type\":\"SearchAction\",\"target\":{\"@type\":\"EntryPoint\",\"urlTemplate\":\"https:\/\/todoencama.com\/?s={search_term_string}\"},\"query-input\":{\"@type\":\"PropertyValueSpecification\",\"valueRequired\":true,\"valueName\":\"search_term_string\"}}],\"inLanguage\":\"en-GB\"}]}<\/script>\n<!-- \/ Yoast SEO plugin. -->","yoast_head_json":{"title":"Colch\u00f3n de Cuna Viscol\u00e1stico - Todo en Cama | Venta Online de colchones, somieres y canap\u00e8s","robots":{"index":"index","follow":"follow","max-snippet":"max-snippet:-1","max-image-preview":"max-image-preview:large","max-video-preview":"max-video-preview:-1"},"canonical":"https:\/\/todoencama.com\/en\/product\/colchon-de-cuna-viscolastico\/","og_locale":"en_GB","og_type":"article","og_title":"Colch\u00f3n de Cuna Viscol\u00e1stico - Todo en Cama | Venta Online de colchones, somieres y canap\u00e8s","og_description":"El colch\u00f3n de cuna tiene 10 cm de HR suave y 2 cm de viscoel\u00e1stica acolchada en la parte superior. Proporciona un descanso confortable y suave unido a la adaptabilidad que el beb\u00e9 necesita. Prolongar\u00e1 su sue\u00f1o ya que le impide tener posturas inc\u00f3modas que puedan perturbar su descanso. Altura total 12 cm. Composici\u00f3n \u2022 N\u00facleo de HR suave de 10 cm de grosor. \u2022 2 cm de viscoel\u00e1sica acolchada que supondr\u00e1 la correcta alineaci\u00f3n de su cuerpo. \u2022 El beb\u00e9 disfrutar\u00e1 de un sue\u00f1o duradero y reparador","og_url":"https:\/\/todoencama.com\/en\/product\/colchon-de-cuna-viscolastico\/","og_site_name":"Todo en Cama | Venta Online de colchones, somieres y canap\u00e8s","article_modified_time":"2025-10-14T17:10:41+00:00","og_image":[{"width":600,"height":600,"url":"https:\/\/todoencama.com\/wp-content\/uploads\/2025\/03\/colchon-cuna-visco-tienda-especializada-en-colchones-canapes-somieres-y-todo-tipo-de-complementos-para-el-descanso-canape-brisa-valencia-600x600-1.jpg","type":"image\/jpeg"}],"twitter_card":"summary_large_image","schema":{"@context":"https:\/\/schema.org","@graph":[{"@type":"WebPage","@id":"https:\/\/todoencama.com\/producto\/colchon-de-cuna-viscolastico\/","url":"https:\/\/todoencama.com\/producto\/colchon-de-cuna-viscolastico\/","name":"Colch\u00f3n de Cuna Viscol\u00e1stico - Todo en Cama | Venta Online de colchones, somieres y canap\u00e8s","isPartOf":{"@id":"https:\/\/todoencama.com\/#website"},"primaryImageOfPage":{"@id":"https:\/\/todoencama.com\/producto\/colchon-de-cuna-viscolastico\/#primaryimage"},"image":{"@id":"https:\/\/todoencama.com\/producto\/colchon-de-cuna-viscolastico\/#primaryimage"},"thumbnailUrl":"https:\/\/todoencama.com\/wp-content\/uploads\/2025\/03\/colchon-cuna-visco-tienda-especializada-en-colchones-canapes-somieres-y-todo-tipo-de-complementos-para-el-descanso-canape-brisa-valencia-600x600-1.jpg","datePublished":"2025-03-31T11:07:57+00:00","dateModified":"2025-10-14T17:10:41+00:00","breadcrumb":{"@id":"https:\/\/todoencama.com\/producto\/colchon-de-cuna-viscolastico\/#breadcrumb"},"inLanguage":"en-GB","potentialAction":[{"@type":"ReadAction","target":["https:\/\/todoencama.com\/producto\/colchon-de-cuna-viscolastico\/"]}]},{"@type":"ImageObject","inLanguage":"en-GB","@id":"https:\/\/todoencama.com\/producto\/colchon-de-cuna-viscolastico\/#primaryimage","url":"https:\/\/todoencama.com\/wp-content\/uploads\/2025\/03\/colchon-cuna-visco-tienda-especializada-en-colchones-canapes-somieres-y-todo-tipo-de-complementos-para-el-descanso-canape-brisa-valencia-600x600-1.jpg","contentUrl":"https:\/\/todoencama.com\/wp-content\/uploads\/2025\/03\/colchon-cuna-visco-tienda-especializada-en-colchones-canapes-somieres-y-todo-tipo-de-complementos-para-el-descanso-canape-brisa-valencia-600x600-1.jpg","width":600,"height":600},{"@type":"BreadcrumbList","@id":"https:\/\/todoencama.com\/producto\/colchon-de-cuna-viscolastico\/#breadcrumb","itemListElement":[{"@type":"ListItem","position":1,"name":"Portada","item":"https:\/\/todoencama.com\/"},{"@type":"ListItem","position":2,"name":"Tienda","item":"https:\/\/todoencama.com\/tienda\/"},{"@type":"ListItem","position":3,"name":"Colch\u00f3n de Cuna Viscol\u00e1stico"}]},{"@type":"WebSite","@id":"https:\/\/todoencama.com\/#website","url":"https:\/\/todoencama.com\/","name":"Todo en Cama | Venta Online de colchones, somieres y canap\u00e8s","description":"Tienda de colchones de l\u00e1tex y viscoel\u00e1sticos, almohadas, somieres, bases tapizadas","potentialAction":[{"@type":"SearchAction","target":{"@type":"EntryPoint","urlTemplate":"https:\/\/todoencama.com\/?s={search_term_string}"},"query-input":{"@type":"PropertyValueSpecification","valueRequired":true,"valueName":"search_term_string"}}],"inLanguage":"en-GB"}]}},"_links":{"self":[{"href":"https:\/\/todoencama.com\/en\/wp-json\/wp\/v2\/product\/7597","targetHints":{"allow":["GET"]}}],"collection":[{"href":"https:\/\/todoencama.com\/en\/wp-json\/wp\/v2\/product"}],"about":[{"href":"https:\/\/todoencama.com\/en\/wp-json\/wp\/v2\/types\/product"}],"replies":[{"embeddable":true,"href":"https:\/\/todoencama.com\/en\/wp-json\/wp\/v2\/comments?post=7597"}],"wp:featuredmedia":[{"embeddable":true,"href":"https:\/\/todoencama.com\/en\/wp-json\/wp\/v2\/media\/7669"}],"wp:attachment":[{"href":"https:\/\/todoencama.com\/en\/wp-json\/wp\/v2\/media?parent=7597"}],"wp:term":[{"taxonomy":"product_brand","embeddable":true,"href":"https:\/\/todoencama.com\/en\/wp-json\/wp\/v2\/product_brand?post=7597"},{"taxonomy":"product_cat","embeddable":true,"href":"https:\/\/todoencama.com\/en\/wp-json\/wp\/v2\/product_cat?post=7597"},{"taxonomy":"product_tag","embeddable":true,"href":"https:\/\/todoencama.com\/en\/wp-json\/wp\/v2\/product_tag?post=7597"}],"curies":[{"name":"wp","href":"https:\/\/api.w.org\/{rel}","templated":true}]}}