{"id":7584,"date":"2025-03-31T11:04:01","date_gmt":"2025-03-31T11:04:01","guid":{"rendered":"https:\/\/todoencama.com\/?post_type=product&#038;p=7584"},"modified":"2025-10-14T17:10:33","modified_gmt":"2025-10-14T17:10:33","slug":"colchon-de-cuna-hr","status":"publish","type":"product","link":"https:\/\/todoencama.com\/en\/product\/colchon-de-cuna-hr\/","title":{"rendered":"Colch\u00f3n de Cuna HR"},"content":{"rendered":"","protected":false},"excerpt":{"rendered":"<p>Colch\u00f3n de cuna fabricado con espuma de alta densidad y tejido exterior viscosa suave y de tacto asedado. Acolchado con 2,5 cm de supersuave. Confeccionado como colch\u00f3n cerrado para una mayor sujeci\u00f3n del n\u00facleo. Excelente elecci\u00f3n para nuestros beb\u00e9s.<br \/>\nAltura total de 12 cm.<br \/>\nComposici\u00f3n<br \/>\n\u2022 N\u00facleo de espuma de alta densidad.<br \/>\n\u2022 Favorece el sue\u00f1o reparador de su beb\u00e9.<br \/>\n\u2022 El tejido exterior le aporta una suavidad y confortabilidad extra<\/p>","protected":false},"featured_media":7670,"comment_status":"open","ping_status":"closed","template":"","meta":[],"product_brand":[],"product_cat":[199,200],"product_tag":[],"class_list":{"0":"post-7584","1":"product","2":"type-product","3":"status-publish","4":"has-post-thumbnail","6":"product_cat-colchon-de-cuna","7":"product_cat-hr-colchon-de-cuna","8":"product_shipping_class-volumen","10":"first","11":"instock","12":"taxable","13":"shipping-taxable","14":"purchasable","15":"product-type-variable"},"yoast_head":"<!-- This site is optimized with the Yoast SEO plugin v26.1.1 - https:\/\/yoast.com\/wordpress\/plugins\/seo\/ -->\n<title>Colch\u00f3n de Cuna HR - Todo en Cama | Venta Online de colchones, somieres y canap\u00e8s<\/title>\n<meta name=\"robots\" content=\"index, follow, max-snippet:-1, max-image-preview:large, max-video-preview:-1\" \/>\n<link rel=\"canonical\" href=\"https:\/\/todoencama.com\/en\/product\/colchon-de-cuna-hr\/\" \/>\n<meta property=\"og:locale\" content=\"en_GB\" \/>\n<meta property=\"og:type\" content=\"article\" \/>\n<meta property=\"og:title\" content=\"Colch\u00f3n de Cuna HR - Todo en Cama | Venta Online de colchones, somieres y canap\u00e8s\" \/>\n<meta property=\"og:description\" content=\"Colch\u00f3n de cuna fabricado con espuma de alta densidad y tejido exterior viscosa suave y de tacto asedado. Acolchado con 2,5 cm de supersuave. Confeccionado como colch\u00f3n cerrado para una mayor sujeci\u00f3n del n\u00facleo. Excelente elecci\u00f3n para nuestros beb\u00e9s. Altura total de 12 cm. Composici\u00f3n \u2022 N\u00facleo de espuma de alta densidad. \u2022 Favorece el sue\u00f1o reparador de su beb\u00e9. \u2022 El tejido exterior le aporta una suavidad y confortabilidad extra\" \/>\n<meta property=\"og:url\" content=\"https:\/\/todoencama.com\/en\/product\/colchon-de-cuna-hr\/\" \/>\n<meta property=\"og:site_name\" content=\"Todo en Cama | Venta Online de colchones, somieres y canap\u00e8s\" \/>\n<meta property=\"article:modified_time\" content=\"2025-10-14T17:10:33+00:00\" \/>\n<meta property=\"og:image\" content=\"https:\/\/todoencama.com\/wp-content\/uploads\/2025\/03\/colchon-cuna-hr-tienda-especializada-en-colchones-canapes-somieres-y-todo-tipo-de-complementos-para-el-descanso-canape-brisa-valencia-600x600-1.jpg\" \/>\n\t<meta property=\"og:image:width\" content=\"600\" \/>\n\t<meta property=\"og:image:height\" content=\"600\" \/>\n\t<meta property=\"og:image:type\" content=\"image\/jpeg\" \/>\n<meta name=\"twitter:card\" content=\"summary_large_image\" \/>\n<script type=\"application\/ld+json\" class=\"yoast-schema-graph\">{\"@context\":\"https:\/\/schema.org\",\"@graph\":[{\"@type\":\"WebPage\",\"@id\":\"https:\/\/todoencama.com\/producto\/colchon-de-cuna-hr\/\",\"url\":\"https:\/\/todoencama.com\/producto\/colchon-de-cuna-hr\/\",\"name\":\"Colch\u00f3n de Cuna HR - Todo en Cama | Venta Online de colchones, somieres y canap\u00e8s\",\"isPartOf\":{\"@id\":\"https:\/\/todoencama.com\/#website\"},\"primaryImageOfPage\":{\"@id\":\"https:\/\/todoencama.com\/producto\/colchon-de-cuna-hr\/#primaryimage\"},\"image\":{\"@id\":\"https:\/\/todoencama.com\/producto\/colchon-de-cuna-hr\/#primaryimage\"},\"thumbnailUrl\":\"https:\/\/todoencama.com\/wp-content\/uploads\/2025\/03\/colchon-cuna-hr-tienda-especializada-en-colchones-canapes-somieres-y-todo-tipo-de-complementos-para-el-descanso-canape-brisa-valencia-600x600-1.jpg\",\"datePublished\":\"2025-03-31T11:04:01+00:00\",\"dateModified\":\"2025-10-14T17:10:33+00:00\",\"breadcrumb\":{\"@id\":\"https:\/\/todoencama.com\/producto\/colchon-de-cuna-hr\/#breadcrumb\"},\"inLanguage\":\"en-GB\",\"potentialAction\":[{\"@type\":\"ReadAction\",\"target\":[\"https:\/\/todoencama.com\/producto\/colchon-de-cuna-hr\/\"]}]},{\"@type\":\"ImageObject\",\"inLanguage\":\"en-GB\",\"@id\":\"https:\/\/todoencama.com\/producto\/colchon-de-cuna-hr\/#primaryimage\",\"url\":\"https:\/\/todoencama.com\/wp-content\/uploads\/2025\/03\/colchon-cuna-hr-tienda-especializada-en-colchones-canapes-somieres-y-todo-tipo-de-complementos-para-el-descanso-canape-brisa-valencia-600x600-1.jpg\",\"contentUrl\":\"https:\/\/todoencama.com\/wp-content\/uploads\/2025\/03\/colchon-cuna-hr-tienda-especializada-en-colchones-canapes-somieres-y-todo-tipo-de-complementos-para-el-descanso-canape-brisa-valencia-600x600-1.jpg\",\"width\":600,\"height\":600},{\"@type\":\"BreadcrumbList\",\"@id\":\"https:\/\/todoencama.com\/producto\/colchon-de-cuna-hr\/#breadcrumb\",\"itemListElement\":[{\"@type\":\"ListItem\",\"position\":1,\"name\":\"Portada\",\"item\":\"https:\/\/todoencama.com\/\"},{\"@type\":\"ListItem\",\"position\":2,\"name\":\"Tienda\",\"item\":\"https:\/\/todoencama.com\/tienda\/\"},{\"@type\":\"ListItem\",\"position\":3,\"name\":\"Colch\u00f3n de Cuna HR\"}]},{\"@type\":\"WebSite\",\"@id\":\"https:\/\/todoencama.com\/#website\",\"url\":\"https:\/\/todoencama.com\/\",\"name\":\"Todo en Cama | Venta Online de colchones, somieres y canap\u00e8s\",\"description\":\"Tienda de colchones de l\u00e1tex y viscoel\u00e1sticos, almohadas, somieres, bases tapizadas\",\"potentialAction\":[{\"@type\":\"SearchAction\",\"target\":{\"@type\":\"EntryPoint\",\"urlTemplate\":\"https:\/\/todoencama.com\/?s={search_term_string}\"},\"query-input\":{\"@type\":\"PropertyValueSpecification\",\"valueRequired\":true,\"valueName\":\"search_term_string\"}}],\"inLanguage\":\"en-GB\"}]}<\/script>\n<!-- \/ Yoast SEO plugin. -->","yoast_head_json":{"title":"Colch\u00f3n de Cuna HR - Todo en Cama | Venta Online de colchones, somieres y canap\u00e8s","robots":{"index":"index","follow":"follow","max-snippet":"max-snippet:-1","max-image-preview":"max-image-preview:large","max-video-preview":"max-video-preview:-1"},"canonical":"https:\/\/todoencama.com\/en\/product\/colchon-de-cuna-hr\/","og_locale":"en_GB","og_type":"article","og_title":"Colch\u00f3n de Cuna HR - Todo en Cama | Venta Online de colchones, somieres y canap\u00e8s","og_description":"Colch\u00f3n de cuna fabricado con espuma de alta densidad y tejido exterior viscosa suave y de tacto asedado. Acolchado con 2,5 cm de supersuave. Confeccionado como colch\u00f3n cerrado para una mayor sujeci\u00f3n del n\u00facleo. Excelente elecci\u00f3n para nuestros beb\u00e9s. Altura total de 12 cm. Composici\u00f3n \u2022 N\u00facleo de espuma de alta densidad. \u2022 Favorece el sue\u00f1o reparador de su beb\u00e9. \u2022 El tejido exterior le aporta una suavidad y confortabilidad extra","og_url":"https:\/\/todoencama.com\/en\/product\/colchon-de-cuna-hr\/","og_site_name":"Todo en Cama | Venta Online de colchones, somieres y canap\u00e8s","article_modified_time":"2025-10-14T17:10:33+00:00","og_image":[{"width":600,"height":600,"url":"https:\/\/todoencama.com\/wp-content\/uploads\/2025\/03\/colchon-cuna-hr-tienda-especializada-en-colchones-canapes-somieres-y-todo-tipo-de-complementos-para-el-descanso-canape-brisa-valencia-600x600-1.jpg","type":"image\/jpeg"}],"twitter_card":"summary_large_image","schema":{"@context":"https:\/\/schema.org","@graph":[{"@type":"WebPage","@id":"https:\/\/todoencama.com\/producto\/colchon-de-cuna-hr\/","url":"https:\/\/todoencama.com\/producto\/colchon-de-cuna-hr\/","name":"Colch\u00f3n de Cuna HR - Todo en Cama | Venta Online de colchones, somieres y canap\u00e8s","isPartOf":{"@id":"https:\/\/todoencama.com\/#website"},"primaryImageOfPage":{"@id":"https:\/\/todoencama.com\/producto\/colchon-de-cuna-hr\/#primaryimage"},"image":{"@id":"https:\/\/todoencama.com\/producto\/colchon-de-cuna-hr\/#primaryimage"},"thumbnailUrl":"https:\/\/todoencama.com\/wp-content\/uploads\/2025\/03\/colchon-cuna-hr-tienda-especializada-en-colchones-canapes-somieres-y-todo-tipo-de-complementos-para-el-descanso-canape-brisa-valencia-600x600-1.jpg","datePublished":"2025-03-31T11:04:01+00:00","dateModified":"2025-10-14T17:10:33+00:00","breadcrumb":{"@id":"https:\/\/todoencama.com\/producto\/colchon-de-cuna-hr\/#breadcrumb"},"inLanguage":"en-GB","potentialAction":[{"@type":"ReadAction","target":["https:\/\/todoencama.com\/producto\/colchon-de-cuna-hr\/"]}]},{"@type":"ImageObject","inLanguage":"en-GB","@id":"https:\/\/todoencama.com\/producto\/colchon-de-cuna-hr\/#primaryimage","url":"https:\/\/todoencama.com\/wp-content\/uploads\/2025\/03\/colchon-cuna-hr-tienda-especializada-en-colchones-canapes-somieres-y-todo-tipo-de-complementos-para-el-descanso-canape-brisa-valencia-600x600-1.jpg","contentUrl":"https:\/\/todoencama.com\/wp-content\/uploads\/2025\/03\/colchon-cuna-hr-tienda-especializada-en-colchones-canapes-somieres-y-todo-tipo-de-complementos-para-el-descanso-canape-brisa-valencia-600x600-1.jpg","width":600,"height":600},{"@type":"BreadcrumbList","@id":"https:\/\/todoencama.com\/producto\/colchon-de-cuna-hr\/#breadcrumb","itemListElement":[{"@type":"ListItem","position":1,"name":"Portada","item":"https:\/\/todoencama.com\/"},{"@type":"ListItem","position":2,"name":"Tienda","item":"https:\/\/todoencama.com\/tienda\/"},{"@type":"ListItem","position":3,"name":"Colch\u00f3n de Cuna HR"}]},{"@type":"WebSite","@id":"https:\/\/todoencama.com\/#website","url":"https:\/\/todoencama.com\/","name":"Todo en Cama | Venta Online de colchones, somieres y canap\u00e8s","description":"Tienda de colchones de l\u00e1tex y viscoel\u00e1sticos, almohadas, somieres, bases tapizadas","potentialAction":[{"@type":"SearchAction","target":{"@type":"EntryPoint","urlTemplate":"https:\/\/todoencama.com\/?s={search_term_string}"},"query-input":{"@type":"PropertyValueSpecification","valueRequired":true,"valueName":"search_term_string"}}],"inLanguage":"en-GB"}]}},"_links":{"self":[{"href":"https:\/\/todoencama.com\/en\/wp-json\/wp\/v2\/product\/7584","targetHints":{"allow":["GET"]}}],"collection":[{"href":"https:\/\/todoencama.com\/en\/wp-json\/wp\/v2\/product"}],"about":[{"href":"https:\/\/todoencama.com\/en\/wp-json\/wp\/v2\/types\/product"}],"replies":[{"embeddable":true,"href":"https:\/\/todoencama.com\/en\/wp-json\/wp\/v2\/comments?post=7584"}],"wp:featuredmedia":[{"embeddable":true,"href":"https:\/\/todoencama.com\/en\/wp-json\/wp\/v2\/media\/7670"}],"wp:attachment":[{"href":"https:\/\/todoencama.com\/en\/wp-json\/wp\/v2\/media?parent=7584"}],"wp:term":[{"taxonomy":"product_brand","embeddable":true,"href":"https:\/\/todoencama.com\/en\/wp-json\/wp\/v2\/product_brand?post=7584"},{"taxonomy":"product_cat","embeddable":true,"href":"https:\/\/todoencama.com\/en\/wp-json\/wp\/v2\/product_cat?post=7584"},{"taxonomy":"product_tag","embeddable":true,"href":"https:\/\/todoencama.com\/en\/wp-json\/wp\/v2\/product_tag?post=7584"}],"curies":[{"name":"wp","href":"https:\/\/api.w.org\/{rel}","templated":true}]}}