{"id":6784,"date":"2025-03-26T12:19:34","date_gmt":"2025-03-26T12:19:34","guid":{"rendered":"https:\/\/todoencama.com\/?post_type=product&#038;p=6784"},"modified":"2025-03-26T12:34:38","modified_gmt":"2025-03-26T12:34:38","slug":"colchon-vibe","status":"publish","type":"product","link":"https:\/\/todoencama.com\/en\/product\/colchon-vibe\/","title":{"rendered":"Colch\u00f3n Vibe"},"content":{"rendered":"","protected":false},"excerpt":{"rendered":"<p>Nuestro joya de la corona en muelles ensacados, el colch\u00f3n Vibe, ofrece un descanso con reducci\u00f3n de presiones gracias a su viscoel\u00e1stica superior. Altamente transpirable y confortable con un grado inmejorable en la distribuci\u00f3n de los pesos de los durmientes en el descanso. Est\u00e1 compuesto con diferentes materiales que hacen de \u00e9l un colch\u00f3n de gran calidad dentro de su gama. Su tejido Strech el\u00e1stico favorece los movimientos durante el descanso.<\/p>","protected":false},"featured_media":6453,"comment_status":"open","ping_status":"closed","template":"","meta":[],"product_brand":[],"product_cat":[19,126],"product_tag":[],"class_list":{"0":"post-6784","1":"product","2":"type-product","3":"status-publish","4":"has-post-thumbnail","6":"product_cat-colchones","7":"product_cat-muelles-ensacados","8":"product_shipping_class-volumen","10":"first","11":"instock","12":"taxable","13":"shipping-taxable","14":"purchasable","15":"product-type-variable","16":"has-default-attributes"},"yoast_head":"<!-- This site is optimized with the Yoast SEO plugin v26.1.1 - https:\/\/yoast.com\/wordpress\/plugins\/seo\/ -->\n<title>Colch\u00f3n Vibe - Todo en Cama | Venta Online de colchones, somieres y canap\u00e8s<\/title>\n<meta name=\"robots\" content=\"index, follow, max-snippet:-1, max-image-preview:large, max-video-preview:-1\" \/>\n<link rel=\"canonical\" href=\"https:\/\/todoencama.com\/en\/product\/colchon-vibe\/\" \/>\n<meta property=\"og:locale\" content=\"en_GB\" \/>\n<meta property=\"og:type\" content=\"article\" \/>\n<meta property=\"og:title\" content=\"Colch\u00f3n Vibe - Todo en Cama | Venta Online de colchones, somieres y canap\u00e8s\" \/>\n<meta property=\"og:description\" content=\"Nuestro joya de la corona en muelles ensacados, el colch\u00f3n Vibe, ofrece un descanso con reducci\u00f3n de presiones gracias a su viscoel\u00e1stica superior. Altamente transpirable y confortable con un grado inmejorable en la distribuci\u00f3n de los pesos de los durmientes en el descanso. Est\u00e1 compuesto con diferentes materiales que hacen de \u00e9l un colch\u00f3n de gran calidad dentro de su gama. Su tejido Strech el\u00e1stico favorece los movimientos durante el descanso.\" \/>\n<meta property=\"og:url\" content=\"https:\/\/todoencama.com\/en\/product\/colchon-vibe\/\" \/>\n<meta property=\"og:site_name\" content=\"Todo en Cama | Venta Online de colchones, somieres y canap\u00e8s\" \/>\n<meta property=\"article:modified_time\" content=\"2025-03-26T12:34:38+00:00\" \/>\n<meta property=\"og:image\" content=\"https:\/\/todoencama.com\/wp-content\/uploads\/2025\/03\/colchon-sensacion-muelles-46.jpg\" \/>\n\t<meta property=\"og:image:width\" content=\"1400\" \/>\n\t<meta property=\"og:image:height\" content=\"1400\" \/>\n\t<meta property=\"og:image:type\" content=\"image\/jpeg\" \/>\n<meta name=\"twitter:card\" content=\"summary_large_image\" \/>\n<meta name=\"twitter:label1\" content=\"Estimated reading time\" \/>\n\t<meta name=\"twitter:data1\" content=\"1 minute\" \/>\n<script type=\"application\/ld+json\" class=\"yoast-schema-graph\">{\"@context\":\"https:\/\/schema.org\",\"@graph\":[{\"@type\":\"WebPage\",\"@id\":\"https:\/\/todoencama.com\/producto\/colchon-vibe\/\",\"url\":\"https:\/\/todoencama.com\/producto\/colchon-vibe\/\",\"name\":\"Colch\u00f3n Vibe - Todo en Cama | Venta Online de colchones, somieres y canap\u00e8s\",\"isPartOf\":{\"@id\":\"https:\/\/todoencama.com\/#website\"},\"primaryImageOfPage\":{\"@id\":\"https:\/\/todoencama.com\/producto\/colchon-vibe\/#primaryimage\"},\"image\":{\"@id\":\"https:\/\/todoencama.com\/producto\/colchon-vibe\/#primaryimage\"},\"thumbnailUrl\":\"https:\/\/todoencama.com\/wp-content\/uploads\/2025\/03\/colchon-sensacion-muelles-46.jpg\",\"datePublished\":\"2025-03-26T12:19:34+00:00\",\"dateModified\":\"2025-03-26T12:34:38+00:00\",\"breadcrumb\":{\"@id\":\"https:\/\/todoencama.com\/producto\/colchon-vibe\/#breadcrumb\"},\"inLanguage\":\"en-GB\",\"potentialAction\":[{\"@type\":\"ReadAction\",\"target\":[\"https:\/\/todoencama.com\/producto\/colchon-vibe\/\"]}]},{\"@type\":\"ImageObject\",\"inLanguage\":\"en-GB\",\"@id\":\"https:\/\/todoencama.com\/producto\/colchon-vibe\/#primaryimage\",\"url\":\"https:\/\/todoencama.com\/wp-content\/uploads\/2025\/03\/colchon-sensacion-muelles-46.jpg\",\"contentUrl\":\"https:\/\/todoencama.com\/wp-content\/uploads\/2025\/03\/colchon-sensacion-muelles-46.jpg\",\"width\":1400,\"height\":1400},{\"@type\":\"BreadcrumbList\",\"@id\":\"https:\/\/todoencama.com\/producto\/colchon-vibe\/#breadcrumb\",\"itemListElement\":[{\"@type\":\"ListItem\",\"position\":1,\"name\":\"Portada\",\"item\":\"https:\/\/todoencama.com\/\"},{\"@type\":\"ListItem\",\"position\":2,\"name\":\"Tienda\",\"item\":\"https:\/\/todoencama.com\/tienda\/\"},{\"@type\":\"ListItem\",\"position\":3,\"name\":\"Colch\u00f3n Vibe\"}]},{\"@type\":\"WebSite\",\"@id\":\"https:\/\/todoencama.com\/#website\",\"url\":\"https:\/\/todoencama.com\/\",\"name\":\"Todo en Cama | Venta Online de colchones, somieres y canap\u00e8s\",\"description\":\"Tienda de colchones de l\u00e1tex y viscoel\u00e1sticos, almohadas, somieres, bases tapizadas\",\"potentialAction\":[{\"@type\":\"SearchAction\",\"target\":{\"@type\":\"EntryPoint\",\"urlTemplate\":\"https:\/\/todoencama.com\/?s={search_term_string}\"},\"query-input\":{\"@type\":\"PropertyValueSpecification\",\"valueRequired\":true,\"valueName\":\"search_term_string\"}}],\"inLanguage\":\"en-GB\"}]}<\/script>\n<!-- \/ Yoast SEO plugin. -->","yoast_head_json":{"title":"Colch\u00f3n Vibe - Todo en Cama | Venta Online de colchones, somieres y canap\u00e8s","robots":{"index":"index","follow":"follow","max-snippet":"max-snippet:-1","max-image-preview":"max-image-preview:large","max-video-preview":"max-video-preview:-1"},"canonical":"https:\/\/todoencama.com\/en\/product\/colchon-vibe\/","og_locale":"en_GB","og_type":"article","og_title":"Colch\u00f3n Vibe - Todo en Cama | Venta Online de colchones, somieres y canap\u00e8s","og_description":"Nuestro joya de la corona en muelles ensacados, el colch\u00f3n Vibe, ofrece un descanso con reducci\u00f3n de presiones gracias a su viscoel\u00e1stica superior. Altamente transpirable y confortable con un grado inmejorable en la distribuci\u00f3n de los pesos de los durmientes en el descanso. Est\u00e1 compuesto con diferentes materiales que hacen de \u00e9l un colch\u00f3n de gran calidad dentro de su gama. Su tejido Strech el\u00e1stico favorece los movimientos durante el descanso.","og_url":"https:\/\/todoencama.com\/en\/product\/colchon-vibe\/","og_site_name":"Todo en Cama | Venta Online de colchones, somieres y canap\u00e8s","article_modified_time":"2025-03-26T12:34:38+00:00","og_image":[{"width":1400,"height":1400,"url":"https:\/\/todoencama.com\/wp-content\/uploads\/2025\/03\/colchon-sensacion-muelles-46.jpg","type":"image\/jpeg"}],"twitter_card":"summary_large_image","twitter_misc":{"Estimated reading time":"1 minute"},"schema":{"@context":"https:\/\/schema.org","@graph":[{"@type":"WebPage","@id":"https:\/\/todoencama.com\/producto\/colchon-vibe\/","url":"https:\/\/todoencama.com\/producto\/colchon-vibe\/","name":"Colch\u00f3n Vibe - Todo en Cama | Venta Online de colchones, somieres y canap\u00e8s","isPartOf":{"@id":"https:\/\/todoencama.com\/#website"},"primaryImageOfPage":{"@id":"https:\/\/todoencama.com\/producto\/colchon-vibe\/#primaryimage"},"image":{"@id":"https:\/\/todoencama.com\/producto\/colchon-vibe\/#primaryimage"},"thumbnailUrl":"https:\/\/todoencama.com\/wp-content\/uploads\/2025\/03\/colchon-sensacion-muelles-46.jpg","datePublished":"2025-03-26T12:19:34+00:00","dateModified":"2025-03-26T12:34:38+00:00","breadcrumb":{"@id":"https:\/\/todoencama.com\/producto\/colchon-vibe\/#breadcrumb"},"inLanguage":"en-GB","potentialAction":[{"@type":"ReadAction","target":["https:\/\/todoencama.com\/producto\/colchon-vibe\/"]}]},{"@type":"ImageObject","inLanguage":"en-GB","@id":"https:\/\/todoencama.com\/producto\/colchon-vibe\/#primaryimage","url":"https:\/\/todoencama.com\/wp-content\/uploads\/2025\/03\/colchon-sensacion-muelles-46.jpg","contentUrl":"https:\/\/todoencama.com\/wp-content\/uploads\/2025\/03\/colchon-sensacion-muelles-46.jpg","width":1400,"height":1400},{"@type":"BreadcrumbList","@id":"https:\/\/todoencama.com\/producto\/colchon-vibe\/#breadcrumb","itemListElement":[{"@type":"ListItem","position":1,"name":"Portada","item":"https:\/\/todoencama.com\/"},{"@type":"ListItem","position":2,"name":"Tienda","item":"https:\/\/todoencama.com\/tienda\/"},{"@type":"ListItem","position":3,"name":"Colch\u00f3n Vibe"}]},{"@type":"WebSite","@id":"https:\/\/todoencama.com\/#website","url":"https:\/\/todoencama.com\/","name":"Todo en Cama | Venta Online de colchones, somieres y canap\u00e8s","description":"Tienda de colchones de l\u00e1tex y viscoel\u00e1sticos, almohadas, somieres, bases tapizadas","potentialAction":[{"@type":"SearchAction","target":{"@type":"EntryPoint","urlTemplate":"https:\/\/todoencama.com\/?s={search_term_string}"},"query-input":{"@type":"PropertyValueSpecification","valueRequired":true,"valueName":"search_term_string"}}],"inLanguage":"en-GB"}]}},"_links":{"self":[{"href":"https:\/\/todoencama.com\/en\/wp-json\/wp\/v2\/product\/6784","targetHints":{"allow":["GET"]}}],"collection":[{"href":"https:\/\/todoencama.com\/en\/wp-json\/wp\/v2\/product"}],"about":[{"href":"https:\/\/todoencama.com\/en\/wp-json\/wp\/v2\/types\/product"}],"replies":[{"embeddable":true,"href":"https:\/\/todoencama.com\/en\/wp-json\/wp\/v2\/comments?post=6784"}],"wp:featuredmedia":[{"embeddable":true,"href":"https:\/\/todoencama.com\/en\/wp-json\/wp\/v2\/media\/6453"}],"wp:attachment":[{"href":"https:\/\/todoencama.com\/en\/wp-json\/wp\/v2\/media?parent=6784"}],"wp:term":[{"taxonomy":"product_brand","embeddable":true,"href":"https:\/\/todoencama.com\/en\/wp-json\/wp\/v2\/product_brand?post=6784"},{"taxonomy":"product_cat","embeddable":true,"href":"https:\/\/todoencama.com\/en\/wp-json\/wp\/v2\/product_cat?post=6784"},{"taxonomy":"product_tag","embeddable":true,"href":"https:\/\/todoencama.com\/en\/wp-json\/wp\/v2\/product_tag?post=6784"}],"curies":[{"name":"wp","href":"https:\/\/api.w.org\/{rel}","templated":true}]}}