{"id":6532,"date":"2025-03-26T10:34:48","date_gmt":"2025-03-26T10:34:48","guid":{"rendered":"https:\/\/todoencama.com\/?post_type=product&#038;p=6532"},"modified":"2025-03-26T11:18:38","modified_gmt":"2025-03-26T11:18:38","slug":"colchon-suavefeel","status":"publish","type":"product","link":"https:\/\/todoencama.com\/en\/product\/colchon-suavefeel\/","title":{"rendered":"Colch\u00f3n Suavefeel"},"content":{"rendered":"","protected":false},"excerpt":{"rendered":"<p>Gracias a la viscoel\u00e1stica de grafeno de su acolchado, conseguimos mejor evacuaci\u00f3n de calor durante el descanso, mayor reducci\u00f3n de la electricidad est\u00e1tica y una barrera antibacteriana natural. De excelente dise\u00f1o y est\u00e9tica, este colch\u00f3n ofrece una relaci\u00f3n calidad-precio insuperable. El colch\u00f3n Suavefeel es firme, mantiene la ergonom\u00eda del cuerpo y consigue un efecto acogedor gracias a su viscoel\u00e1stica superior. Ahora de 22 cm de grosor.<\/p>","protected":false},"featured_media":6437,"comment_status":"open","ping_status":"closed","template":"","meta":[],"product_brand":[],"product_cat":[19,26],"product_tag":[],"class_list":{"0":"post-6532","1":"product","2":"type-product","3":"status-publish","4":"has-post-thumbnail","6":"product_cat-colchones","7":"product_cat-viscoelasticos","8":"product_shipping_class-volumen","10":"first","11":"instock","12":"taxable","13":"shipping-taxable","14":"purchasable","15":"product-type-variable","16":"has-default-attributes"},"yoast_head":"<!-- This site is optimized with the Yoast SEO plugin v26.1.1 - https:\/\/yoast.com\/wordpress\/plugins\/seo\/ -->\n<title>Colch\u00f3n Suavefeel - Todo en Cama | Venta Online de colchones, somieres y canap\u00e8s<\/title>\n<meta name=\"robots\" content=\"index, follow, max-snippet:-1, max-image-preview:large, max-video-preview:-1\" \/>\n<link rel=\"canonical\" href=\"https:\/\/todoencama.com\/en\/product\/colchon-suavefeel\/\" \/>\n<meta property=\"og:locale\" content=\"en_GB\" \/>\n<meta property=\"og:type\" content=\"article\" \/>\n<meta property=\"og:title\" content=\"Colch\u00f3n Suavefeel - Todo en Cama | Venta Online de colchones, somieres y canap\u00e8s\" \/>\n<meta property=\"og:description\" content=\"Gracias a la viscoel\u00e1stica de grafeno de su acolchado, conseguimos mejor evacuaci\u00f3n de calor durante el descanso, mayor reducci\u00f3n de la electricidad est\u00e1tica y una barrera antibacteriana natural. De excelente dise\u00f1o y est\u00e9tica, este colch\u00f3n ofrece una relaci\u00f3n calidad-precio insuperable. El colch\u00f3n Suavefeel es firme, mantiene la ergonom\u00eda del cuerpo y consigue un efecto acogedor gracias a su viscoel\u00e1stica superior. Ahora de 22 cm de grosor.\" \/>\n<meta property=\"og:url\" content=\"https:\/\/todoencama.com\/en\/product\/colchon-suavefeel\/\" \/>\n<meta property=\"og:site_name\" content=\"Todo en Cama | Venta Online de colchones, somieres y canap\u00e8s\" \/>\n<meta property=\"article:modified_time\" content=\"2025-03-26T11:18:38+00:00\" \/>\n<meta property=\"og:image\" content=\"https:\/\/todoencama.com\/wp-content\/uploads\/2025\/03\/colchon-dakota-viscoelastico-22.jpg\" \/>\n\t<meta property=\"og:image:width\" content=\"1400\" \/>\n\t<meta property=\"og:image:height\" content=\"1400\" \/>\n\t<meta property=\"og:image:type\" content=\"image\/jpeg\" \/>\n<meta name=\"twitter:card\" content=\"summary_large_image\" \/>\n<meta name=\"twitter:label1\" content=\"Estimated reading time\" \/>\n\t<meta name=\"twitter:data1\" content=\"1 minute\" \/>\n<script type=\"application\/ld+json\" class=\"yoast-schema-graph\">{\"@context\":\"https:\/\/schema.org\",\"@graph\":[{\"@type\":\"WebPage\",\"@id\":\"https:\/\/todoencama.com\/producto\/colchon-suavefeel\/\",\"url\":\"https:\/\/todoencama.com\/producto\/colchon-suavefeel\/\",\"name\":\"Colch\u00f3n Suavefeel - Todo en Cama | Venta Online de colchones, somieres y canap\u00e8s\",\"isPartOf\":{\"@id\":\"https:\/\/todoencama.com\/#website\"},\"primaryImageOfPage\":{\"@id\":\"https:\/\/todoencama.com\/producto\/colchon-suavefeel\/#primaryimage\"},\"image\":{\"@id\":\"https:\/\/todoencama.com\/producto\/colchon-suavefeel\/#primaryimage\"},\"thumbnailUrl\":\"https:\/\/todoencama.com\/wp-content\/uploads\/2025\/03\/colchon-dakota-viscoelastico-22.jpg\",\"datePublished\":\"2025-03-26T10:34:48+00:00\",\"dateModified\":\"2025-03-26T11:18:38+00:00\",\"breadcrumb\":{\"@id\":\"https:\/\/todoencama.com\/producto\/colchon-suavefeel\/#breadcrumb\"},\"inLanguage\":\"en-GB\",\"potentialAction\":[{\"@type\":\"ReadAction\",\"target\":[\"https:\/\/todoencama.com\/producto\/colchon-suavefeel\/\"]}]},{\"@type\":\"ImageObject\",\"inLanguage\":\"en-GB\",\"@id\":\"https:\/\/todoencama.com\/producto\/colchon-suavefeel\/#primaryimage\",\"url\":\"https:\/\/todoencama.com\/wp-content\/uploads\/2025\/03\/colchon-dakota-viscoelastico-22.jpg\",\"contentUrl\":\"https:\/\/todoencama.com\/wp-content\/uploads\/2025\/03\/colchon-dakota-viscoelastico-22.jpg\",\"width\":1400,\"height\":1400},{\"@type\":\"BreadcrumbList\",\"@id\":\"https:\/\/todoencama.com\/producto\/colchon-suavefeel\/#breadcrumb\",\"itemListElement\":[{\"@type\":\"ListItem\",\"position\":1,\"name\":\"Portada\",\"item\":\"https:\/\/todoencama.com\/\"},{\"@type\":\"ListItem\",\"position\":2,\"name\":\"Tienda\",\"item\":\"https:\/\/todoencama.com\/tienda\/\"},{\"@type\":\"ListItem\",\"position\":3,\"name\":\"Colch\u00f3n Suavefeel\"}]},{\"@type\":\"WebSite\",\"@id\":\"https:\/\/todoencama.com\/#website\",\"url\":\"https:\/\/todoencama.com\/\",\"name\":\"Todo en Cama | Venta Online de colchones, somieres y canap\u00e8s\",\"description\":\"Tienda de colchones de l\u00e1tex y viscoel\u00e1sticos, almohadas, somieres, bases tapizadas\",\"potentialAction\":[{\"@type\":\"SearchAction\",\"target\":{\"@type\":\"EntryPoint\",\"urlTemplate\":\"https:\/\/todoencama.com\/?s={search_term_string}\"},\"query-input\":{\"@type\":\"PropertyValueSpecification\",\"valueRequired\":true,\"valueName\":\"search_term_string\"}}],\"inLanguage\":\"en-GB\"}]}<\/script>\n<!-- \/ Yoast SEO plugin. -->","yoast_head_json":{"title":"Colch\u00f3n Suavefeel - Todo en Cama | Venta Online de colchones, somieres y canap\u00e8s","robots":{"index":"index","follow":"follow","max-snippet":"max-snippet:-1","max-image-preview":"max-image-preview:large","max-video-preview":"max-video-preview:-1"},"canonical":"https:\/\/todoencama.com\/en\/product\/colchon-suavefeel\/","og_locale":"en_GB","og_type":"article","og_title":"Colch\u00f3n Suavefeel - Todo en Cama | Venta Online de colchones, somieres y canap\u00e8s","og_description":"Gracias a la viscoel\u00e1stica de grafeno de su acolchado, conseguimos mejor evacuaci\u00f3n de calor durante el descanso, mayor reducci\u00f3n de la electricidad est\u00e1tica y una barrera antibacteriana natural. De excelente dise\u00f1o y est\u00e9tica, este colch\u00f3n ofrece una relaci\u00f3n calidad-precio insuperable. El colch\u00f3n Suavefeel es firme, mantiene la ergonom\u00eda del cuerpo y consigue un efecto acogedor gracias a su viscoel\u00e1stica superior. Ahora de 22 cm de grosor.","og_url":"https:\/\/todoencama.com\/en\/product\/colchon-suavefeel\/","og_site_name":"Todo en Cama | Venta Online de colchones, somieres y canap\u00e8s","article_modified_time":"2025-03-26T11:18:38+00:00","og_image":[{"width":1400,"height":1400,"url":"https:\/\/todoencama.com\/wp-content\/uploads\/2025\/03\/colchon-dakota-viscoelastico-22.jpg","type":"image\/jpeg"}],"twitter_card":"summary_large_image","twitter_misc":{"Estimated reading time":"1 minute"},"schema":{"@context":"https:\/\/schema.org","@graph":[{"@type":"WebPage","@id":"https:\/\/todoencama.com\/producto\/colchon-suavefeel\/","url":"https:\/\/todoencama.com\/producto\/colchon-suavefeel\/","name":"Colch\u00f3n Suavefeel - Todo en Cama | Venta Online de colchones, somieres y canap\u00e8s","isPartOf":{"@id":"https:\/\/todoencama.com\/#website"},"primaryImageOfPage":{"@id":"https:\/\/todoencama.com\/producto\/colchon-suavefeel\/#primaryimage"},"image":{"@id":"https:\/\/todoencama.com\/producto\/colchon-suavefeel\/#primaryimage"},"thumbnailUrl":"https:\/\/todoencama.com\/wp-content\/uploads\/2025\/03\/colchon-dakota-viscoelastico-22.jpg","datePublished":"2025-03-26T10:34:48+00:00","dateModified":"2025-03-26T11:18:38+00:00","breadcrumb":{"@id":"https:\/\/todoencama.com\/producto\/colchon-suavefeel\/#breadcrumb"},"inLanguage":"en-GB","potentialAction":[{"@type":"ReadAction","target":["https:\/\/todoencama.com\/producto\/colchon-suavefeel\/"]}]},{"@type":"ImageObject","inLanguage":"en-GB","@id":"https:\/\/todoencama.com\/producto\/colchon-suavefeel\/#primaryimage","url":"https:\/\/todoencama.com\/wp-content\/uploads\/2025\/03\/colchon-dakota-viscoelastico-22.jpg","contentUrl":"https:\/\/todoencama.com\/wp-content\/uploads\/2025\/03\/colchon-dakota-viscoelastico-22.jpg","width":1400,"height":1400},{"@type":"BreadcrumbList","@id":"https:\/\/todoencama.com\/producto\/colchon-suavefeel\/#breadcrumb","itemListElement":[{"@type":"ListItem","position":1,"name":"Portada","item":"https:\/\/todoencama.com\/"},{"@type":"ListItem","position":2,"name":"Tienda","item":"https:\/\/todoencama.com\/tienda\/"},{"@type":"ListItem","position":3,"name":"Colch\u00f3n Suavefeel"}]},{"@type":"WebSite","@id":"https:\/\/todoencama.com\/#website","url":"https:\/\/todoencama.com\/","name":"Todo en Cama | Venta Online de colchones, somieres y canap\u00e8s","description":"Tienda de colchones de l\u00e1tex y viscoel\u00e1sticos, almohadas, somieres, bases tapizadas","potentialAction":[{"@type":"SearchAction","target":{"@type":"EntryPoint","urlTemplate":"https:\/\/todoencama.com\/?s={search_term_string}"},"query-input":{"@type":"PropertyValueSpecification","valueRequired":true,"valueName":"search_term_string"}}],"inLanguage":"en-GB"}]}},"_links":{"self":[{"href":"https:\/\/todoencama.com\/en\/wp-json\/wp\/v2\/product\/6532","targetHints":{"allow":["GET"]}}],"collection":[{"href":"https:\/\/todoencama.com\/en\/wp-json\/wp\/v2\/product"}],"about":[{"href":"https:\/\/todoencama.com\/en\/wp-json\/wp\/v2\/types\/product"}],"replies":[{"embeddable":true,"href":"https:\/\/todoencama.com\/en\/wp-json\/wp\/v2\/comments?post=6532"}],"wp:featuredmedia":[{"embeddable":true,"href":"https:\/\/todoencama.com\/en\/wp-json\/wp\/v2\/media\/6437"}],"wp:attachment":[{"href":"https:\/\/todoencama.com\/en\/wp-json\/wp\/v2\/media?parent=6532"}],"wp:term":[{"taxonomy":"product_brand","embeddable":true,"href":"https:\/\/todoencama.com\/en\/wp-json\/wp\/v2\/product_brand?post=6532"},{"taxonomy":"product_cat","embeddable":true,"href":"https:\/\/todoencama.com\/en\/wp-json\/wp\/v2\/product_cat?post=6532"},{"taxonomy":"product_tag","embeddable":true,"href":"https:\/\/todoencama.com\/en\/wp-json\/wp\/v2\/product_tag?post=6532"}],"curies":[{"name":"wp","href":"https:\/\/api.w.org\/{rel}","templated":true}]}}