{"id":96,"date":"2016-05-13T15:28:06","date_gmt":"2016-05-13T15:28:06","guid":{"rendered":"https:\/\/todoencama.modozenit.es\/?page_id=96"},"modified":"2026-03-10T15:16:08","modified_gmt":"2026-03-10T15:16:08","slug":"empresa","status":"publish","type":"page","link":"https:\/\/todoencama.com\/en\/empresa\/","title":{"rendered":"Empresa"},"content":{"rendered":"<div id=\"fws_69f4dce73d366\"  data-column-margin=\"default\" data-midnight=\"dark\" data-top-percent=\"8%\" data-bottom-percent=\"5%\"  class=\"wpb_row vc_row-fluid vc_row full-width-content vc_row-o-equal-height vc_row-flex vc_row-o-content-middle  zindex-set right_padding_6pct left_padding_6pct top_padding_tablet_20pct top_padding_phone_25pct\"  style=\"padding-top: calc(100vw * 0.08); padding-bottom: calc(100vw * 0.05);  z-index: 100;\"><div class=\"row-bg-wrap\" data-bg-animation=\"fade-in\" data-bg-animation-delay=\"\" data-bg-overlay=\"false\"><div class=\"inner-wrap row-bg-layer\" ><div class=\"row-bg viewport-desktop\"  style=\"\"><\/div><\/div><\/div><div class=\"row_col_wrap_12 col span_12 dark left\">\n\t<div  class=\"vc_col-sm-12 wpb_column column_container vc_column_container col no-extra-padding inherit_tablet inherit_phone\"  data-padding-pos=\"all\" data-has-bg-color=\"false\" data-bg-color=\"\" data-bg-opacity=\"1\" data-animation=\"\" data-delay=\"0\" >\n\t\t<div class=\"vc_column-inner\" >\n\t\t\t<div class=\"wpb_wrapper\">\n\t\t\t\t<div id=\"fws_69f4dce73dbc4\" data-midnight=\"\" data-column-margin=\"default\" class=\"wpb_row vc_row-fluid vc_row inner_row vc_row-o-equal-height vc_row-flex vc_row-o-content-middle\"  style=\"\"><div class=\"row-bg-wrap\"> <div class=\"row-bg\" ><\/div> <\/div><div class=\"row_col_wrap_12_inner col span_12  left\">\n\t<div  class=\"vc_col-sm-4\/5 vc_col-md-9 wpb_column column_container vc_column_container col child_column no-extra-padding bottom_margin_tablet_20px inherit_tablet inherit_phone\"    data-t-w-inherits=\"small_desktop\" data-padding-pos=\"all\" data-has-bg-color=\"false\" data-bg-color=\"\" data-bg-opacity=\"1\" data-animation=\"\" data-delay=\"0\" >\n\t\t<div class=\"vc_column-inner\" >\n\t\t<div class=\"wpb_wrapper\">\n\t\t\t<div class=\"nectar-split-heading  font_size_5vw font_size_tablet_9vw font_size_phone_10vw\" data-align=\"default\" data-m-align=\"inherit\" data-text-effect=\"letter-reveal-bottom\" data-animation-type=\"line-reveal-by-space\" data-animation-delay=\"0\" data-animation-offset=\"\" data-m-rm-animation=\"true\" data-stagger=\"true\" data-custom-font-size=\"true\" style=\"font-size: 5vw; line-height: 5.5vw;\"><h1 >SOBRE NOSOTRAS<\/h1><\/div>\n\t\t<\/div> \n\t<\/div>\n\t<\/div> \n\n\t<div  class=\"vc_col-sm-1\/5 vc_col-md-3 wpb_column column_container vc_column_container col child_column has-animation no-extra-padding el_spacing_10px inherit_tablet inherit_phone mobile-disable-entrance-animation\"    data-t-w-inherits=\"small_desktop\" data-padding-pos=\"all\" data-has-bg-color=\"false\" data-bg-color=\"\" data-bg-opacity=\"1\" data-animation=\"fade-in-from-bottom\" data-delay=\"500\" >\n\t\t<div class=\"vc_column-inner\" >\n\t\t<div class=\"wpb_wrapper\">\n\t\t\t<div class=\"nectar-milestone\" data-symbol=\"+\" data-symbol-alignment=\"default\" data-symbol-pos=\"before\" data-symbol-size=\"62\" data-animation-delay=\"\" data-ms-align=\"default\" > <div class=\"number extra-color-1\" data-number-size=\"62\"><h2><span>20<\/span><\/h2><\/div> <div class=\"subject\" >a\u00f1os de experiencia<\/div> <\/div>\n\t\t<\/div> \n\t<\/div>\n\t<\/div> \n<\/div><\/div>\n\t\t\t<\/div> \n\t\t<\/div>\n\t<\/div> \n<\/div><\/div>\n\t\t<div id=\"fws_69f4dce73e9cd\"  data-column-margin=\"default\" data-midnight=\"dark\"  class=\"wpb_row vc_row-fluid vc_row full-width-content vc_row-o-equal-height vc_row-flex vc_row-o-content-top  top_margin_-5pct right_padding_6pct left_padding_6pct\"  style=\"padding-top: 0px; padding-bottom: 0px; \"><div class=\"row-bg-wrap\" data-bg-animation=\"none\" data-bg-animation-delay=\"\" data-bg-overlay=\"false\"><div class=\"inner-wrap row-bg-layer\" ><div class=\"row-bg viewport-desktop\"  style=\"\"><\/div><\/div><\/div><div class=\"row_col_wrap_12 col span_12 dark left\">\n\t<div style=\"\" class=\"vc_col-sm-12 wpb_column column_container vc_column_container col has-animation no-extra-padding inherit_tablet inherit_phone mobile-disable-entrance-animation\" data-using-bg=\"true\" data-bg-cover=\"true\" data-padding-pos=\"all\" data-has-bg-color=\"false\" data-bg-color=\"\" data-bg-opacity=\"1\" data-animation=\"fade-in-from-bottom\" data-delay=\"600\" >\n\t\t<div class=\"vc_column-inner\" ><div class=\"column-image-bg-wrap column-bg-layer viewport-desktop\" data-n-parallax-bg=\"true\" data-parallax-speed=\"very_subtle\" data-bg-pos=\"center bottom\" data-bg-animation=\"none\" data-bg-overlay=\"false\"><div class=\"inner-wrap\"><div class=\"column-image-bg parallax-layer\" style=\" background-image: url('https:\/\/todoencama.com\/wp-content\/uploads\/2024\/03\/IMG_3801-scaled-1.jpg'); \"><\/div><\/div><\/div>\n\t\t\t<div class=\"wpb_wrapper\">\n\t\t\t\t<div class=\"divider-wrap height_tablet_70vh height_phone_50vh\" data-alignment=\"default\"><div style=\"height: 100vh;\" class=\"divider\"><\/div><\/div>\n\t\t\t<\/div> \n\t\t<\/div>\n\t<\/div> \n<\/div><\/div>\n\t\t<div id=\"fws_69f4dce73f480\"  data-column-margin=\"default\" data-midnight=\"dark\" data-top-percent=\"2%\" data-bottom-percent=\"2%\"  class=\"wpb_row vc_row-fluid vc_row full-width-section  right_padding_4pct left_padding_4pct top_padding_tablet_8pct bottom_padding_tablet_8pct right_padding_phone_0px left_padding_phone_0px\"  style=\"padding-top: calc(100vw * 0.02); padding-bottom: calc(100vw * 0.02); \"><div class=\"row-bg-wrap\" data-bg-animation=\"none\" data-bg-animation-delay=\"\" data-bg-overlay=\"false\"><div class=\"inner-wrap row-bg-layer\" ><div class=\"row-bg viewport-desktop\"  style=\"\"><\/div><\/div><\/div><div class=\"row_col_wrap_12 col span_12 dark left\">\n\t<div  class=\"vc_col-sm-12 wpb_column column_container vc_column_container col no-extra-padding inherit_tablet inherit_phone\"  data-padding-pos=\"all\" data-has-bg-color=\"false\" data-bg-color=\"\" data-bg-opacity=\"1\" data-animation=\"\" data-delay=\"0\" >\n\t\t<div class=\"vc_column-inner\" >\n\t\t\t<div class=\"wpb_wrapper\">\n\t\t\t\t<div id=\"fws_69f4dce73fa40\" data-midnight=\"\" data-column-margin=\"90px\" class=\"wpb_row vc_row-fluid vc_row inner_row vc_row-o-equal-height vc_row-flex vc_row-o-content-middle reverse_columns_column_tablet reverse_columns_column_phone\"  style=\"\"><div class=\"row-bg-wrap\"> <div class=\"row-bg\" ><\/div> <\/div><div class=\"row_col_wrap_12_inner col span_12  left\">\n\t<div style=\"margin-top: 6%; \" class=\"vc_col-sm-6 wpb_column column_container vc_column_container col child_column padding-4-percent top_margin_tablet_0px top_margin_phone_4pct inherit_tablet no-extra-padding_phone\"   data-padding-pos=\"all\" data-has-bg-color=\"false\" data-bg-color=\"\" data-bg-opacity=\"1\" data-animation=\"\" data-delay=\"0\" >\n\t\t<div class=\"vc_column-inner\" >\n\t\t<div class=\"wpb_wrapper\">\n\t\t\t<div class=\"nectar-split-heading\" data-align=\"default\" data-m-align=\"inherit\" data-text-effect=\"default\" data-animation-type=\"line-reveal-by-space\" data-animation-delay=\"0\" data-animation-offset=\"\" data-m-rm-animation=\"\" data-stagger=\"true\" data-custom-font-size=\"false\" ><h2 style=\"max-width: 550px;\">Ofrecemos la mejor alternativa a su descanso.<\/h2><\/div>\n<div class=\"wpb_text_column wpb_content_element\" style=\" max-width: 550px; display: inline-block;\">\n\t<div class=\"wpb_wrapper\">\n\t\t<p>Son muchos a\u00f1os de experiencia los que nos avalan asesorando a nuestros clientes para ofrecerle la mejor alternativa a su descanso.<\/p>\n<p>Entre nuestras prioridades se encuentran la b\u00fasqueda de productos cuidadosamente escogidos por su innovaci\u00f3n y tecnolog\u00eda que proporcionan una alta calidad en el descanso diario. Por ello ofrecemos una amplia variedad de productos de origen nacional que proporcionan un gran confort cubriendo las necesidades de nuestros clientes y que estar\u00e1n en sinton\u00eda con el mobiliario de cada hogar.<\/p>\n\t<\/div>\n<\/div>\n\n\n\n\n\t\t<\/div> \n\t<\/div>\n\t<\/div> \n\n\t<div  class=\"vc_col-sm-6 wpb_column column_container vc_column_container col child_column padding-4-percent no-extra-padding_tablet no-extra-padding_phone\"   data-padding-pos=\"all\" data-has-bg-color=\"false\" data-bg-color=\"\" data-bg-opacity=\"1\" data-animation=\"\" data-delay=\"0\" >\n\t\t<div class=\"vc_column-inner\" >\n\t\t<div class=\"wpb_wrapper\">\n\t\t\t<div class=\"nectar_cascading_images forced-aspect aspect-1-1 overflow-hidden\" data-border-radius=\"none\" data-parallax=\"yes\" data-parallax-intensity=\"subtle\" data-layer-1-parallax=\"no\" data-animation-timing=\"175\"><div class=\"cascading-image\" data-has-img=\"false\" style=\" padding:0%;\" data-max-width=\"100%\" data-max-width-mobile=\"100%\" data-animation=\"none\" data-shadow=\"none\"><div class=\"inner-wrap\"><div class=\"bg-layer\" data-scale=\"1\" style=\"transform: scale(1)\"><div class=\"bg-color\" style=\" -webkit-transform:translateX(0%) translateY(20%) ; -ms-transform:translateX(0%) translateY(20%) ; transform: translateX(0%) translateY(20%) ; background-color: #98ced3;\" data-has-bg-color=\"true\"><\/div><\/div><\/div><\/div><div class=\"cascading-image\" data-has-img=\"true\" style=\" padding:0%;\" data-max-width=\"100%\" data-max-width-mobile=\"100%\" data-animation=\"none\" data-shadow=\"none\"><div class=\"inner-wrap\"><div class=\"bg-layer\" data-scale=\"1\" style=\"transform: scale(1)\"><div style=\" -webkit-transform:translateX(0%) translateY(10%) ; transform:translateX(0%) translateY(10%) ;\" class=\"img-wrap\"> <img loading=\"lazy\" decoding=\"async\" src=\"https:\/\/todoencama.com\/wp-content\/uploads\/2025\/03\/mlily-almohada-viscoelastica-valencia-comprar-dormir-confort-todocama-oferta-comoda.png\" srcset=\"https:\/\/todoencama.com\/wp-content\/uploads\/2025\/03\/mlily-almohada-viscoelastica-valencia-comprar-dormir-confort-todocama-oferta-comoda.png 1920w, https:\/\/todoencama.com\/wp-content\/uploads\/2025\/03\/mlily-almohada-viscoelastica-valencia-comprar-dormir-confort-todocama-oferta-comoda-300x300.png 300w, https:\/\/todoencama.com\/wp-content\/uploads\/2025\/03\/mlily-almohada-viscoelastica-valencia-comprar-dormir-confort-todocama-oferta-comoda-1024x1024.png 1024w, https:\/\/todoencama.com\/wp-content\/uploads\/2025\/03\/mlily-almohada-viscoelastica-valencia-comprar-dormir-confort-todocama-oferta-comoda-150x150.png 150w, https:\/\/todoencama.com\/wp-content\/uploads\/2025\/03\/mlily-almohada-viscoelastica-valencia-comprar-dormir-confort-todocama-oferta-comoda-768x768.png 768w, https:\/\/todoencama.com\/wp-content\/uploads\/2025\/03\/mlily-almohada-viscoelastica-valencia-comprar-dormir-confort-todocama-oferta-comoda-1536x1536.png 1536w, https:\/\/todoencama.com\/wp-content\/uploads\/2025\/03\/mlily-almohada-viscoelastica-valencia-comprar-dormir-confort-todocama-oferta-comoda-140x140.png 140w, https:\/\/todoencama.com\/wp-content\/uploads\/2025\/03\/mlily-almohada-viscoelastica-valencia-comprar-dormir-confort-todocama-oferta-comoda-500x500.png 500w, https:\/\/todoencama.com\/wp-content\/uploads\/2025\/03\/mlily-almohada-viscoelastica-valencia-comprar-dormir-confort-todocama-oferta-comoda-800x800.png 800w, https:\/\/todoencama.com\/wp-content\/uploads\/2025\/03\/mlily-almohada-viscoelastica-valencia-comprar-dormir-confort-todocama-oferta-comoda-600x600.png 600w\" sizes=\"auto, (min-width: 1000px) 55vw, 100vw\" height=\"1920\" width=\"1920\" class=\"skip-lazy\" alt=\"\" \/> <\/div><\/div><\/div><\/div><\/div>\n\t\t<\/div> \n\t<\/div>\n\t<\/div> \n<\/div><\/div><div id=\"fws_69f4dce740af8\" data-midnight=\"\" data-column-margin=\"90px\" class=\"wpb_row vc_row-fluid vc_row inner_row vc_row-o-equal-height vc_row-flex vc_row-o-content-middle\"  style=\"\"><div class=\"row-bg-wrap\"> <div class=\"row-bg\" ><\/div> <\/div><div class=\"row_col_wrap_12_inner col span_12  left\">\n\t<div  class=\"vc_col-sm-6 wpb_column column_container vc_column_container col child_column padding-4-percent no-extra-padding_tablet no-extra-padding_phone\"   data-padding-pos=\"all\" data-has-bg-color=\"false\" data-bg-color=\"\" data-bg-opacity=\"1\" data-animation=\"\" data-delay=\"0\" >\n\t\t<div class=\"vc_column-inner\" >\n\t\t<div class=\"wpb_wrapper\">\n\t\t\t<div class=\"nectar_cascading_images forced-aspect aspect-1-1 overflow-hidden\" data-border-radius=\"none\" data-parallax=\"yes\" data-parallax-intensity=\"subtle\" data-layer-1-parallax=\"no\" data-animation-timing=\"175\"><div class=\"cascading-image\" data-has-img=\"false\" style=\" padding:0%;\" data-max-width=\"100%\" data-max-width-mobile=\"100%\" data-animation=\"none\" data-shadow=\"none\"><div class=\"inner-wrap\"><div class=\"bg-layer\" data-scale=\"1\" style=\"transform: scale(1)\"><div class=\"bg-color\" style=\" -webkit-transform:translateX(0%) translateY(20%) ; -ms-transform:translateX(0%) translateY(20%) ; transform: translateX(0%) translateY(20%) ; background-color: #ffffff;\" data-has-bg-color=\"true\"><\/div><\/div><\/div><\/div><div class=\"cascading-image\" data-has-img=\"true\" style=\" padding:0%;\" data-max-width=\"100%\" data-max-width-mobile=\"100%\" data-animation=\"none\" data-shadow=\"none\"><div class=\"inner-wrap\"><div class=\"bg-layer\" data-scale=\"1.5\" style=\"transform: scale(1.5)\"><div style=\" -webkit-transform:translateX(0%) translateY(0%) ; transform:translateX(0%) translateY(0%) ;\" class=\"img-wrap\"> <img loading=\"lazy\" decoding=\"async\" src=\"https:\/\/todoencama.com\/wp-content\/uploads\/2025\/03\/logo-nodoclinico.png\"  height=\"51\" width=\"267\" class=\"skip-lazy\" alt=\"\" \/> <\/div><\/div><\/div><\/div><\/div>\n\t\t<\/div> \n\t<\/div>\n\t<\/div> \n\n\t<div style=\"margin-top: 6%; \" class=\"vc_col-sm-6 wpb_column column_container vc_column_container col child_column padding-4-percent top_margin_tablet_0px top_margin_phone_4pct inherit_tablet no-extra-padding_phone\"   data-padding-pos=\"all\" data-has-bg-color=\"false\" data-bg-color=\"\" data-bg-opacity=\"1\" data-animation=\"\" data-delay=\"0\" >\n\t\t<div class=\"vc_column-inner\" >\n\t\t<div class=\"wpb_wrapper\">\n\t\t\t<div class=\"nectar-split-heading\" data-align=\"default\" data-m-align=\"inherit\" data-text-effect=\"default\" data-animation-type=\"line-reveal-by-space\" data-animation-delay=\"0\" data-animation-offset=\"\" data-m-rm-animation=\"\" data-stagger=\"true\" data-custom-font-size=\"false\" ><h2 style=\"max-width: 550px;\">Formamos parte de Nodoclinico<\/h2><\/div>\n<div class=\"wpb_text_column wpb_content_element\" style=\" max-width: 550px; display: inline-block;\">\n\t<div class=\"wpb_wrapper\">\n\t\t<p>Queremos destacar que formamos parte de Nodoclinico, una red integrada de profesionales que prestan servicios de salud a personas, familias y colectivos, a trav\u00e9s de distintos dispositivos (telecomunicaci\u00f3n, asistencia presencial en domicilios, farmacias y cl\u00ednicas), lo que nos hace expertos en el asesoramiento de productos del descanso en general y especialistas en la gama geri\u00e1trica de alta calidad.<\/p>\n\t<\/div>\n<\/div>\n\n\n\n\n\t\t<\/div> \n\t<\/div>\n\t<\/div> \n<\/div><\/div>\n\t\t\t<\/div> \n\t\t<\/div>\n\t<\/div> \n<\/div><\/div>","protected":false},"excerpt":{"rendered":"SOBRE NOSOTRAS 20 a\u00f1os de experiencia Ofrecemos la mejor alternativa a su descanso. Son muchos a\u00f1os de experiencia los que nos avalan asesorando a nuestros clientes para ofrecerle la mejor...","protected":false},"author":2,"featured_media":0,"parent":0,"menu_order":0,"comment_status":"closed","ping_status":"closed","template":"","meta":{"footnotes":""},"class_list":["post-96","page","type-page","status-publish"],"yoast_head":"<!-- This site is optimized with the Yoast SEO plugin v26.1.1 - https:\/\/yoast.com\/wordpress\/plugins\/seo\/ -->\n<title>Empresa - Todo en Cama | Venta Online de colchones, somieres y canap\u00e8s<\/title>\n<meta name=\"description\" content=\"Todo en Cama es una empresa especializada en la venta online de colchones, somieres y canap\u00e9s.\" \/>\n<meta name=\"robots\" content=\"index, follow, max-snippet:-1, max-image-preview:large, max-video-preview:-1\" \/>\n<link rel=\"canonical\" href=\"https:\/\/todoencama.com\/en\/empresa\/\" \/>\n<meta property=\"og:locale\" content=\"en_GB\" \/>\n<meta property=\"og:type\" content=\"article\" \/>\n<meta property=\"og:title\" content=\"Empresa - Todo en Cama | Venta Online de colchones, somieres y canap\u00e8s\" \/>\n<meta property=\"og:description\" content=\"Todo en Cama es una empresa especializada en la venta online de colchones, somieres y canap\u00e9s.\" \/>\n<meta property=\"og:url\" content=\"https:\/\/todoencama.com\/en\/empresa\/\" \/>\n<meta property=\"og:site_name\" content=\"Todo en Cama | Venta Online de colchones, somieres y canap\u00e8s\" \/>\n<meta property=\"article:modified_time\" content=\"2026-03-10T15:16:08+00:00\" \/>\n<meta name=\"twitter:card\" content=\"summary_large_image\" \/>\n<meta name=\"twitter:label1\" content=\"Estimated reading time\" \/>\n\t<meta name=\"twitter:data1\" content=\"2 minutes\" \/>\n<script type=\"application\/ld+json\" class=\"yoast-schema-graph\">{\"@context\":\"https:\/\/schema.org\",\"@graph\":[{\"@type\":\"WebPage\",\"@id\":\"https:\/\/todoencama.com\/empresa\/\",\"url\":\"https:\/\/todoencama.com\/empresa\/\",\"name\":\"Empresa - Todo en Cama | Venta Online de colchones, somieres y canap\u00e8s\",\"isPartOf\":{\"@id\":\"https:\/\/todoencama.com\/#website\"},\"datePublished\":\"2016-05-13T15:28:06+00:00\",\"dateModified\":\"2026-03-10T15:16:08+00:00\",\"description\":\"Todo en Cama es una empresa especializada en la venta online de colchones, somieres y canap\u00e9s.\",\"breadcrumb\":{\"@id\":\"https:\/\/todoencama.com\/empresa\/#breadcrumb\"},\"inLanguage\":\"en-GB\",\"potentialAction\":[{\"@type\":\"ReadAction\",\"target\":[\"https:\/\/todoencama.com\/empresa\/\"]}]},{\"@type\":\"BreadcrumbList\",\"@id\":\"https:\/\/todoencama.com\/empresa\/#breadcrumb\",\"itemListElement\":[{\"@type\":\"ListItem\",\"position\":1,\"name\":\"Portada\",\"item\":\"https:\/\/todoencama.com\/\"},{\"@type\":\"ListItem\",\"position\":2,\"name\":\"Empresa\"}]},{\"@type\":\"WebSite\",\"@id\":\"https:\/\/todoencama.com\/#website\",\"url\":\"https:\/\/todoencama.com\/\",\"name\":\"Todo en Cama | Venta Online de colchones, somieres y canap\u00e8s\",\"description\":\"Tienda de colchones de l\u00e1tex y viscoel\u00e1sticos, almohadas, somieres, bases tapizadas\",\"potentialAction\":[{\"@type\":\"SearchAction\",\"target\":{\"@type\":\"EntryPoint\",\"urlTemplate\":\"https:\/\/todoencama.com\/?s={search_term_string}\"},\"query-input\":{\"@type\":\"PropertyValueSpecification\",\"valueRequired\":true,\"valueName\":\"search_term_string\"}}],\"inLanguage\":\"en-GB\"}]}<\/script>\n<!-- \/ Yoast SEO plugin. -->","yoast_head_json":{"title":"Empresa - Todo en Cama | Venta Online de colchones, somieres y canap\u00e8s","description":"Todo en Cama es una empresa especializada en la venta online de colchones, somieres y canap\u00e9s.","robots":{"index":"index","follow":"follow","max-snippet":"max-snippet:-1","max-image-preview":"max-image-preview:large","max-video-preview":"max-video-preview:-1"},"canonical":"https:\/\/todoencama.com\/en\/empresa\/","og_locale":"en_GB","og_type":"article","og_title":"Empresa - Todo en Cama | Venta Online de colchones, somieres y canap\u00e8s","og_description":"Todo en Cama es una empresa especializada en la venta online de colchones, somieres y canap\u00e9s.","og_url":"https:\/\/todoencama.com\/en\/empresa\/","og_site_name":"Todo en Cama | Venta Online de colchones, somieres y canap\u00e8s","article_modified_time":"2026-03-10T15:16:08+00:00","twitter_card":"summary_large_image","twitter_misc":{"Estimated reading time":"2 minutes"},"schema":{"@context":"https:\/\/schema.org","@graph":[{"@type":"WebPage","@id":"https:\/\/todoencama.com\/empresa\/","url":"https:\/\/todoencama.com\/empresa\/","name":"Empresa - Todo en Cama | Venta Online de colchones, somieres y canap\u00e8s","isPartOf":{"@id":"https:\/\/todoencama.com\/#website"},"datePublished":"2016-05-13T15:28:06+00:00","dateModified":"2026-03-10T15:16:08+00:00","description":"Todo en Cama es una empresa especializada en la venta online de colchones, somieres y canap\u00e9s.","breadcrumb":{"@id":"https:\/\/todoencama.com\/empresa\/#breadcrumb"},"inLanguage":"en-GB","potentialAction":[{"@type":"ReadAction","target":["https:\/\/todoencama.com\/empresa\/"]}]},{"@type":"BreadcrumbList","@id":"https:\/\/todoencama.com\/empresa\/#breadcrumb","itemListElement":[{"@type":"ListItem","position":1,"name":"Portada","item":"https:\/\/todoencama.com\/"},{"@type":"ListItem","position":2,"name":"Empresa"}]},{"@type":"WebSite","@id":"https:\/\/todoencama.com\/#website","url":"https:\/\/todoencama.com\/","name":"Todo en Cama | Venta Online de colchones, somieres y canap\u00e8s","description":"Tienda de colchones de l\u00e1tex y viscoel\u00e1sticos, almohadas, somieres, bases tapizadas","potentialAction":[{"@type":"SearchAction","target":{"@type":"EntryPoint","urlTemplate":"https:\/\/todoencama.com\/?s={search_term_string}"},"query-input":{"@type":"PropertyValueSpecification","valueRequired":true,"valueName":"search_term_string"}}],"inLanguage":"en-GB"}]}},"_links":{"self":[{"href":"https:\/\/todoencama.com\/en\/wp-json\/wp\/v2\/pages\/96","targetHints":{"allow":["GET"]}}],"collection":[{"href":"https:\/\/todoencama.com\/en\/wp-json\/wp\/v2\/pages"}],"about":[{"href":"https:\/\/todoencama.com\/en\/wp-json\/wp\/v2\/types\/page"}],"author":[{"embeddable":true,"href":"https:\/\/todoencama.com\/en\/wp-json\/wp\/v2\/users\/2"}],"replies":[{"embeddable":true,"href":"https:\/\/todoencama.com\/en\/wp-json\/wp\/v2\/comments?post=96"}],"version-history":[{"count":7,"href":"https:\/\/todoencama.com\/en\/wp-json\/wp\/v2\/pages\/96\/revisions"}],"predecessor-version":[{"id":7788,"href":"https:\/\/todoencama.com\/en\/wp-json\/wp\/v2\/pages\/96\/revisions\/7788"}],"wp:attachment":[{"href":"https:\/\/todoencama.com\/en\/wp-json\/wp\/v2\/media?parent=96"}],"curies":[{"name":"wp","href":"https:\/\/api.w.org\/{rel}","templated":true}]}}