{"id":3504,"date":"2017-04-18T10:29:40","date_gmt":"2017-04-18T10:29:40","guid":{"rendered":"https:\/\/todoencama.modozenit.es\/?page_id=3504"},"modified":"2025-03-14T12:20:04","modified_gmt":"2025-03-14T12:20:04","slug":"terminos-y-condiciones","status":"publish","type":"page","link":"https:\/\/todoencama.com\/en\/terminos-y-condiciones\/","title":{"rendered":"T\u00e9rminos y Condiciones"},"content":{"rendered":"<h1>T\u00e9rminos y Condiciones<\/h1>\n<p>Informaci\u00f3n sobre las condiciones de compra en www.todoencama.com : plazo de entrega, porte, formas de pago, incidencias, garant\u00edas de satisfacci\u00f3n y \u00e1mbito de venta.<\/p>\n<ol>\n<li><strong>INTRODUCCION<\/strong><\/li>\n<\/ol>\n<p>Las condiciones por las que se rige el uso de la p\u00e1gina web www.todoencama.com\u00a0 y la compra de los productos de la misma son las siguientes:<\/p>\n<p>Usted consiente quedar vinculado por las condiciones al hacer uso o realizar un pedido a trav\u00e9s de esta p\u00e1gina.<\/p>\n<ol>\n<li><strong>USO DE LA PAGINA WEB<\/strong><\/li>\n<\/ol>\n<p>El acceso al portal es gratuito<\/p>\n<p>El usuario se compromete a:<\/p>\n<ul>\n<li>Hacer uso del portal de conformidad con la Ley<\/li>\n<li>Realizar consultas o pedidos legalmente v\u00e1lidos a traves de esta p\u00e1gina web.<\/li>\n<li>No realizar ning\u00fan pedido falso o fraudulento, de lo contrario estaremos autorizados a anularlo e informarlo a las autoridades pertinentes.<\/li>\n<li>Facilitarnos sus datos de contacto de forma veraz y exacta (direcci\u00f3n de env\u00edo, direcci\u00f3n de correo electr\u00f3nico, nombre completo, tel\u00e9fono de contacto y otros indicados en su caso)\u00a0 datos que nos ayudar\u00e1n a la correcta tramitaci\u00f3n de su pedido.<\/li>\n<li>Al realizar un pedido a trav\u00e9s de esta p\u00e1gina usted declara ser mayor de 18 a\u00f1os y tener capacidad legal para celebrar contratos.<\/li>\n<\/ul>\n<ol>\n<li><strong>PROPIEDAD INTELECTUAL<\/strong><\/li>\n<\/ol>\n<p>Todas las marcas, nombres comerciales o signos distintivos de cualquier clase que aparezcan en el portal son propiedad de TODO EN CAMA, sin que pueda entenderse que el uso o acceso al portal y\/o los servicios atribuya al usuario derecho alguno sobre las citadas marcas, nombres comerciales, o signos distintivos.<\/p>\n<ol>\n<li><strong>PRECIO Y PAGO<\/strong><\/li>\n<\/ol>\n<p>El precio de cada producto ser\u00e1 el que www. todoencama.com\u00a0 establezca en cada momento en la p\u00e1gina web, aunque no estamos exentos de que puedan darse errores de forma puntual. En el caso de detectarlo nos pondr\u00edamos en contacto con usted lo antes posible para ofrecerle la informaci\u00f3n correcta y as\u00ed decidir si desea el pedido con el precio correcto o de lo contrario anularlo.<\/p>\n<p>En el caso de haber abonado el producto y desear anularlo, el departamento financiero proceder\u00e1 al abono del importe satisfecho por el medio que estime oportuno, nunca en met\u00e1lico.<\/p>\n<p>En el caso de no haber realizado ning\u00fan abono por elegir la opci\u00f3n pago por transferencia o contrareembolso nos limitaremos a anular el pedido sin abono de ninguna cantidad.<\/p>\n<p>Todo en cama no estar\u00e1 obligada a suministrarle ning\u00fan producto al precio inferior incorrecto incluso auque usted haya recibido el mensaje de confirmaci\u00f3n del pedido, siempre que el error sea de f\u00e1cil e inequivoco reconocimiento por usted como precio incorrecto.<\/p>\n<p>Los precios publicados en esta p\u00e1gina incluyen IVA y transporte\u00a0 dentro de la pen\u00ednsula. Cada producto tiene la informaci\u00f3n del producto y precio incluido el transporte dentro de la pen\u00ednsula. En caso de solicitar montaje debe consultar antes de realizar el pedido para informarles sobre la cobertura y portes en cada caso que deber\u00e1 abonar adicional al precio del producto.<\/p>\n<p>Las opciones de pago son Paypal, transferencia bancaria\u00a0 o financiaci\u00f3n a trav\u00e9s de nuestro tel\u00e9fono de contacto.<\/p>\n<ol>\n<li><strong>PLAZO DE ENTREGA<\/strong><\/li>\n<\/ol>\n<p>El plazo de entrega puede oscilar dependiendo de la naturaleza del producto\u00a0 de 3\u00a0 a 20 dias laborables. El plazo aproximado es informado en la descripci\u00f3n de cada producto de nuestra p\u00e1gina.<\/p>\n<ul>\n<li>Pedidos servicio general:<\/li>\n<\/ul>\n<p>Los canapes se entregar\u00e1n en un plazo de 10\u00a0 a 20 d\u00edas laborables contados desde que su pedido sale de nuestras instalaciones a traves de la empresa de transportes especializada siempre que se trate de medidas standar. En caso de que el producto tenga una medida especial le informaremos sobre el plazo de entrega. El servicio incluye subida al domicilio y montaje del mismo dentro de la Comunidad Valenciana. Consultar precios de portes para env\u00edos fuera de la Comunidad Valenciana.<\/p>\n<p>Los plazos de entrega son estimados y pueden verse alterados por causas ajenas a TODO EN CAMA. En este caso le mantendr\u00edamos informado.<\/p>\n<p>No se considerar\u00e1 incumplimiento en la entrega si el pedido ha sido retrasado a voluntad del cliente o si no pudi\u00e9semos localizar al comprador con los datos que nos ha facilitado.<\/p>\n<p><strong>IMPORTANTE TENER EN CUENTA :\u00a0 PEDIDOS REALIZADOS ENTRE EL\u00a0 01\/08\/2017\u00a0 AL\u00a0 02\/09\/2017\u00a0<\/strong> tendr\u00e1n retrasos en la entrega, por lo que no se cumplir\u00e1n los plazos de entrega generales\u00a0 que aparecen en este anexo. Se mantendr\u00e1 informado al cliente sobre la fecha de entrega efectiva de su pedido. Puede comunicarse antes de realizar el pedido al telefono 963558127 para consultarlo. En caso de realizar el pedido durante este intervalo nos pondremos en contacto con usted para avisarle sobre el periodo de entrega.<\/p>\n<ol>\n<li><strong>AMBITO DE VENTA<\/strong><\/li>\n<\/ol>\n<p>Toda Espa\u00f1a Peninsular.<\/p>\n<ol>\n<li><strong>GESTION Y TRAMITACION DE PEDIDOS<\/strong><\/li>\n<\/ol>\n<p>La empresa gestionar\u00e1 los pedidos realizados a traves de la p\u00e1gina y se gestionaran el mismo d\u00eda siempre que el pago se realice en d\u00eda laborable.<\/p>\n<p>El plazo de entrega contar\u00e1 desde que el pedido sale de los almacenes y\u00a0 variar\u00e1 seg\u00fan la localidad y naturaleza del art\u00edculo objeto de la compra.<\/p>\n<p><strong>IMPORTANTE : Durante el mes de Octubre<\/strong> <strong>de cada a\u00f1o<\/strong> se producir\u00e1n modificaciones en todos los colchones publicados en esta p\u00e1gina debido a cambio de temporada por parte del fabricante Por ello puede darse el caso que el cliente realice un pedido y el colch\u00f3n elegido no sea exactamente el que aparece en la foto, sino con cambio en dise\u00f1o de la nueva temporada (nuevo tejido ) y calidades mejoradas.\u00a0 Esto ocurrir\u00e1 hasta agotar el stock de cada colch\u00f3n. En este caso se notificar\u00e1 al cliente una vez haya realizado el pedido para informarle sobre los cambios en caso de agotarse el stock actual del colch\u00f3n elegido, de forma que puede decidir si quiere seguir con el pedido o anularlo por esta raz\u00f3n.<\/p>\n<ol>\n<li><strong>MANIPULACION Y PORTES.<\/strong><\/li>\n<\/ol>\n<p>El porte del env\u00edo de material para cualquiler art\u00edculo tiene un incremento de 8\u20ac si el pedido no supera los 100\u20ac. Los portes del transporte est\u00e1n incluidos en el precio del producto dentro de la pen\u00ednsula.\u00a0 Para pedidos fuera de la Comunidad Valenciana el precio de<strong> montaje<\/strong> deber\u00e1 ser consultado previamente.<\/p>\n<p>De esta forma en Todocama no asume ningun servicio extra, que si fuese necesario ser\u00e1 a cargo del cliente.<\/p>\n<p>La mercanc\u00eda enviada de transporte\u00a0 se entregar\u00e1 dentro del horario laboral (excepto Sabados,Domingos y Festivos nacionales y locales ) y establecido por la delegaci\u00f3n correspondiente en su zona (no se concreta horario exacto).<\/p>\n<p>Si desean un horario determinado deber\u00e1 comunicarlo a\u00a0 Todo encama antes de que el env\u00edo del pedido se haya realizado.<\/p>\n<p>La mercanc\u00eda ser\u00e1 entregada y NO INCLUYE retirada de colchoner\u00eda\u00a0 usada y tampoco desmontaje de muebles propiedad del cliente.<\/p>\n<p><strong>RECLAMACIONES POR DA\u00d1OS EN TRANSPORTE.<\/strong><\/p>\n<p>Deben ser notificadas a la empresa dentro de las 24 horas siguientes a la recepci\u00f3n de la mercanc\u00eda de forma que la reclamaci\u00f3n pueda ser atendida y subsanada.<\/p>\n<p>Por defectos de fabricaci\u00f3n ver apartado garant\u00edas<\/p>\n<ol>\n<li><strong>ENTREGA DE LOS PRODUCTOS<\/strong><\/li>\n<\/ol>\n<p>Se enviaran los pedidos en los plazos de entrega establecidos anteriormente, pero debe tener en cuenta que este plazo puede verse aumentado por las siguientes circunstancias:<\/p>\n<p>-Pedidos personalizados o a medida. Se informara al cliente los plazos de entrega.<\/p>\n<p>-Circunstancias puntuales. Por circunstancias de disponibilidad de ciertos productos esto podr\u00eda variar ocasionando retraso en la entrega que ser\u00e1 informada.<\/p>\n<p>-En funci\u00f3n de los d\u00edas de entrega en algunas zonas de reparto, que depender\u00e1 de la Delegaci\u00f3n del transporte.<\/p>\n<p>Si el domicilio de entrega es una zona de carga y descarga limitada ha de informarnos para evitar problemas en la entrega. Si no se nos informa con antelaci\u00f3n y desea anular el pedido el cliente se har\u00e1 cargo de los gastos del transporte que genere la devoluci\u00f3n del producto y aquellos que se hayan tenido a causa de la fabricaci\u00f3n del pedido (colchones, productos a medida, tapizados\u2026).<\/p>\n<p>La entrega del producto por la empresa de transporte no realizar\u00e1 entregas en altura (fachada o patios interiores). Ser\u00e1 responsabilidad del cliente comprobar\u00a0 que los art\u00edculos pueden entregarse correctamente por el servicio de transporte.<\/p>\n<p>El servicio de transporte intentara realizar la entrega un m\u00e1ximo de 15 d\u00edas.<\/p>\n<p>Si pasados 10 d\u00edas no pudieramos contactar con el cliente para fijar una soluci\u00f3n se entenderia que desea desistir del contrato, y en el plazo de 30 d\u00edas se le efectuaria la devoluci\u00f3n del precio abonado descontando los gastos generados por la resoluci\u00f3n del contrato.<\/p>\n<p>En los casos en que no se puede cumplir con los plazos de entrega le informaremos antes de que la mercanc\u00eda salga de las instalaciones para que usted pueda decidir si desea continuar con el pedido o anularlo procediendo al reembolso en caso de haberlo realizado.<\/p>\n<p>La entrega y la firma una vez entregada la mercanc\u00eda supondr\u00e1 su aceptaci\u00f3n.<\/p>\n<p><strong>IMPORTANTE TENER EN CUENTA :\u00a0 PEDIDOS REALIZADOS ENTRE EL\u00a0 01\/08\/2017\u00a0 AL\u00a0 02\/09\/2017\u00a0<\/strong> tendr\u00e1n retrasos en la entrega, por lo que no se cumplir\u00e1n los plazos de entrega generales\u00a0 que aparecen en este anexo. Se mantendr\u00e1 informado al cliente sobre la fecha de entrega efectiva de su pedido. Puede comunicarse antes de realizar el pedido al telefono 963558127 para consultarlo. En caso de realizar el pedido durante este intervalo nos pondremos en contacto con usted para avisarle sobre el periodo de entrega.<\/p>\n<ol>\n<li><strong>GARANTIA<\/strong><\/li>\n<\/ol>\n<p>En el caso de no quedar satisfecho con la mercanc\u00eda recibida el cliente puede optar por anular el pedido (en este caso deber\u00e1 hacerse cargo de los gastos de transporte) o por la sustituci\u00f3n del mismo por otros productos de la misma categor\u00eda y medidas, siempre que se realice en un plazo m\u00e1ximo de 14 dias naturales a la recepci\u00f3n del mismo.<\/p>\n<p>En este caso debe comunicarlo al correo <a href=\"mailto:adm.todoencama@gmail.com\">adm.todoencama@gmail.com<\/a>, y enviar soporte en imagen de que el pedido esta en perfecto estado (debe estar en su embalaje original y no haber sido usado) y enviarnos factura original de compra para que podamos tramitarlo.<\/p>\n<p><strong><u>Cobertura<\/u><\/strong><\/p>\n<p>En caso de que la mercanc\u00eda recibida tenga defectos de fabricaci\u00f3n, \u00e9sta quedar\u00e1 cubierta con la garant\u00eda y deber\u00e1 comunicarlo al correo <a href=\"mailto:adm.todoencama@gmail.com\">adm.todoencama@gmail.com<\/a> , enviando la factura de compra y los soportes en imagen que se soliciten.<\/p>\n<p>En el caso que efectivamente sea defecto de fabricaci\u00f3n todoencama se hara cargo de la reparaci\u00f3n o sustituci\u00f3n sin cargo del producto.<\/p>\n<p>Tal decisi\u00f3n sera tomada por Todoencama como empresa profesional atendiendo al producto en cuesti\u00f3n.<\/p>\n<p>Debe tener en cuenta que:<\/p>\n<p>-Los colchones de latex no se pueden poner sobre bases tapizadas, canap\u00e9 con tapa o que lleven protectores que impidan su transpiraci\u00f3n.<\/p>\n<p>-Los colchones viscoelasticos podran usarse sobre somier de laminas, bases o canapes que se encuentren en buen estado. Sobre otros soportes podria impedir la aireaci\u00f3n del mismo y no quedaria cubierto por la garant\u00eda del colch\u00f3n.<\/p>\n<p>&nbsp;<\/p>\n<p><strong><u>Normas de uso:<\/u><\/strong><\/p>\n<p>-Los colchones de l\u00e1tex, viscoel\u00e1sticos o de espuma pueden enrollarse sin que esto perjudique en la calidad, prestaci\u00f3n o caracter\u00edsticas del colch\u00f3n. Deben ser abiertos un d\u00eda despu\u00e9s a la recepci\u00f3n, en caso contrario la empresa no se hace responsable de los da\u00f1os ocasionados si se omite esta indicaci\u00f3n.<\/p>\n<p>-Las bases en mala condici\u00f3n perjudicaran las caracter\u00edsticas del colch\u00f3n.<\/p>\n<p>-Es recomendable cambiar de posici\u00f3n el colch\u00f3n cada mes.<\/p>","protected":false},"excerpt":{"rendered":"<p>T\u00e9rminos y Condiciones Informaci\u00f3n sobre las condiciones de compra en www.todoencama.com : plazo de entrega, porte, formas de pago, incidencias, garant\u00edas de satisfacci\u00f3n y \u00e1mbito de venta. INTRODUCCION Las condiciones&#8230;<\/p>","protected":false},"author":2,"featured_media":0,"parent":0,"menu_order":0,"comment_status":"closed","ping_status":"closed","template":"","meta":{"footnotes":""},"class_list":["post-3504","page","type-page","status-publish"],"yoast_head":"<!-- This site is optimized with the Yoast SEO plugin v26.1.1 - https:\/\/yoast.com\/wordpress\/plugins\/seo\/ -->\n<title>T\u00e9rminos y Condiciones - Todo en Cama | Venta Online de colchones, somieres y canap\u00e8s<\/title>\n<meta name=\"robots\" content=\"index, follow, max-snippet:-1, max-image-preview:large, max-video-preview:-1\" \/>\n<link rel=\"canonical\" href=\"https:\/\/todoencama.com\/en\/terminos-y-condiciones\/\" \/>\n<meta property=\"og:locale\" content=\"en_GB\" \/>\n<meta property=\"og:type\" content=\"article\" \/>\n<meta property=\"og:title\" content=\"T\u00e9rminos y Condiciones - Todo en Cama | Venta Online de colchones, somieres y canap\u00e8s\" \/>\n<meta property=\"og:description\" content=\"T\u00e9rminos y Condiciones Informaci\u00f3n sobre las condiciones de compra en www.todoencama.com : plazo de entrega, porte, formas de pago, incidencias, garant\u00edas de satisfacci\u00f3n y \u00e1mbito de venta. INTRODUCCION Las condiciones...\" \/>\n<meta property=\"og:url\" content=\"https:\/\/todoencama.com\/en\/terminos-y-condiciones\/\" \/>\n<meta property=\"og:site_name\" content=\"Todo en Cama | Venta Online de colchones, somieres y canap\u00e8s\" \/>\n<meta property=\"article:modified_time\" content=\"2025-03-14T12:20:04+00:00\" \/>\n<meta name=\"twitter:card\" content=\"summary_large_image\" \/>\n<meta name=\"twitter:label1\" content=\"Estimated reading time\" \/>\n\t<meta name=\"twitter:data1\" content=\"9 minutes\" \/>\n<script type=\"application\/ld+json\" class=\"yoast-schema-graph\">{\"@context\":\"https:\/\/schema.org\",\"@graph\":[{\"@type\":\"WebPage\",\"@id\":\"https:\/\/todoencama.com\/terminos-y-condiciones\/\",\"url\":\"https:\/\/todoencama.com\/terminos-y-condiciones\/\",\"name\":\"T\u00e9rminos y Condiciones - Todo en Cama | Venta Online de colchones, somieres y canap\u00e8s\",\"isPartOf\":{\"@id\":\"https:\/\/todoencama.com\/#website\"},\"datePublished\":\"2017-04-18T10:29:40+00:00\",\"dateModified\":\"2025-03-14T12:20:04+00:00\",\"breadcrumb\":{\"@id\":\"https:\/\/todoencama.com\/terminos-y-condiciones\/#breadcrumb\"},\"inLanguage\":\"en-GB\",\"potentialAction\":[{\"@type\":\"ReadAction\",\"target\":[\"https:\/\/todoencama.com\/terminos-y-condiciones\/\"]}]},{\"@type\":\"BreadcrumbList\",\"@id\":\"https:\/\/todoencama.com\/terminos-y-condiciones\/#breadcrumb\",\"itemListElement\":[{\"@type\":\"ListItem\",\"position\":1,\"name\":\"Portada\",\"item\":\"https:\/\/todoencama.com\/\"},{\"@type\":\"ListItem\",\"position\":2,\"name\":\"T\u00e9rminos y Condiciones\"}]},{\"@type\":\"WebSite\",\"@id\":\"https:\/\/todoencama.com\/#website\",\"url\":\"https:\/\/todoencama.com\/\",\"name\":\"Todo en Cama | Venta Online de colchones, somieres y canap\u00e8s\",\"description\":\"Tienda de colchones de l\u00e1tex y viscoel\u00e1sticos, almohadas, somieres, bases tapizadas\",\"potentialAction\":[{\"@type\":\"SearchAction\",\"target\":{\"@type\":\"EntryPoint\",\"urlTemplate\":\"https:\/\/todoencama.com\/?s={search_term_string}\"},\"query-input\":{\"@type\":\"PropertyValueSpecification\",\"valueRequired\":true,\"valueName\":\"search_term_string\"}}],\"inLanguage\":\"en-GB\"}]}<\/script>\n<!-- \/ Yoast SEO plugin. -->","yoast_head_json":{"title":"T\u00e9rminos y Condiciones - Todo en Cama | Venta Online de colchones, somieres y canap\u00e8s","robots":{"index":"index","follow":"follow","max-snippet":"max-snippet:-1","max-image-preview":"max-image-preview:large","max-video-preview":"max-video-preview:-1"},"canonical":"https:\/\/todoencama.com\/en\/terminos-y-condiciones\/","og_locale":"en_GB","og_type":"article","og_title":"T\u00e9rminos y Condiciones - Todo en Cama | Venta Online de colchones, somieres y canap\u00e8s","og_description":"T\u00e9rminos y Condiciones Informaci\u00f3n sobre las condiciones de compra en www.todoencama.com : plazo de entrega, porte, formas de pago, incidencias, garant\u00edas de satisfacci\u00f3n y \u00e1mbito de venta. INTRODUCCION Las condiciones...","og_url":"https:\/\/todoencama.com\/en\/terminos-y-condiciones\/","og_site_name":"Todo en Cama | Venta Online de colchones, somieres y canap\u00e8s","article_modified_time":"2025-03-14T12:20:04+00:00","twitter_card":"summary_large_image","twitter_misc":{"Estimated reading time":"9 minutes"},"schema":{"@context":"https:\/\/schema.org","@graph":[{"@type":"WebPage","@id":"https:\/\/todoencama.com\/terminos-y-condiciones\/","url":"https:\/\/todoencama.com\/terminos-y-condiciones\/","name":"T\u00e9rminos y Condiciones - Todo en Cama | Venta Online de colchones, somieres y canap\u00e8s","isPartOf":{"@id":"https:\/\/todoencama.com\/#website"},"datePublished":"2017-04-18T10:29:40+00:00","dateModified":"2025-03-14T12:20:04+00:00","breadcrumb":{"@id":"https:\/\/todoencama.com\/terminos-y-condiciones\/#breadcrumb"},"inLanguage":"en-GB","potentialAction":[{"@type":"ReadAction","target":["https:\/\/todoencama.com\/terminos-y-condiciones\/"]}]},{"@type":"BreadcrumbList","@id":"https:\/\/todoencama.com\/terminos-y-condiciones\/#breadcrumb","itemListElement":[{"@type":"ListItem","position":1,"name":"Portada","item":"https:\/\/todoencama.com\/"},{"@type":"ListItem","position":2,"name":"T\u00e9rminos y Condiciones"}]},{"@type":"WebSite","@id":"https:\/\/todoencama.com\/#website","url":"https:\/\/todoencama.com\/","name":"Todo en Cama | Venta Online de colchones, somieres y canap\u00e8s","description":"Tienda de colchones de l\u00e1tex y viscoel\u00e1sticos, almohadas, somieres, bases tapizadas","potentialAction":[{"@type":"SearchAction","target":{"@type":"EntryPoint","urlTemplate":"https:\/\/todoencama.com\/?s={search_term_string}"},"query-input":{"@type":"PropertyValueSpecification","valueRequired":true,"valueName":"search_term_string"}}],"inLanguage":"en-GB"}]}},"_links":{"self":[{"href":"https:\/\/todoencama.com\/en\/wp-json\/wp\/v2\/pages\/3504","targetHints":{"allow":["GET"]}}],"collection":[{"href":"https:\/\/todoencama.com\/en\/wp-json\/wp\/v2\/pages"}],"about":[{"href":"https:\/\/todoencama.com\/en\/wp-json\/wp\/v2\/types\/page"}],"author":[{"embeddable":true,"href":"https:\/\/todoencama.com\/en\/wp-json\/wp\/v2\/users\/2"}],"replies":[{"embeddable":true,"href":"https:\/\/todoencama.com\/en\/wp-json\/wp\/v2\/comments?post=3504"}],"version-history":[{"count":1,"href":"https:\/\/todoencama.com\/en\/wp-json\/wp\/v2\/pages\/3504\/revisions"}],"predecessor-version":[{"id":6336,"href":"https:\/\/todoencama.com\/en\/wp-json\/wp\/v2\/pages\/3504\/revisions\/6336"}],"wp:attachment":[{"href":"https:\/\/todoencama.com\/en\/wp-json\/wp\/v2\/media?parent=3504"}],"curies":[{"name":"wp","href":"https:\/\/api.w.org\/{rel}","templated":true}]}}