{"id":3501,"date":"2017-04-18T10:20:41","date_gmt":"2017-04-18T10:20:41","guid":{"rendered":"https:\/\/todoencama.modozenit.es\/?page_id=3501"},"modified":"2025-03-14T12:20:34","modified_gmt":"2025-03-14T12:20:34","slug":"politica-de-privacidad","status":"publish","type":"page","link":"https:\/\/todoencama.com\/en\/politica-de-privacidad\/","title":{"rendered":"Pol\u00edtica de privacidad"},"content":{"rendered":"<h1>Pol\u00edtica de privacidad<\/h1>\n<p style=\"text-align: justify;\">Todoencama pone en conocimiento del usuario que el env\u00edo de datos personales es obligatorio para contactar y recibir informaci\u00f3n sobre los productos y servicios prestados por la empresa. Si estos datos no se facilitan no podr\u00e1 suscribirse, registrarse o recibir informaci\u00f3n por parte de la empresa.<br \/>\nInformamos que Todoencama posee ficheros automatizados de car\u00e1cter personal de los datos aportados a trav\u00e9s de la pagina, inscritos en el Registro de Protecci\u00f3n de Datos que tiene por objeto el env\u00edo de informaci\u00f3n a cerca de los productos y servicios de la empresa y participar en le proceso de gesti\u00f3n, mantenimiento y facturaci\u00f3n que se realice de los clientes.<br \/>\nLos usuarios deben responder con veracidad, exactitud, vigencia y autenticidad de los datos personales facilitados y se compromete a mantenerlos actualizados.<\/p>\n<p style=\"text-align: justify;\"><strong>CESION DE DATOS A TERCEROS<\/strong><br \/>\nTodoencama no ceder\u00e1 los datos personales a terceros, y en el caso de hacerlo se solicitar\u00eda un consentimiento por parte del usuario.<\/p>\n<p style=\"text-align: justify;\"><strong>DERECHOS DE ACCESO, RECTIFICACION, CANCELACION Y OPOSICION<\/strong><br \/>\nPodr\u00e1 ejercitar dichos derechos a traves de <strong>comercial.todoencama@gmail.com<\/strong> junto una prueba v\u00e1lida en derecho como fotocopia del D.N.I.<br \/>\nPodr\u00e1 tambien darse de baja en nuestros boletines de informaci\u00f3n y promociones con el fin de dejar de recibir informaci\u00f3n de nuestras promociones y descuentos.<\/p>","protected":false},"excerpt":{"rendered":"<p>Pol\u00edtica de privacidad Todoencama pone en conocimiento del usuario que el env\u00edo de datos personales es obligatorio para contactar y recibir informaci\u00f3n sobre los productos y servicios prestados por la&#8230;<\/p>","protected":false},"author":2,"featured_media":0,"parent":0,"menu_order":0,"comment_status":"closed","ping_status":"closed","template":"","meta":{"footnotes":""},"class_list":["post-3501","page","type-page","status-publish"],"yoast_head":"<!-- This site is optimized with the Yoast SEO plugin v26.1.1 - https:\/\/yoast.com\/wordpress\/plugins\/seo\/ -->\n<title>Pol\u00edtica de privacidad - Todo en Cama | Venta Online de colchones, somieres y canap\u00e8s<\/title>\n<meta name=\"robots\" content=\"index, follow, max-snippet:-1, max-image-preview:large, max-video-preview:-1\" \/>\n<link rel=\"canonical\" href=\"https:\/\/todoencama.com\/en\/politica-de-privacidad\/\" \/>\n<meta property=\"og:locale\" content=\"en_GB\" \/>\n<meta property=\"og:type\" content=\"article\" \/>\n<meta property=\"og:title\" content=\"Pol\u00edtica de privacidad - Todo en Cama | Venta Online de colchones, somieres y canap\u00e8s\" \/>\n<meta property=\"og:description\" content=\"Pol\u00edtica de privacidad Todoencama pone en conocimiento del usuario que el env\u00edo de datos personales es obligatorio para contactar y recibir informaci\u00f3n sobre los productos y servicios prestados por la...\" \/>\n<meta property=\"og:url\" content=\"https:\/\/todoencama.com\/en\/politica-de-privacidad\/\" \/>\n<meta property=\"og:site_name\" content=\"Todo en Cama | Venta Online de colchones, somieres y canap\u00e8s\" \/>\n<meta property=\"article:modified_time\" content=\"2025-03-14T12:20:34+00:00\" \/>\n<meta name=\"twitter:card\" content=\"summary_large_image\" \/>\n<meta name=\"twitter:label1\" content=\"Estimated reading time\" \/>\n\t<meta name=\"twitter:data1\" content=\"1 minute\" \/>\n<script type=\"application\/ld+json\" class=\"yoast-schema-graph\">{\"@context\":\"https:\/\/schema.org\",\"@graph\":[{\"@type\":\"WebPage\",\"@id\":\"https:\/\/todoencama.com\/politica-de-privacidad\/\",\"url\":\"https:\/\/todoencama.com\/politica-de-privacidad\/\",\"name\":\"Pol\u00edtica de privacidad - Todo en Cama | Venta Online de colchones, somieres y canap\u00e8s\",\"isPartOf\":{\"@id\":\"https:\/\/todoencama.com\/#website\"},\"datePublished\":\"2017-04-18T10:20:41+00:00\",\"dateModified\":\"2025-03-14T12:20:34+00:00\",\"breadcrumb\":{\"@id\":\"https:\/\/todoencama.com\/politica-de-privacidad\/#breadcrumb\"},\"inLanguage\":\"en-GB\",\"potentialAction\":[{\"@type\":\"ReadAction\",\"target\":[\"https:\/\/todoencama.com\/politica-de-privacidad\/\"]}]},{\"@type\":\"BreadcrumbList\",\"@id\":\"https:\/\/todoencama.com\/politica-de-privacidad\/#breadcrumb\",\"itemListElement\":[{\"@type\":\"ListItem\",\"position\":1,\"name\":\"Portada\",\"item\":\"https:\/\/todoencama.com\/\"},{\"@type\":\"ListItem\",\"position\":2,\"name\":\"Pol\u00edtica de privacidad\"}]},{\"@type\":\"WebSite\",\"@id\":\"https:\/\/todoencama.com\/#website\",\"url\":\"https:\/\/todoencama.com\/\",\"name\":\"Todo en Cama | Venta Online de colchones, somieres y canap\u00e8s\",\"description\":\"Tienda de colchones de l\u00e1tex y viscoel\u00e1sticos, almohadas, somieres, bases tapizadas\",\"potentialAction\":[{\"@type\":\"SearchAction\",\"target\":{\"@type\":\"EntryPoint\",\"urlTemplate\":\"https:\/\/todoencama.com\/?s={search_term_string}\"},\"query-input\":{\"@type\":\"PropertyValueSpecification\",\"valueRequired\":true,\"valueName\":\"search_term_string\"}}],\"inLanguage\":\"en-GB\"}]}<\/script>\n<!-- \/ Yoast SEO plugin. -->","yoast_head_json":{"title":"Pol\u00edtica de privacidad - Todo en Cama | Venta Online de colchones, somieres y canap\u00e8s","robots":{"index":"index","follow":"follow","max-snippet":"max-snippet:-1","max-image-preview":"max-image-preview:large","max-video-preview":"max-video-preview:-1"},"canonical":"https:\/\/todoencama.com\/en\/politica-de-privacidad\/","og_locale":"en_GB","og_type":"article","og_title":"Pol\u00edtica de privacidad - Todo en Cama | Venta Online de colchones, somieres y canap\u00e8s","og_description":"Pol\u00edtica de privacidad Todoencama pone en conocimiento del usuario que el env\u00edo de datos personales es obligatorio para contactar y recibir informaci\u00f3n sobre los productos y servicios prestados por la...","og_url":"https:\/\/todoencama.com\/en\/politica-de-privacidad\/","og_site_name":"Todo en Cama | Venta Online de colchones, somieres y canap\u00e8s","article_modified_time":"2025-03-14T12:20:34+00:00","twitter_card":"summary_large_image","twitter_misc":{"Estimated reading time":"1 minute"},"schema":{"@context":"https:\/\/schema.org","@graph":[{"@type":"WebPage","@id":"https:\/\/todoencama.com\/politica-de-privacidad\/","url":"https:\/\/todoencama.com\/politica-de-privacidad\/","name":"Pol\u00edtica de privacidad - Todo en Cama | Venta Online de colchones, somieres y canap\u00e8s","isPartOf":{"@id":"https:\/\/todoencama.com\/#website"},"datePublished":"2017-04-18T10:20:41+00:00","dateModified":"2025-03-14T12:20:34+00:00","breadcrumb":{"@id":"https:\/\/todoencama.com\/politica-de-privacidad\/#breadcrumb"},"inLanguage":"en-GB","potentialAction":[{"@type":"ReadAction","target":["https:\/\/todoencama.com\/politica-de-privacidad\/"]}]},{"@type":"BreadcrumbList","@id":"https:\/\/todoencama.com\/politica-de-privacidad\/#breadcrumb","itemListElement":[{"@type":"ListItem","position":1,"name":"Portada","item":"https:\/\/todoencama.com\/"},{"@type":"ListItem","position":2,"name":"Pol\u00edtica de privacidad"}]},{"@type":"WebSite","@id":"https:\/\/todoencama.com\/#website","url":"https:\/\/todoencama.com\/","name":"Todo en Cama | Venta Online de colchones, somieres y canap\u00e8s","description":"Tienda de colchones de l\u00e1tex y viscoel\u00e1sticos, almohadas, somieres, bases tapizadas","potentialAction":[{"@type":"SearchAction","target":{"@type":"EntryPoint","urlTemplate":"https:\/\/todoencama.com\/?s={search_term_string}"},"query-input":{"@type":"PropertyValueSpecification","valueRequired":true,"valueName":"search_term_string"}}],"inLanguage":"en-GB"}]}},"_links":{"self":[{"href":"https:\/\/todoencama.com\/en\/wp-json\/wp\/v2\/pages\/3501","targetHints":{"allow":["GET"]}}],"collection":[{"href":"https:\/\/todoencama.com\/en\/wp-json\/wp\/v2\/pages"}],"about":[{"href":"https:\/\/todoencama.com\/en\/wp-json\/wp\/v2\/types\/page"}],"author":[{"embeddable":true,"href":"https:\/\/todoencama.com\/en\/wp-json\/wp\/v2\/users\/2"}],"replies":[{"embeddable":true,"href":"https:\/\/todoencama.com\/en\/wp-json\/wp\/v2\/comments?post=3501"}],"version-history":[{"count":1,"href":"https:\/\/todoencama.com\/en\/wp-json\/wp\/v2\/pages\/3501\/revisions"}],"predecessor-version":[{"id":6338,"href":"https:\/\/todoencama.com\/en\/wp-json\/wp\/v2\/pages\/3501\/revisions\/6338"}],"wp:attachment":[{"href":"https:\/\/todoencama.com\/en\/wp-json\/wp\/v2\/media?parent=3501"}],"curies":[{"name":"wp","href":"https:\/\/api.w.org\/{rel}","templated":true}]}}