{"id":3484,"date":"2017-04-12T10:18:47","date_gmt":"2017-04-12T10:18:47","guid":{"rendered":"https:\/\/todoencama.modozenit.es\/?page_id=3484"},"modified":"2025-03-14T12:16:25","modified_gmt":"2025-03-14T12:16:25","slug":"contacto","status":"publish","type":"page","link":"https:\/\/todoencama.com\/en\/contacto\/","title":{"rendered":"Contacto"},"content":{"rendered":"<div id=\"fws_69f4dd089e61c\"  data-br=\"custom\" data-br-applies=\"bg\" data-column-margin=\"default\" data-midnight=\"light\"  class=\"wpb_row vc_row-fluid vc_row  tl_br_25px tr_br_25px bl_br_25px br_br_25px bottom_margin_20px zindex-set\"  style=\"padding-top: 0px; padding-bottom: 0px;  z-index: 1000;\"><div class=\"row-bg-wrap\" data-bg-animation=\"none\" data-bg-animation-delay=\"\" data-bg-overlay=\"false\"><div class=\"inner-wrap row-bg-layer\" ><div class=\"row-bg viewport-desktop using-bg-color\"  style=\"background-color: #a7428f; \"><\/div><\/div><\/div><div class=\"row_col_wrap_12 col span_12 light left\">\n\t<div  class=\"vc_col-sm-12 wpb_column column_container vc_column_container col el_spacing_20px left_padding_desktop_30px top_padding_desktop_30px right_padding_desktop_30px bottom_padding_desktop_30px\"  data-padding-pos=\"all\" data-has-bg-color=\"false\" data-bg-color=\"\" data-bg-opacity=\"1\" data-animation=\"\" data-delay=\"0\" >\n\t\t<div class=\"vc_column-inner\" >\n\t\t\t<div class=\"wpb_wrapper\">\n\t\t\t\t<div class=\"divider-wrap\" data-alignment=\"default\"><div style=\"height: 4vw;\" class=\"divider\"><\/div><\/div><div id=\"fws_69f4dd089f00d\" data-midnight=\"\" data-column-margin=\"default\" class=\"wpb_row vc_row-fluid vc_row inner_row\"  style=\"\"><div class=\"row-bg-wrap\"> <div class=\"row-bg\" ><\/div> <\/div><div class=\"row_col_wrap_12_inner col span_12  left\">\n\t<div  class=\"vc_col-sm-12 wpb_column column_container vc_column_container col child_column no-extra-padding column_element_direction_desktop_horizontal force-desktop-text-align-center column_element_direction_tablet_horizontal column_element_direction_phone_horizontal el_spacing_10px inherit_tablet inherit_phone\"   data-padding-pos=\"all\" data-has-bg-color=\"false\" data-bg-color=\"\" data-bg-opacity=\"1\" data-animation=\"\" data-delay=\"0\" >\n\t\t<div class=\"vc_column-inner\" >\n\t\t<div class=\"wpb_wrapper\">\n\t\t\t<div class=\"nectar_icon_wrap  nectar-pulsate\" data-style=\"default\" data-padding=\"0px\" data-color=\"accent-color\" style=\"\" >\n\t\t<div class=\"nectar_icon icon_color_custom_55c91c\" ><i style=\"font-size: 8px; line-height: 8px; height: 8px; width: 8px;\" class=\"\"><\/i><\/div>\n\t<\/div><div class=\"nectar-responsive-text nectar-link-underline-effect\" style=\"color: #ffffff;\" data-inherit-heading-family=\"h5\"><p>Disponibles de Lunes a Viernes de: 10:00\u201314:00 y de 17:00\u201320:00<\/p>\n<\/div>\n\t\t<\/div> \n\t<\/div>\n\t<\/div> \n<\/div><\/div><div id=\"fws_69f4dd089f9b3\" data-midnight=\"\" data-column-margin=\"default\" class=\"wpb_row vc_row-fluid vc_row inner_row\"  style=\"\"><div class=\"row-bg-wrap\"> <div class=\"row-bg\" ><\/div> <\/div><div class=\"row_col_wrap_12_inner col span_12  left\">\n\t<div  class=\"vc_col-sm-12 wpb_column column_container vc_column_container col child_column no-extra-padding force-desktop-text-align-center inherit_tablet inherit_phone\"   data-padding-pos=\"all\" data-has-bg-color=\"false\" data-bg-color=\"\" data-bg-opacity=\"1\" data-animation=\"\" data-delay=\"0\" >\n\t\t<div class=\"vc_column-inner\" >\n\t\t<div class=\"wpb_wrapper\">\n\t\t\t<div class=\"nectar-cta  alignment_tablet_default alignment_phone_default display_tablet_inherit display_phone_inherit font_size_desktop_7vw font_size_phone_10vw font_size_max_130px\" data-color=\"default\" data-using-bg=\"false\" data-style=\"text-reveal\" data-display=\"block\" data-alignment=\"left\" data-text-color=\"std\" ><h2><span class=\"link_wrap\" ><a  class=\"link_text\" role=\"button\" href=\"mailto:hello@themenectar.com\"><span class=\"text nectar-text-reveal-button__text\"data-text=\"CONT\u00c1CTANOS\">CONT\u00c1CTANOS<\/span><\/a><\/span><\/h2><\/div>\n\t\t<\/div> \n\t<\/div>\n\t<\/div> \n<\/div><\/div><div class=\"divider-wrap\" data-alignment=\"default\"><div style=\"height: 3vw;\" class=\"divider\"><\/div><\/div>\n\t\t\t<\/div> \n\t\t<\/div>\n\t<\/div> \n<\/div><\/div>\n\t\t<div id=\"fws_69f4dd08a087c\"  data-column-margin=\"default\" data-midnight=\"dark\" data-top-percent=\"4%\" data-bottom-percent=\"4%\"  class=\"wpb_row vc_row-fluid vc_row vc_row-o-equal-height vc_row-flex  right_padding_5pct left_padding_5pct\"  style=\"padding-top: calc(100vw * 0.04); padding-bottom: calc(100vw * 0.04); \"><div class=\"row-bg-wrap\" data-bg-animation=\"none\" data-bg-animation-delay=\"\" data-bg-overlay=\"false\"><div class=\"inner-wrap row-bg-layer\" ><div class=\"row-bg viewport-desktop\"  style=\"\"><\/div><\/div><\/div><div class=\"row_col_wrap_12 col span_12 dark left\">\n\t<div  class=\"vc_col-sm-6 wpb_column column_container vc_column_container col no-extra-padding inherit_tablet inherit_phone\"  data-padding-pos=\"all\" data-has-bg-color=\"false\" data-bg-color=\"\" data-bg-opacity=\"1\" data-animation=\"\" data-delay=\"0\" >\n\t\t<div class=\"vc_column-inner\" >\n\t\t\t<div class=\"wpb_wrapper\">\n\t\t\t\t<div id=\"fws_69f4dd08a10b7\" data-midnight=\"\" data-column-margin=\"default\" class=\"wpb_row vc_row-fluid vc_row inner_row\"  style=\"\"><div class=\"row-bg-wrap\"> <div class=\"row-bg\" ><\/div> <\/div><div class=\"row_col_wrap_12_inner col span_12  left\">\n\t<div  class=\"vc_col-sm-12 wpb_column column_container vc_column_container col child_column column_element_direction_desktop_horizontal force-desktop-text-align-left el_spacing_10px border_top_desktop_1px border_color_a7428f border_style_solid top_padding_desktop_4pct\"   data-padding-pos=\"all\" data-has-bg-color=\"false\" data-bg-color=\"\" data-bg-opacity=\"1\" data-animation=\"\" data-delay=\"0\" >\n\t\t<div class=\"vc_column-inner\" ><a class=\"column-link\" target=\"_blank\" href=\"https:\/\/maps.app.goo.gl\/qZAxNv2AmnQKTFQu5\"><\/a>\n\t\t<div class=\"wpb_wrapper\">\n\t\t\t<div class=\"nectar_icon_wrap\" data-style=\"default\" data-padding=\"20px\" data-color=\"extra-color-1\" style=\"\" >\n\t\t<div class=\"nectar_icon\" ><span class=\"im-icon-wrap\" data-color=\"extra-color-1\" style=\"height: 24px; width: 24px;\"><span><svg role=\"presentation\" version=\"1.1\" xmlns=\"http:\/\/www.w3.org\/2000\/svg\" width=\"24\" height=\"24\" viewbox=\"0 0 32 32\">\n        <path d=\"M16 32c-0.104 0-0.207-0.027-0.303-0.073-0.532-0.269-13.031-6.76-13.031-18.483 0-7.539 5.857-13.444 13.333-13.444s13.333 5.905 13.333 13.444c0 11.723-12.5 18.213-13.031 18.483-0.096 0.047-0.199 0.073-0.303 0.073zM16 1.333c-6.729 0-12 5.32-12 12.111 0 9.925 10.107 16.067 12 17.129 1.893-1.063 12-7.203 12-17.129 0-6.791-5.271-12.111-12-12.111zM16 14.667c-2.205 0-4-1.795-4-4s1.795-4 4-4c2.205 0 4 1.795 4 4s-1.795 4-4 4zM16 8c-1.471 0-2.667 1.196-2.667 2.667s1.196 2.667 2.667 2.667c1.472 0 2.667-1.196 2.667-2.667s-1.195-2.667-2.667-2.667z\"><\/path>\n        <\/svg><\/span><\/span><\/div>\n\t<\/div>\n<div class=\"wpb_text_column wpb_content_element\" >\n\t<div class=\"wpb_wrapper\">\n\t\t<h5>DIRECCI\u00d3N<br \/>\nC\/ Garbi n\u00ba 23,\u00a0 bajo derecha, 46015 Valencia<\/h5>\n\t<\/div>\n<\/div>\n\n\n\n\n\t\t<\/div> \n\t<\/div>\n\t<\/div> \n<\/div><\/div><div id=\"fws_69f4dd08a2181\" data-midnight=\"\" data-column-margin=\"default\" class=\"wpb_row vc_row-fluid vc_row inner_row\"  style=\"\"><div class=\"row-bg-wrap\"> <div class=\"row-bg\" ><\/div> <\/div><div class=\"row_col_wrap_12_inner col span_12  left\">\n\t<div  class=\"vc_col-sm-12 wpb_column column_container vc_column_container col child_column column_element_direction_desktop_horizontal force-desktop-text-align-left el_spacing_10px border_top_desktop_1px border_color_a7428f border_style_solid top_padding_desktop_4pct\"   data-padding-pos=\"all\" data-has-bg-color=\"false\" data-bg-color=\"\" data-bg-opacity=\"1\" data-animation=\"\" data-delay=\"0\" >\n\t\t<div class=\"vc_column-inner\" ><a class=\"column-link\" target=\"_blank\" href=\"mailto:comercial.todoencama@gmail.com\"><\/a>\n\t\t<div class=\"wpb_wrapper\">\n\t\t\t<div class=\"nectar_icon_wrap\" data-style=\"default\" data-padding=\"20px\" data-color=\"extra-color-1\" style=\"\" >\n\t\t<div class=\"nectar_icon\" ><span class=\"im-icon-wrap\" data-color=\"extra-color-1\" style=\"height: 24px; width: 24px;\"><span><svg role=\"presentation\" version=\"1.1\" xmlns=\"http:\/\/www.w3.org\/2000\/svg\" width=\"24\" height=\"24\" viewbox=\"0 0 32 32\">\n        <path d=\"M31.333 26h-30.667c-0.368 0-0.667-0.3-0.667-0.667v-18.667c0-0.367 0.299-0.667 0.667-0.667h30.667c0.367 0 0.667 0.3 0.667 0.667v18.667c0 0.367-0.3 0.667-0.667 0.667zM1.333 24.667h29.333v-17.333h-29.333v17.333zM16 19.445c-0.144 0-0.291-0.047-0.413-0.143l-12-9.476c-0.289-0.231-0.337-0.648-0.111-0.937 0.228-0.288 0.648-0.337 0.937-0.111l12 9.479c0.289 0.229 0.336 0.645 0.111 0.935-0.133 0.168-0.328 0.253-0.524 0.253zM16 19.445c-0.197 0-0.392-0.085-0.524-0.252-0.228-0.291-0.179-0.705 0.111-0.935l12-9.479c0.291-0.227 0.708-0.177 0.937 0.111 0.229 0.291 0.18 0.707-0.109 0.936l-12 9.476c-0.124 0.096-0.269 0.143-0.415 0.143zM4 23.033c-0.231 0-0.456-0.121-0.579-0.333-0.184-0.319-0.073-0.727 0.247-0.913l9.333-5.361c0.32-0.185 0.727-0.075 0.911 0.248 0.184 0.319 0.073 0.727-0.247 0.912l-9.333 5.361c-0.105 0.060-0.219 0.087-0.332 0.087zM28 23.033c-0.112 0-0.227-0.028-0.332-0.087l-9.333-5.361c-0.319-0.187-0.428-0.591-0.247-0.913 0.183-0.32 0.588-0.431 0.911-0.249l9.333 5.361c0.319 0.184 0.428 0.591 0.247 0.912-0.124 0.221-0.348 0.337-0.579 0.337z\"><\/path>\n        <\/svg><\/span><\/span><\/div>\n\t<\/div>\n<div class=\"wpb_text_column wpb_content_element\" >\n\t<div class=\"wpb_wrapper\">\n\t\t<h5>email<br \/>\n<a href=\"mailto:comercial.todoencama@gmail.com\">comercial.todoencama@gmail.com<\/a><\/h5>\n\t<\/div>\n<\/div>\n\n\n\n\n\t\t<\/div> \n\t<\/div>\n\t<\/div> \n<\/div><\/div><div id=\"fws_69f4dd08a2dd3\" data-midnight=\"\" data-column-margin=\"default\" class=\"wpb_row vc_row-fluid vc_row inner_row\"  style=\"\"><div class=\"row-bg-wrap\"> <div class=\"row-bg\" ><\/div> <\/div><div class=\"row_col_wrap_12_inner col span_12  left\">\n\t<div  class=\"vc_col-sm-12 wpb_column column_container vc_column_container col child_column column_element_direction_desktop_horizontal force-desktop-text-align-left el_spacing_10px border_top_desktop_1px border_bottom_desktop_1px border_color_a7428f border_style_solid top_padding_desktop_4pct bottom_padding_desktop_4pct\"   data-padding-pos=\"all\" data-has-bg-color=\"false\" data-bg-color=\"\" data-bg-opacity=\"1\" data-animation=\"\" data-delay=\"0\" >\n\t\t<div class=\"vc_column-inner\" ><a class=\"column-link\" target=\"_blank\" href=\"tel:+34963 558 127\"><\/a>\n\t\t<div class=\"wpb_wrapper\">\n\t\t\t<div class=\"nectar_icon_wrap\" data-style=\"default\" data-padding=\"20px\" data-color=\"extra-color-1\" style=\"\" >\n\t\t<div class=\"nectar_icon\" ><span class=\"im-icon-wrap\" data-color=\"extra-color-1\" style=\"height: 24px; width: 24px;\"><span><svg role=\"presentation\" version=\"1.1\" xmlns=\"http:\/\/www.w3.org\/2000\/svg\" width=\"24\" height=\"24\" viewbox=\"0 0 32 32\">\n        <path d=\"M18.667 32c-5.327 0-10-7.473-10-16 0-8.524 4.673-16 10-16 0.367 0 0.667 0.299 0.667 0.667s-0.3 0.667-0.667 0.667c-4.099 0-8.667 6.024-8.667 14.667s4.568 14.667 8.667 14.667c0.367 0 0.667 0.3 0.667 0.667s-0.3 0.667-0.667 0.667zM18.667 22.667c-2.832 0-6-2.852-6-6.667s3.168-6.667 6-6.667c0.367 0 0.667 0.299 0.667 0.667s-0.3 0.667-0.667 0.667c-2.159 0-4.667 2.329-4.667 5.333s2.508 5.333 4.667 5.333c0.367 0 0.667 0.3 0.667 0.667s-0.3 0.667-0.667 0.667zM20.667 32h-2c-0.367 0-0.667-0.3-0.667-0.667v-9.333c0-0.367 0.3-0.667 0.667-0.667h2c1.472 0 2.667 1.197 2.667 2.667v5.333c0 1.472-1.195 2.667-2.667 2.667zM19.333 30.667h1.333c0.735 0 1.333-0.597 1.333-1.333v-5.333c0-0.736-0.599-1.333-1.333-1.333h-1.333v8zM20.667 10.667h-2c-0.367 0-0.667-0.299-0.667-0.667v-9.333c0-0.368 0.3-0.667 0.667-0.667h2c1.472 0 2.667 1.197 2.667 2.667v5.333c0 1.471-1.195 2.667-2.667 2.667zM19.333 9.333h1.333c0.735 0 1.333-0.597 1.333-1.333v-5.333c0-0.736-0.599-1.333-1.333-1.333h-1.333v8z\"><\/path>\n        <\/svg><\/span><\/span><\/div>\n\t<\/div>\n<div class=\"wpb_text_column wpb_content_element\" >\n\t<div class=\"wpb_wrapper\">\n\t\t<h5>Tel\u00e9fono<br \/>\n963 558 127<\/h5>\n\t<\/div>\n<\/div>\n\n\n\n\n\t\t<\/div> \n\t<\/div>\n\t<\/div> \n<\/div><\/div>\n\t\t\t<\/div> \n\t\t<\/div>\n\t<\/div> \n\n\t<div style=\"\" class=\"vc_col-sm-6 contacto-derecha wpb_column column_container vc_column_container col padding-4-percent inherit_tablet inherit_phone\" data-using-bg=\"true\" data-border-radius=\"20px\" data-padding-pos=\"all\" data-has-bg-color=\"true\" data-bg-color=\"#3c96ae\" data-bg-opacity=\"1\" data-animation=\"\" data-delay=\"0\" >\n\t\t<div class=\"vc_column-inner\" ><a class=\"column-link\" target=\"_blank\" href=\"https:\/\/maps.app.goo.gl\/qZAxNv2AmnQKTFQu5\"><\/a><div class=\"column-bg-overlay-wrap column-bg-layer\" data-bg-animation=\"none\"><div class=\"column-bg-overlay\" style=\"opacity: 1; background-color: #3c96ae;\"><\/div><\/div>\n\t\t\t<div class=\"wpb_wrapper\">\n\t\t\t\t<div id=\"map_69f4dd08a415d\" style=\"height: 400px;\" class=\"nectar-leaflet-map\" data-infowindow-start-open=\"\" data-dark-color-scheme=\"\" data-marker-style=\"nectar\" data-nectar-marker-color=\"extra-color-2\" data-ultra-flat=\"\" data-greyscale=\"1\" data-extra-color=\"\" data-enable-animation=\"false\" data-enable-zoom=\"\" data-zoom-level=\"16\" data-center-lat=\"39.49157\" data-center-lng=\"-0.3982\" data-marker-img=\"\"><\/div><div class=\"map_69f4dd08a415d map-marker-list\"><div class=\"map-marker\" data-marker-image-width=\"50\" data-marker-image-height=\"50\" data-lat=\"39.49157 \" data-lng=\" -0.3982\" data-mapinfo=\"\"><\/div><\/div>\n\t\t\t<\/div> \n\t\t<\/div>\n\t<\/div> \n<\/div><\/div>","protected":false},"excerpt":{"rendered":"Disponibles de Lunes a Viernes de: 10:00\u201314:00 y de 17:00\u201320:00 CONT\u00c1CTANOS DIRECCI\u00d3N C\/ Garbi n\u00ba 23,\u00a0 bajo derecha, 46015 Valencia email comercial.todoencama@gmail.com Tel\u00e9fono 963 558 127","protected":false},"author":2,"featured_media":0,"parent":0,"menu_order":0,"comment_status":"closed","ping_status":"closed","template":"","meta":{"footnotes":""},"class_list":["post-3484","page","type-page","status-publish"],"yoast_head":"<!-- This site is optimized with the Yoast SEO plugin v26.1.1 - https:\/\/yoast.com\/wordpress\/plugins\/seo\/ -->\n<title>Contacto - Todo en Cama | Venta Online de colchones, somieres y canap\u00e8s<\/title>\n<meta name=\"robots\" content=\"index, follow, max-snippet:-1, max-image-preview:large, max-video-preview:-1\" \/>\n<link rel=\"canonical\" href=\"https:\/\/todoencama.com\/en\/contacto\/\" \/>\n<meta property=\"og:locale\" content=\"en_GB\" \/>\n<meta property=\"og:type\" content=\"article\" \/>\n<meta property=\"og:title\" content=\"Contacto - Todo en Cama | Venta Online de colchones, somieres y canap\u00e8s\" \/>\n<meta property=\"og:url\" content=\"https:\/\/todoencama.com\/en\/contacto\/\" \/>\n<meta property=\"og:site_name\" content=\"Todo en Cama | Venta Online de colchones, somieres y canap\u00e8s\" \/>\n<meta property=\"article:modified_time\" content=\"2025-03-14T12:16:25+00:00\" \/>\n<meta name=\"twitter:card\" content=\"summary_large_image\" \/>\n<meta name=\"twitter:label1\" content=\"Estimated reading time\" \/>\n\t<meta name=\"twitter:data1\" content=\"1 minute\" \/>\n<script type=\"application\/ld+json\" class=\"yoast-schema-graph\">{\"@context\":\"https:\/\/schema.org\",\"@graph\":[{\"@type\":\"WebPage\",\"@id\":\"https:\/\/todoencama.com\/contacto\/\",\"url\":\"https:\/\/todoencama.com\/contacto\/\",\"name\":\"Contacto - Todo en Cama | Venta Online de colchones, somieres y canap\u00e8s\",\"isPartOf\":{\"@id\":\"https:\/\/todoencama.com\/#website\"},\"datePublished\":\"2017-04-12T10:18:47+00:00\",\"dateModified\":\"2025-03-14T12:16:25+00:00\",\"breadcrumb\":{\"@id\":\"https:\/\/todoencama.com\/contacto\/#breadcrumb\"},\"inLanguage\":\"en-GB\",\"potentialAction\":[{\"@type\":\"ReadAction\",\"target\":[\"https:\/\/todoencama.com\/contacto\/\"]}]},{\"@type\":\"BreadcrumbList\",\"@id\":\"https:\/\/todoencama.com\/contacto\/#breadcrumb\",\"itemListElement\":[{\"@type\":\"ListItem\",\"position\":1,\"name\":\"Portada\",\"item\":\"https:\/\/todoencama.com\/\"},{\"@type\":\"ListItem\",\"position\":2,\"name\":\"Contacto\"}]},{\"@type\":\"WebSite\",\"@id\":\"https:\/\/todoencama.com\/#website\",\"url\":\"https:\/\/todoencama.com\/\",\"name\":\"Todo en Cama | Venta Online de colchones, somieres y canap\u00e8s\",\"description\":\"Tienda de colchones de l\u00e1tex y viscoel\u00e1sticos, almohadas, somieres, bases tapizadas\",\"potentialAction\":[{\"@type\":\"SearchAction\",\"target\":{\"@type\":\"EntryPoint\",\"urlTemplate\":\"https:\/\/todoencama.com\/?s={search_term_string}\"},\"query-input\":{\"@type\":\"PropertyValueSpecification\",\"valueRequired\":true,\"valueName\":\"search_term_string\"}}],\"inLanguage\":\"en-GB\"}]}<\/script>\n<!-- \/ Yoast SEO plugin. -->","yoast_head_json":{"title":"Contacto - Todo en Cama | Venta Online de colchones, somieres y canap\u00e8s","robots":{"index":"index","follow":"follow","max-snippet":"max-snippet:-1","max-image-preview":"max-image-preview:large","max-video-preview":"max-video-preview:-1"},"canonical":"https:\/\/todoencama.com\/en\/contacto\/","og_locale":"en_GB","og_type":"article","og_title":"Contacto - Todo en Cama | Venta Online de colchones, somieres y canap\u00e8s","og_url":"https:\/\/todoencama.com\/en\/contacto\/","og_site_name":"Todo en Cama | Venta Online de colchones, somieres y canap\u00e8s","article_modified_time":"2025-03-14T12:16:25+00:00","twitter_card":"summary_large_image","twitter_misc":{"Estimated reading time":"1 minute"},"schema":{"@context":"https:\/\/schema.org","@graph":[{"@type":"WebPage","@id":"https:\/\/todoencama.com\/contacto\/","url":"https:\/\/todoencama.com\/contacto\/","name":"Contacto - Todo en Cama | Venta Online de colchones, somieres y canap\u00e8s","isPartOf":{"@id":"https:\/\/todoencama.com\/#website"},"datePublished":"2017-04-12T10:18:47+00:00","dateModified":"2025-03-14T12:16:25+00:00","breadcrumb":{"@id":"https:\/\/todoencama.com\/contacto\/#breadcrumb"},"inLanguage":"en-GB","potentialAction":[{"@type":"ReadAction","target":["https:\/\/todoencama.com\/contacto\/"]}]},{"@type":"BreadcrumbList","@id":"https:\/\/todoencama.com\/contacto\/#breadcrumb","itemListElement":[{"@type":"ListItem","position":1,"name":"Portada","item":"https:\/\/todoencama.com\/"},{"@type":"ListItem","position":2,"name":"Contacto"}]},{"@type":"WebSite","@id":"https:\/\/todoencama.com\/#website","url":"https:\/\/todoencama.com\/","name":"Todo en Cama | Venta Online de colchones, somieres y canap\u00e8s","description":"Tienda de colchones de l\u00e1tex y viscoel\u00e1sticos, almohadas, somieres, bases tapizadas","potentialAction":[{"@type":"SearchAction","target":{"@type":"EntryPoint","urlTemplate":"https:\/\/todoencama.com\/?s={search_term_string}"},"query-input":{"@type":"PropertyValueSpecification","valueRequired":true,"valueName":"search_term_string"}}],"inLanguage":"en-GB"}]}},"_links":{"self":[{"href":"https:\/\/todoencama.com\/en\/wp-json\/wp\/v2\/pages\/3484","targetHints":{"allow":["GET"]}}],"collection":[{"href":"https:\/\/todoencama.com\/en\/wp-json\/wp\/v2\/pages"}],"about":[{"href":"https:\/\/todoencama.com\/en\/wp-json\/wp\/v2\/types\/page"}],"author":[{"embeddable":true,"href":"https:\/\/todoencama.com\/en\/wp-json\/wp\/v2\/users\/2"}],"replies":[{"embeddable":true,"href":"https:\/\/todoencama.com\/en\/wp-json\/wp\/v2\/comments?post=3484"}],"version-history":[{"count":8,"href":"https:\/\/todoencama.com\/en\/wp-json\/wp\/v2\/pages\/3484\/revisions"}],"predecessor-version":[{"id":6328,"href":"https:\/\/todoencama.com\/en\/wp-json\/wp\/v2\/pages\/3484\/revisions\/6328"}],"wp:attachment":[{"href":"https:\/\/todoencama.com\/en\/wp-json\/wp\/v2\/media?parent=3484"}],"curies":[{"name":"wp","href":"https:\/\/api.w.org\/{rel}","templated":true}]}}