{"id":12,"date":"2024-12-23T13:22:25","date_gmt":"2024-12-23T13:22:25","guid":{"rendered":"https:\/\/todoencama.com\/index.php\/carrito\/"},"modified":"2025-01-08T14:56:22","modified_gmt":"2025-01-08T14:56:22","slug":"carrito","status":"publish","type":"page","link":"https:\/\/todoencama.com\/en\/carrito\/","title":{"rendered":"Carrito"},"content":{"rendered":"<div data-block-name=\"woocommerce\/cart\" class=\"wp-block-woocommerce-cart alignwide is-loading\">\n<div data-block-name=\"woocommerce\/filled-cart-block\" class=\"wp-block-woocommerce-filled-cart-block\">\n<div data-block-name=\"woocommerce\/cart-items-block\" class=\"wp-block-woocommerce-cart-items-block\">\n<div data-block-name=\"woocommerce\/cart-line-items-block\" class=\"wp-block-woocommerce-cart-line-items-block\"><\/div>\n\n\n\n<div data-block-name=\"woocommerce\/cart-cross-sells-block\" class=\"wp-block-woocommerce-cart-cross-sells-block\">\n<h2 class=\"wp-block-heading has-large-font-size\">Puede que te interese\u2026<\/h2>\n\n\n\n<div data-block-name=\"woocommerce\/cart-cross-sells-products-block\" class=\"wp-block-woocommerce-cart-cross-sells-products-block\"><\/div>\n<\/div>\n<\/div>\n\n\n\n<div data-block-name=\"woocommerce\/cart-totals-block\" class=\"wp-block-woocommerce-cart-totals-block\">\n<div data-block-name=\"woocommerce\/cart-order-summary-block\" class=\"wp-block-woocommerce-cart-order-summary-block\">\n<div data-block-name=\"woocommerce\/cart-order-summary-heading-block\" class=\"wp-block-woocommerce-cart-order-summary-heading-block\"><\/div><div data-block-name=\"woocommerce\/cart-order-summary-coupon-form-block\" class=\"wp-block-woocommerce-cart-order-summary-coupon-form-block\"><\/div><div data-block-name=\"woocommerce\/cart-order-summary-totals-block\" class=\"wp-block-woocommerce-cart-order-summary-totals-block\">\n<div data-block-name=\"woocommerce\/cart-order-summary-subtotal-block\" class=\"wp-block-woocommerce-cart-order-summary-subtotal-block\"><\/div>\n<div data-block-name=\"woocommerce\/cart-order-summary-discount-block\" class=\"wp-block-woocommerce-cart-order-summary-discount-block\"><\/div>\n<div data-block-name=\"woocommerce\/cart-order-summary-fee-block\" class=\"wp-block-woocommerce-cart-order-summary-fee-block\"><\/div>\n<div data-block-name=\"woocommerce\/cart-order-summary-shipping-block\" class=\"wp-block-woocommerce-cart-order-summary-shipping-block\"><\/div>\n<div data-block-name=\"woocommerce\/cart-order-summary-taxes-block\" class=\"wp-block-woocommerce-cart-order-summary-taxes-block\"><\/div><\/div>\n<\/div>\n\n\n\n<div data-block-name=\"woocommerce-paypal-payments\/cart-paylater-messages\" data-pp-placement=\"cart\" data-pp-style-layout=\"text\" data-pp-style-logo-position=\"\" data-pp-style-logo-type=\"\" data-pp-style-text-color=\"\" data-pp-style-text-size=\"\" id=\"ppcp-cart-paylater-messages\" class=\"ppcp-messages\" data-partner-attribution-id=\"Woo_PPCP\"><\/div><div data-block-name=\"woocommerce\/cart-express-payment-block\" class=\"wp-block-woocommerce-cart-express-payment-block\"><\/div>\n\n\n\n<div data-block-name=\"woocommerce\/proceed-to-checkout-block\" class=\"wp-block-woocommerce-proceed-to-checkout-block\"><\/div>\n\n\n\n<div data-block-name=\"woocommerce\/cart-accepted-payment-methods-block\" class=\"wp-block-woocommerce-cart-accepted-payment-methods-block\"><\/div>\n<\/div>\n<\/div>\n\n\n\n<div data-block-name=\"woocommerce\/empty-cart-block\" class=\"wp-block-woocommerce-empty-cart-block\">\n<h2 class=\"wp-block-heading has-text-align-center with-empty-cart-icon wc-block-cart__empty-cart__title\">\u00a1Tu carrito est\u00e1 actualmente vac\u00edo!<\/h2>\n\n\n\n<hr class=\"wp-block-separator has-alpha-channel-opacity is-style-dots\"\/>\n\n\n\n<h2 class=\"wp-block-heading has-text-align-center\">Nuevo en la tienda<\/h2>\n\n\n<div data-block-name=\"woocommerce\/product-new\" data-columns=\"4\" data-rows=\"1\" class=\"wc-block-grid wp-block-product-new wp-block-woocommerce-product-new wc-block-product-new has-4-columns\"><ul class=\"wc-block-grid__products\"><li class=\"wc-block-grid__product\">\n\t\t\t\t<a href=\"https:\/\/todoencama.com\/en\/product\/almohada-junior\/\" class=\"wc-block-grid__product-link\">\n\t\t\t\t\t\n\t\t\t\t\t<div class=\"wc-block-grid__product-image\"><img loading=\"lazy\" decoding=\"async\" width=\"600\" height=\"600\" src=\"https:\/\/todoencama.com\/wp-content\/uploads\/2025\/10\/almohada-junior-tienda-especializada-en-colchones-canapes-somieres-y-todo-tipo-de-complementos-para-el-descanso-canape-brisa-valencia-600x600-1.jpg\" class=\"attachment-woocommerce_thumbnail size-woocommerce_thumbnail\" alt=\"Almohada Junior\" srcset=\"https:\/\/todoencama.com\/wp-content\/uploads\/2025\/10\/almohada-junior-tienda-especializada-en-colchones-canapes-somieres-y-todo-tipo-de-complementos-para-el-descanso-canape-brisa-valencia-600x600-1.jpg 600w, https:\/\/todoencama.com\/wp-content\/uploads\/2025\/10\/almohada-junior-tienda-especializada-en-colchones-canapes-somieres-y-todo-tipo-de-complementos-para-el-descanso-canape-brisa-valencia-600x600-1-300x300.jpg 300w, https:\/\/todoencama.com\/wp-content\/uploads\/2025\/10\/almohada-junior-tienda-especializada-en-colchones-canapes-somieres-y-todo-tipo-de-complementos-para-el-descanso-canape-brisa-valencia-600x600-1-150x150.jpg 150w, https:\/\/todoencama.com\/wp-content\/uploads\/2025\/10\/almohada-junior-tienda-especializada-en-colchones-canapes-somieres-y-todo-tipo-de-complementos-para-el-descanso-canape-brisa-valencia-600x600-1-12x12.jpg 12w, https:\/\/todoencama.com\/wp-content\/uploads\/2025\/10\/almohada-junior-tienda-especializada-en-colchones-canapes-somieres-y-todo-tipo-de-complementos-para-el-descanso-canape-brisa-valencia-600x600-1-140x140.jpg 140w, https:\/\/todoencama.com\/wp-content\/uploads\/2025\/10\/almohada-junior-tienda-especializada-en-colchones-canapes-somieres-y-todo-tipo-de-complementos-para-el-descanso-canape-brisa-valencia-600x600-1-500x500.jpg 500w, https:\/\/todoencama.com\/wp-content\/uploads\/2025\/10\/almohada-junior-tienda-especializada-en-colchones-canapes-somieres-y-todo-tipo-de-complementos-para-el-descanso-canape-brisa-valencia-600x600-1-32x32.jpg 32w\" sizes=\"auto, (max-width: 600px) 100vw, 600px\" \/><\/div>\n\t\t\t\t\t<div class=\"wc-block-grid__product-title\">Almohada Junior<\/div>\n\t\t\t\t<\/a>\n\t\t\t\t<div class=\"wc-block-grid__product-price price\"><span class=\"woocommerce-Price-amount amount\" aria-hidden=\"true\">21,00&nbsp;<span class=\"woocommerce-Price-currencySymbol\">&euro;<\/span><\/span> <span aria-hidden=\"true\">&ndash;<\/span> <span class=\"woocommerce-Price-amount amount\" aria-hidden=\"true\">27,00&nbsp;<span class=\"woocommerce-Price-currencySymbol\">&euro;<\/span><\/span><span class=\"screen-reader-text\" data-no-translation=\"\" data-trp-gettext=\"\">Price range: 21,00&nbsp;&euro; through 27,00&nbsp;&euro;<\/span><\/div>\n\t\t\t\t\n\t\t\t\t<div class=\"wp-block-button wc-block-grid__product-add-to-cart\"><a href=\"https:\/\/todoencama.com\/en\/product\/almohada-junior\/\" aria-label=\"Select options for \u201cAlmohada Junior\u201d\" data-quantity=\"1\" data-product_id=\"7774\" data-product_sku=\"\" data-price=\"21\" rel=\"nofollow\" class=\"wp-block-button__link  add_to_cart_button\" data-no-translation=\"\" data-trp-gettext=\"\" data-no-translation-aria-label=\"\">Select options<\/a><\/div>\n\t\t\t<\/li><li class=\"wc-block-grid__product\">\n\t\t\t\t<a href=\"https:\/\/todoencama.com\/en\/product\/almohada-fibra-cuna\/\" class=\"wc-block-grid__product-link\">\n\t\t\t\t\t\n\t\t\t\t\t<div class=\"wc-block-grid__product-image\"><img loading=\"lazy\" decoding=\"async\" width=\"600\" height=\"600\" src=\"https:\/\/todoencama.com\/wp-content\/uploads\/2025\/10\/almohada-baby-tienda-especializada-en-colchones-canapes-somieres-y-todo-tipo-de-complementos-para-el-descanso-canape-brisa-valencia-600x600-1.jpg\" class=\"attachment-woocommerce_thumbnail size-woocommerce_thumbnail\" alt=\"Almohada Fibra Cuna\" srcset=\"https:\/\/todoencama.com\/wp-content\/uploads\/2025\/10\/almohada-baby-tienda-especializada-en-colchones-canapes-somieres-y-todo-tipo-de-complementos-para-el-descanso-canape-brisa-valencia-600x600-1.jpg 600w, https:\/\/todoencama.com\/wp-content\/uploads\/2025\/10\/almohada-baby-tienda-especializada-en-colchones-canapes-somieres-y-todo-tipo-de-complementos-para-el-descanso-canape-brisa-valencia-600x600-1-300x300.jpg 300w, https:\/\/todoencama.com\/wp-content\/uploads\/2025\/10\/almohada-baby-tienda-especializada-en-colchones-canapes-somieres-y-todo-tipo-de-complementos-para-el-descanso-canape-brisa-valencia-600x600-1-150x150.jpg 150w, https:\/\/todoencama.com\/wp-content\/uploads\/2025\/10\/almohada-baby-tienda-especializada-en-colchones-canapes-somieres-y-todo-tipo-de-complementos-para-el-descanso-canape-brisa-valencia-600x600-1-12x12.jpg 12w, https:\/\/todoencama.com\/wp-content\/uploads\/2025\/10\/almohada-baby-tienda-especializada-en-colchones-canapes-somieres-y-todo-tipo-de-complementos-para-el-descanso-canape-brisa-valencia-600x600-1-140x140.jpg 140w, https:\/\/todoencama.com\/wp-content\/uploads\/2025\/10\/almohada-baby-tienda-especializada-en-colchones-canapes-somieres-y-todo-tipo-de-complementos-para-el-descanso-canape-brisa-valencia-600x600-1-500x500.jpg 500w, https:\/\/todoencama.com\/wp-content\/uploads\/2025\/10\/almohada-baby-tienda-especializada-en-colchones-canapes-somieres-y-todo-tipo-de-complementos-para-el-descanso-canape-brisa-valencia-600x600-1-32x32.jpg 32w\" sizes=\"auto, (max-width: 600px) 100vw, 600px\" \/><\/div>\n\t\t\t\t\t<div class=\"wc-block-grid__product-title\">Almohada Fibra Cuna<\/div>\n\t\t\t\t<\/a>\n\t\t\t\t<div class=\"wc-block-grid__product-price price\"><span class=\"woocommerce-Price-amount amount\">6,00&nbsp;<span class=\"woocommerce-Price-currencySymbol\">&euro;<\/span><\/span><\/div>\n\t\t\t\t\n\t\t\t\t<div class=\"wp-block-button wc-block-grid__product-add-to-cart\"><a href=\"https:\/\/todoencama.com\/en\/product\/almohada-fibra-cuna\/\" aria-label=\"Select options for \u201cAlmohada Fibra Cuna\u201d\" data-quantity=\"1\" data-product_id=\"7770\" data-product_sku=\"\" data-price=\"6\" rel=\"nofollow\" class=\"wp-block-button__link  add_to_cart_button\" data-no-translation=\"\" data-trp-gettext=\"\" data-no-translation-aria-label=\"\">Select options<\/a><\/div>\n\t\t\t<\/li><li class=\"wc-block-grid__product\">\n\t\t\t\t<a href=\"https:\/\/todoencama.com\/en\/product\/almohada-visco-baby\/\" class=\"wc-block-grid__product-link\">\n\t\t\t\t\t\n\t\t\t\t\t<div class=\"wc-block-grid__product-image\"><img loading=\"lazy\" decoding=\"async\" width=\"600\" height=\"600\" src=\"https:\/\/todoencama.com\/wp-content\/uploads\/2025\/10\/almohada-cuna-visco-mlily-tienda-especializada-en-colchones-canapes-somieres-y-todo-tipo-de-complementos-para-el-descanso-canape-brisa-valencia-600x600-1.jpg\" class=\"attachment-woocommerce_thumbnail size-woocommerce_thumbnail\" alt=\"Almohada Visco Baby\" srcset=\"https:\/\/todoencama.com\/wp-content\/uploads\/2025\/10\/almohada-cuna-visco-mlily-tienda-especializada-en-colchones-canapes-somieres-y-todo-tipo-de-complementos-para-el-descanso-canape-brisa-valencia-600x600-1.jpg 600w, https:\/\/todoencama.com\/wp-content\/uploads\/2025\/10\/almohada-cuna-visco-mlily-tienda-especializada-en-colchones-canapes-somieres-y-todo-tipo-de-complementos-para-el-descanso-canape-brisa-valencia-600x600-1-300x300.jpg 300w, https:\/\/todoencama.com\/wp-content\/uploads\/2025\/10\/almohada-cuna-visco-mlily-tienda-especializada-en-colchones-canapes-somieres-y-todo-tipo-de-complementos-para-el-descanso-canape-brisa-valencia-600x600-1-150x150.jpg 150w, https:\/\/todoencama.com\/wp-content\/uploads\/2025\/10\/almohada-cuna-visco-mlily-tienda-especializada-en-colchones-canapes-somieres-y-todo-tipo-de-complementos-para-el-descanso-canape-brisa-valencia-600x600-1-12x12.jpg 12w, https:\/\/todoencama.com\/wp-content\/uploads\/2025\/10\/almohada-cuna-visco-mlily-tienda-especializada-en-colchones-canapes-somieres-y-todo-tipo-de-complementos-para-el-descanso-canape-brisa-valencia-600x600-1-140x140.jpg 140w, https:\/\/todoencama.com\/wp-content\/uploads\/2025\/10\/almohada-cuna-visco-mlily-tienda-especializada-en-colchones-canapes-somieres-y-todo-tipo-de-complementos-para-el-descanso-canape-brisa-valencia-600x600-1-500x500.jpg 500w, https:\/\/todoencama.com\/wp-content\/uploads\/2025\/10\/almohada-cuna-visco-mlily-tienda-especializada-en-colchones-canapes-somieres-y-todo-tipo-de-complementos-para-el-descanso-canape-brisa-valencia-600x600-1-32x32.jpg 32w\" sizes=\"auto, (max-width: 600px) 100vw, 600px\" \/><\/div>\n\t\t\t\t\t<div class=\"wc-block-grid__product-title\">Almohada Visco Baby<\/div>\n\t\t\t\t<\/a>\n\t\t\t\t<div class=\"wc-block-grid__product-price price\"><span class=\"woocommerce-Price-amount amount\">25,00&nbsp;<span class=\"woocommerce-Price-currencySymbol\">&euro;<\/span><\/span><\/div>\n\t\t\t\t\n\t\t\t\t<div class=\"wp-block-button wc-block-grid__product-add-to-cart\"><a href=\"https:\/\/todoencama.com\/en\/product\/almohada-visco-baby\/\" aria-label=\"Select options for \u201cAlmohada Visco Baby\u201d\" data-quantity=\"1\" data-product_id=\"7767\" data-product_sku=\"\" data-price=\"25\" rel=\"nofollow\" class=\"wp-block-button__link  add_to_cart_button\" data-no-translation=\"\" data-trp-gettext=\"\" data-no-translation-aria-label=\"\">Select options<\/a><\/div>\n\t\t\t<\/li><li class=\"wc-block-grid__product\">\n\t\t\t\t<a href=\"https:\/\/todoencama.com\/en\/product\/almohada-visco-cervical\/\" class=\"wc-block-grid__product-link\">\n\t\t\t\t\t\n\t\t\t\t\t<div class=\"wc-block-grid__product-image\"><img loading=\"lazy\" decoding=\"async\" width=\"600\" height=\"600\" src=\"https:\/\/todoencama.com\/wp-content\/uploads\/2025\/10\/almohada-cervical-mlily-tienda-especializada-en-colchones-canapes-somieres-y-todo-tipo-de-complementos-para-el-descanso-canape-brisa-valencia-600x600-1.jpg\" class=\"attachment-woocommerce_thumbnail size-woocommerce_thumbnail\" alt=\"Almohada Visco Cervical\" srcset=\"https:\/\/todoencama.com\/wp-content\/uploads\/2025\/10\/almohada-cervical-mlily-tienda-especializada-en-colchones-canapes-somieres-y-todo-tipo-de-complementos-para-el-descanso-canape-brisa-valencia-600x600-1.jpg 600w, https:\/\/todoencama.com\/wp-content\/uploads\/2025\/10\/almohada-cervical-mlily-tienda-especializada-en-colchones-canapes-somieres-y-todo-tipo-de-complementos-para-el-descanso-canape-brisa-valencia-600x600-1-300x300.jpg 300w, https:\/\/todoencama.com\/wp-content\/uploads\/2025\/10\/almohada-cervical-mlily-tienda-especializada-en-colchones-canapes-somieres-y-todo-tipo-de-complementos-para-el-descanso-canape-brisa-valencia-600x600-1-150x150.jpg 150w, https:\/\/todoencama.com\/wp-content\/uploads\/2025\/10\/almohada-cervical-mlily-tienda-especializada-en-colchones-canapes-somieres-y-todo-tipo-de-complementos-para-el-descanso-canape-brisa-valencia-600x600-1-12x12.jpg 12w, https:\/\/todoencama.com\/wp-content\/uploads\/2025\/10\/almohada-cervical-mlily-tienda-especializada-en-colchones-canapes-somieres-y-todo-tipo-de-complementos-para-el-descanso-canape-brisa-valencia-600x600-1-140x140.jpg 140w, https:\/\/todoencama.com\/wp-content\/uploads\/2025\/10\/almohada-cervical-mlily-tienda-especializada-en-colchones-canapes-somieres-y-todo-tipo-de-complementos-para-el-descanso-canape-brisa-valencia-600x600-1-500x500.jpg 500w, https:\/\/todoencama.com\/wp-content\/uploads\/2025\/10\/almohada-cervical-mlily-tienda-especializada-en-colchones-canapes-somieres-y-todo-tipo-de-complementos-para-el-descanso-canape-brisa-valencia-600x600-1-32x32.jpg 32w\" sizes=\"auto, (max-width: 600px) 100vw, 600px\" \/><\/div>\n\t\t\t\t\t<div class=\"wc-block-grid__product-title\">Almohada Visco Cervical<\/div>\n\t\t\t\t<\/a>\n\t\t\t\t<div class=\"wc-block-grid__product-price price\"><span class=\"woocommerce-Price-amount amount\">47,00&nbsp;<span class=\"woocommerce-Price-currencySymbol\">&euro;<\/span><\/span><\/div>\n\t\t\t\t\n\t\t\t\t<div class=\"wp-block-button wc-block-grid__product-add-to-cart\"><a href=\"https:\/\/todoencama.com\/en\/product\/almohada-visco-cervical\/\" aria-label=\"Select options for \u201cAlmohada Visco Cervical\u201d\" data-quantity=\"1\" data-product_id=\"7756\" data-product_sku=\"\" data-price=\"47\" rel=\"nofollow\" class=\"wp-block-button__link  add_to_cart_button\" data-no-translation=\"\" data-trp-gettext=\"\" data-no-translation-aria-label=\"\">Select options<\/a><\/div>\n\t\t\t<\/li><\/ul><\/div><\/div>\n<\/div>","protected":false},"excerpt":{"rendered":"Puede que te interese\u2026 \u00a1Tu carrito est\u00e1 actualmente vac\u00edo! Nuevo en la tienda","protected":false},"author":1,"featured_media":0,"parent":0,"menu_order":0,"comment_status":"closed","ping_status":"closed","template":"","meta":{"footnotes":""},"class_list":["post-12","page","type-page","status-publish"],"yoast_head":"<!-- This site is optimized with the Yoast SEO plugin v26.1.1 - https:\/\/yoast.com\/wordpress\/plugins\/seo\/ -->\n<title>Carrito - Todo en Cama | Venta Online de colchones, somieres y canap\u00e8s<\/title>\n<meta name=\"robots\" content=\"index, follow, max-snippet:-1, max-image-preview:large, max-video-preview:-1\" \/>\n<link rel=\"canonical\" href=\"https:\/\/todoencama.com\/en\/carrito\/\" \/>\n<meta property=\"og:locale\" content=\"en_GB\" \/>\n<meta property=\"og:type\" content=\"article\" \/>\n<meta property=\"og:title\" content=\"Carrito - Todo en Cama | Venta Online de colchones, somieres y canap\u00e8s\" \/>\n<meta property=\"og:url\" content=\"https:\/\/todoencama.com\/en\/carrito\/\" \/>\n<meta property=\"og:site_name\" content=\"Todo en Cama | Venta Online de colchones, somieres y canap\u00e8s\" \/>\n<meta property=\"article:modified_time\" content=\"2025-01-08T14:56:22+00:00\" \/>\n<meta name=\"twitter:card\" content=\"summary_large_image\" \/>\n<script type=\"application\/ld+json\" class=\"yoast-schema-graph\">{\"@context\":\"https:\/\/schema.org\",\"@graph\":[{\"@type\":\"WebPage\",\"@id\":\"https:\/\/todoencama.com\/carrito\/\",\"url\":\"https:\/\/todoencama.com\/carrito\/\",\"name\":\"Carrito - Todo en Cama | Venta Online de colchones, somieres y canap\u00e8s\",\"isPartOf\":{\"@id\":\"https:\/\/todoencama.com\/#website\"},\"datePublished\":\"2024-12-23T13:22:25+00:00\",\"dateModified\":\"2025-01-08T14:56:22+00:00\",\"breadcrumb\":{\"@id\":\"https:\/\/todoencama.com\/carrito\/#breadcrumb\"},\"inLanguage\":\"en-GB\",\"potentialAction\":[{\"@type\":\"ReadAction\",\"target\":[\"https:\/\/todoencama.com\/carrito\/\"]}]},{\"@type\":\"BreadcrumbList\",\"@id\":\"https:\/\/todoencama.com\/carrito\/#breadcrumb\",\"itemListElement\":[{\"@type\":\"ListItem\",\"position\":1,\"name\":\"Portada\",\"item\":\"https:\/\/todoencama.com\/\"},{\"@type\":\"ListItem\",\"position\":2,\"name\":\"Carrito\"}]},{\"@type\":\"WebSite\",\"@id\":\"https:\/\/todoencama.com\/#website\",\"url\":\"https:\/\/todoencama.com\/\",\"name\":\"Todo en Cama | Venta Online de colchones, somieres y canap\u00e8s\",\"description\":\"Tienda de colchones de l\u00e1tex y viscoel\u00e1sticos, almohadas, somieres, bases tapizadas\",\"potentialAction\":[{\"@type\":\"SearchAction\",\"target\":{\"@type\":\"EntryPoint\",\"urlTemplate\":\"https:\/\/todoencama.com\/?s={search_term_string}\"},\"query-input\":{\"@type\":\"PropertyValueSpecification\",\"valueRequired\":true,\"valueName\":\"search_term_string\"}}],\"inLanguage\":\"en-GB\"}]}<\/script>\n<!-- \/ Yoast SEO plugin. -->","yoast_head_json":{"title":"Carrito - Todo en Cama | Venta Online de colchones, somieres y canap\u00e8s","robots":{"index":"index","follow":"follow","max-snippet":"max-snippet:-1","max-image-preview":"max-image-preview:large","max-video-preview":"max-video-preview:-1"},"canonical":"https:\/\/todoencama.com\/en\/carrito\/","og_locale":"en_GB","og_type":"article","og_title":"Carrito - Todo en Cama | Venta Online de colchones, somieres y canap\u00e8s","og_url":"https:\/\/todoencama.com\/en\/carrito\/","og_site_name":"Todo en Cama | Venta Online de colchones, somieres y canap\u00e8s","article_modified_time":"2025-01-08T14:56:22+00:00","twitter_card":"summary_large_image","schema":{"@context":"https:\/\/schema.org","@graph":[{"@type":"WebPage","@id":"https:\/\/todoencama.com\/carrito\/","url":"https:\/\/todoencama.com\/carrito\/","name":"Carrito - Todo en Cama | Venta Online de colchones, somieres y canap\u00e8s","isPartOf":{"@id":"https:\/\/todoencama.com\/#website"},"datePublished":"2024-12-23T13:22:25+00:00","dateModified":"2025-01-08T14:56:22+00:00","breadcrumb":{"@id":"https:\/\/todoencama.com\/carrito\/#breadcrumb"},"inLanguage":"en-GB","potentialAction":[{"@type":"ReadAction","target":["https:\/\/todoencama.com\/carrito\/"]}]},{"@type":"BreadcrumbList","@id":"https:\/\/todoencama.com\/carrito\/#breadcrumb","itemListElement":[{"@type":"ListItem","position":1,"name":"Portada","item":"https:\/\/todoencama.com\/"},{"@type":"ListItem","position":2,"name":"Carrito"}]},{"@type":"WebSite","@id":"https:\/\/todoencama.com\/#website","url":"https:\/\/todoencama.com\/","name":"Todo en Cama | Venta Online de colchones, somieres y canap\u00e8s","description":"Tienda de colchones de l\u00e1tex y viscoel\u00e1sticos, almohadas, somieres, bases tapizadas","potentialAction":[{"@type":"SearchAction","target":{"@type":"EntryPoint","urlTemplate":"https:\/\/todoencama.com\/?s={search_term_string}"},"query-input":{"@type":"PropertyValueSpecification","valueRequired":true,"valueName":"search_term_string"}}],"inLanguage":"en-GB"}]}},"_links":{"self":[{"href":"https:\/\/todoencama.com\/en\/wp-json\/wp\/v2\/pages\/12","targetHints":{"allow":["GET"]}}],"collection":[{"href":"https:\/\/todoencama.com\/en\/wp-json\/wp\/v2\/pages"}],"about":[{"href":"https:\/\/todoencama.com\/en\/wp-json\/wp\/v2\/types\/page"}],"author":[{"embeddable":true,"href":"https:\/\/todoencama.com\/en\/wp-json\/wp\/v2\/users\/1"}],"replies":[{"embeddable":true,"href":"https:\/\/todoencama.com\/en\/wp-json\/wp\/v2\/comments?post=12"}],"version-history":[{"count":1,"href":"https:\/\/todoencama.com\/en\/wp-json\/wp\/v2\/pages\/12\/revisions"}],"predecessor-version":[{"id":64,"href":"https:\/\/todoencama.com\/en\/wp-json\/wp\/v2\/pages\/12\/revisions\/64"}],"wp:attachment":[{"href":"https:\/\/todoencama.com\/en\/wp-json\/wp\/v2\/media?parent=12"}],"curies":[{"name":"wp","href":"https:\/\/api.w.org\/{rel}","templated":true}]}}